{"id":983,"date":"2023-01-10T14:13:46","date_gmt":"2023-01-10T13:13:46","guid":{"rendered":"https:\/\/neu.feuerwehr-zirl.at\/?page_id=983"},"modified":"2025-10-22T21:27:20","modified_gmt":"2025-10-22T19:27:20","slug":"jugend","status":"publish","type":"page","link":"https:\/\/ff-woergl.at\/index.php\/ihre-feuerwehr\/jugend\/","title":{"rendered":"Jugend"},"content":{"rendered":"\t\t<div data-elementor-type=\"wp-page\" data-elementor-id=\"983\" class=\"elementor elementor-983\" data-elementor-post-type=\"page\">\n\t\t\t\t\t\t<section class=\"elementor-section elementor-top-section elementor-element elementor-element-1edb45 elementor-section-boxed elementor-section-height-default elementor-section-height-default\" data-id=\"1edb45\" data-element_type=\"section\">\n\t\t\t\t\t\t<div class=\"elementor-container elementor-column-gap-default\">\n\t\t\t\t\t<div class=\"elementor-column elementor-col-100 elementor-top-column elementor-element elementor-element-6be027f\" data-id=\"6be027f\" data-element_type=\"column\">\n\t\t\t<div class=\"elementor-widget-wrap elementor-element-populated\">\n\t\t\t\t\t\t<div class=\"elementor-element elementor-element-159d9b4d elementor-widget elementor-widget-heading\" data-id=\"159d9b4d\" data-element_type=\"widget\" data-widget_type=\"heading.default\">\n\t\t\t\t<div class=\"elementor-widget-container\">\n\t\t\t<h1 class=\"elementor-heading-title elementor-size-default\">FEUERWEHRJUGEND<\/h1>\t\t<\/div>\n\t\t\t\t<\/div>\n\t\t\t\t<div class=\"elementor-element elementor-element-1c63d978 elementor-widget-divider--view-line elementor-widget elementor-widget-divider\" data-id=\"1c63d978\" data-element_type=\"widget\" data-widget_type=\"divider.default\">\n\t\t\t\t<div class=\"elementor-widget-container\">\n\t\t\t\t\t<div class=\"elementor-divider\">\n\t\t\t<span class=\"elementor-divider-separator\">\n\t\t\t\t\t\t<\/span>\n\t\t<\/div>\n\t\t\t\t<\/div>\n\t\t\t\t<\/div>\n\t\t\t\t\t<\/div>\n\t\t<\/div>\n\t\t\t\t\t<\/div>\n\t\t<\/section>\n\t\t\t\t<section class=\"elementor-section elementor-top-section elementor-element elementor-element-7701467 elementor-section-boxed elementor-section-height-default elementor-section-height-default\" data-id=\"7701467\" data-element_type=\"section\">\n\t\t\t\t\t\t<div class=\"elementor-container elementor-column-gap-default\">\n\t\t\t\t\t<div class=\"elementor-column elementor-col-100 elementor-top-column elementor-element elementor-element-114be2e\" data-id=\"114be2e\" data-element_type=\"column\">\n\t\t\t<div class=\"elementor-widget-wrap elementor-element-populated\">\n\t\t\t\t\t\t<div class=\"elementor-element elementor-element-4319576 elementor-widget elementor-widget-text-editor\" data-id=\"4319576\" data-element_type=\"widget\" data-widget_type=\"text-editor.default\">\n\t\t\t\t<div class=\"elementor-widget-container\">\n\t\t\t\t\t\t\t<p style=\"text-align: center;\"><strong>Die Feuerwehrjugend der Stadt W\u00f6rgl war eine der ersten im Bezirk Kufstein und wurde 1985 gegr\u00fcndet. Zur Zeit hat die Jungfeuerwehr eine St\u00e4rke von 15 Mitgliedern. Neben den fast w\u00f6chentlichen Schulungen z\u00e4hlen auch Kameradschaftsabende und Ausfl\u00fcge zur T\u00e4tigkeit der Feuerwehrjugend. Mit dem 16. Lebensjahr werden die Mitglieder dann in den aktiven Einsatzdienst \u00fcberstellt. Bis dahin werden sie bei diversen \u00dcbungen bestens darauf vorbereitet.<\/strong><\/p>\t\t\t\t\t\t<\/div>\n\t\t\t\t<\/div>\n\t\t\t\t<div class=\"elementor-element elementor-element-827b11d elementor-arrows-position-inside elementor-widget elementor-widget-image-carousel\" data-id=\"827b11d\" data-element_type=\"widget\" data-settings=\"{&quot;slides_to_show&quot;:&quot;3&quot;,&quot;navigation&quot;:&quot;arrows&quot;,&quot;autoplay&quot;:&quot;yes&quot;,&quot;pause_on_hover&quot;:&quot;yes&quot;,&quot;pause_on_interaction&quot;:&quot;yes&quot;,&quot;autoplay_speed&quot;:5000,&quot;infinite&quot;:&quot;yes&quot;,&quot;speed&quot;:500}\" data-widget_type=\"image-carousel.default\">\n\t\t\t\t<div class=\"elementor-widget-container\">\n\t\t\t\t\t<div class=\"elementor-image-carousel-wrapper swiper\" dir=\"ltr\">\n\t\t\t<div class=\"elementor-image-carousel swiper-wrapper\" aria-live=\"off\">\n\t\t\t\t\t\t\t\t<div class=\"swiper-slide\" role=\"group\" aria-roledescription=\"slide\" aria-label=\"1 von 7\"><figure class=\"swiper-slide-inner\"><img decoding=\"async\" class=\"swiper-slide-image\" src=\"https:\/\/ff-woergl.at\/wp-content\/uploads\/2023\/11\/IMG_2692-768x512.jpg\" alt=\"IMG_2692\" \/><\/figure><\/div><div class=\"swiper-slide\" role=\"group\" aria-roledescription=\"slide\" aria-label=\"2 von 7\"><figure class=\"swiper-slide-inner\"><img decoding=\"async\" class=\"swiper-slide-image\" src=\"https:\/\/ff-woergl.at\/wp-content\/uploads\/2023\/11\/JOF09509-scaled-e1699992072417-768x513.jpg\" alt=\"JOF09509\" \/><\/figure><\/div><div class=\"swiper-slide\" role=\"group\" aria-roledescription=\"slide\" aria-label=\"3 von 7\"><figure class=\"swiper-slide-inner\"><img decoding=\"async\" class=\"swiper-slide-image\" src=\"https:\/\/ff-woergl.at\/wp-content\/uploads\/2025\/04\/P_FF1524-768x512.jpg\" alt=\"P_FF1524\" \/><\/figure><\/div><div class=\"swiper-slide\" role=\"group\" aria-roledescription=\"slide\" aria-label=\"4 von 7\"><figure class=\"swiper-slide-inner\"><img decoding=\"async\" class=\"swiper-slide-image\" src=\"https:\/\/ff-woergl.at\/wp-content\/uploads\/2023\/11\/IMG_9837-768x512.jpg\" alt=\"IMG_9837\" \/><\/figure><\/div><div class=\"swiper-slide\" role=\"group\" aria-roledescription=\"slide\" aria-label=\"5 von 7\"><figure class=\"swiper-slide-inner\"><img decoding=\"async\" class=\"swiper-slide-image\" src=\"https:\/\/ff-woergl.at\/wp-content\/uploads\/2024\/12\/Gruppenfoto-768x512.jpg\" alt=\"Gruppenfoto\" \/><\/figure><\/div><div class=\"swiper-slide\" role=\"group\" aria-roledescription=\"slide\" aria-label=\"6 von 7\"><figure class=\"swiper-slide-inner\"><img decoding=\"async\" class=\"swiper-slide-image\" src=\"https:\/\/ff-woergl.at\/wp-content\/uploads\/2023\/11\/21-05-15-08-51-07-2574-scaled-e1699991952511-768x513.jpg\" alt=\"21-05-15 08-51-07 2574\" \/><\/figure><\/div><div class=\"swiper-slide\" role=\"group\" aria-roledescription=\"slide\" aria-label=\"7 von 7\"><figure class=\"swiper-slide-inner\"><img decoding=\"async\" class=\"swiper-slide-image\" src=\"https:\/\/ff-woergl.at\/wp-content\/uploads\/2025\/04\/P_FF1522-768x512.jpg\" alt=\"P_FF1522\" \/><\/figure><\/div>\t\t\t<\/div>\n\t\t\t\t\t\t\t\t\t\t\t\t<div class=\"elementor-swiper-button elementor-swiper-button-prev\" role=\"button\" tabindex=\"0\">\n\t\t\t\t\t\t<i aria-hidden=\"true\" class=\"eicon-chevron-left\"><\/i>\t\t\t\t\t<\/div>\n\t\t\t\t\t<div class=\"elementor-swiper-button elementor-swiper-button-next\" role=\"button\" tabindex=\"0\">\n\t\t\t\t\t\t<i aria-hidden=\"true\" class=\"eicon-chevron-right\"><\/i>\t\t\t\t\t<\/div>\n\t\t\t\t\n\t\t\t\t\t\t\t\t\t<\/div>\n\t\t\t\t<\/div>\n\t\t\t\t<\/div>\n\t\t\t\t<div class=\"elementor-element elementor-element-f9740f8 elementor-widget elementor-widget-spacer\" data-id=\"f9740f8\" data-element_type=\"widget\" data-widget_type=\"spacer.default\">\n\t\t\t\t<div class=\"elementor-widget-container\">\n\t\t\t\t\t<div class=\"elementor-spacer\">\n\t\t\t<div class=\"elementor-spacer-inner\"><\/div>\n\t\t<\/div>\n\t\t\t\t<\/div>\n\t\t\t\t<\/div>\n\t\t\t\t\t<\/div>\n\t\t<\/div>\n\t\t\t\t\t<\/div>\n\t\t<\/section>\n\t\t\t\t<section class=\"elementor-section elementor-top-section elementor-element elementor-element-002cd93 elementor-section-boxed elementor-section-height-default elementor-section-height-default\" data-id=\"002cd93\" data-element_type=\"section\" data-settings=\"{&quot;background_background&quot;:&quot;classic&quot;}\">\n\t\t\t\t\t\t<div class=\"elementor-container elementor-column-gap-default\">\n\t\t\t\t\t<div class=\"elementor-column elementor-col-100 elementor-top-column elementor-element elementor-element-6b8770a\" data-id=\"6b8770a\" data-element_type=\"column\" data-settings=\"{&quot;background_background&quot;:&quot;classic&quot;}\">\n\t\t\t<div class=\"elementor-widget-wrap elementor-element-populated\">\n\t\t\t\t\t\t<div class=\"elementor-element elementor-element-a8b14a4 elementor-view-default elementor-position-top elementor-mobile-position-top elementor-widget elementor-widget-icon-box\" data-id=\"a8b14a4\" data-element_type=\"widget\" data-widget_type=\"icon-box.default\">\n\t\t\t\t<div class=\"elementor-widget-container\">\n\t\t\t\t\t<div class=\"elementor-icon-box-wrapper\">\n\n\t\t\t\t\t\t<div class=\"elementor-icon-box-icon\">\n\t\t\t\t<span  class=\"elementor-icon elementor-animation-\">\n\t\t\t\t<i aria-hidden=\"true\" class=\"fas fa-users\"><\/i>\t\t\t\t<\/span>\n\t\t\t<\/div>\n\t\t\t\n\t\t\t\t\t\t<div class=\"elementor-icon-box-content\">\n\n\t\t\t\t\t\t\t\t\t<h1 class=\"elementor-icon-box-title\">\n\t\t\t\t\t\t<span  >\n\t\t\t\t\t\t\tMach mit!\t\t\t\t\t\t<\/span>\n\t\t\t\t\t<\/h1>\n\t\t\t\t\n\t\t\t\t\n\t\t\t<\/div>\n\t\t\t\n\t\t<\/div>\n\t\t\t\t<\/div>\n\t\t\t\t<\/div>\n\t\t\t\t\t<\/div>\n\t\t<\/div>\n\t\t\t\t\t<\/div>\n\t\t<\/section>\n\t\t\t\t<section class=\"elementor-section elementor-top-section elementor-element elementor-element-377a53f elementor-section-boxed elementor-section-height-default elementor-section-height-default\" data-id=\"377a53f\" data-element_type=\"section\" data-settings=\"{&quot;background_background&quot;:&quot;classic&quot;}\">\n\t\t\t\t\t\t<div class=\"elementor-container elementor-column-gap-default\">\n\t\t\t\t\t<div class=\"elementor-column elementor-col-50 elementor-top-column elementor-element elementor-element-46765b1\" data-id=\"46765b1\" data-element_type=\"column\" data-settings=\"{&quot;background_background&quot;:&quot;classic&quot;}\">\n\t\t\t<div class=\"elementor-widget-wrap elementor-element-populated\">\n\t\t\t\t\t\t<div class=\"elementor-element elementor-element-9534547 elementor-widget elementor-widget-text-editor\" data-id=\"9534547\" data-element_type=\"widget\" data-widget_type=\"text-editor.default\">\n\t\t\t\t<div class=\"elementor-widget-container\">\n\t\t\t\t\t\t\t<p style=\"text-align: center;\">Wenn du zwischen 12 und 16 Jahre alt bist und deine Freizeit sinnvoll gestalten m\u00f6chtest, dann bist du<b> <\/b>bei der Jungfeuerwehr genau richtig! Bei den \u00dcbungen, Schulungen und Ausfl\u00fcgen kommt niemals Langeweile auf! Gleichzeitig kannst du<b> <\/b>neue Freunde kennenlernen!<br \/><br \/>Vor allem in der aktuellen Zeit ist es wichtig, den Mitmenschen zu helfen! Sobald du 16 Jahre alt bist, kannst du als echte Feuerwehrfrau oder echter Feuerwehrmann zu realen Eins\u00e4tzen fahren. Du wirst begeistert vom Zusammenhalt und von der Kameradschaft der Feuerwehr W\u00f6rgl sein!<\/p>\t\t\t\t\t\t<\/div>\n\t\t\t\t<\/div>\n\t\t\t\t\t<\/div>\n\t\t<\/div>\n\t\t\t\t<div class=\"elementor-column elementor-col-50 elementor-top-column elementor-element elementor-element-10beec4\" data-id=\"10beec4\" data-element_type=\"column\" data-settings=\"{&quot;background_background&quot;:&quot;classic&quot;}\">\n\t\t\t<div class=\"elementor-widget-wrap elementor-element-populated\">\n\t\t\t\t\t\t<div class=\"elementor-element elementor-element-fe740e8 elementor-widget elementor-widget-video\" data-id=\"fe740e8\" data-element_type=\"widget\" data-settings=\"{&quot;video_type&quot;:&quot;hosted&quot;,&quot;autoplay&quot;:&quot;yes&quot;,&quot;loop&quot;:&quot;yes&quot;,&quot;controls&quot;:&quot;yes&quot;}\" data-widget_type=\"video.default\">\n\t\t\t\t<div class=\"elementor-widget-container\">\n\t\t\t\t\t<div class=\"e-hosted-video elementor-wrapper elementor-open-inline\">\n\t\t\t\t\t<video class=\"elementor-video\" src=\"https:\/\/new.ff-woergl.at\/wp-content\/uploads\/2024\/01\/Jungfeuerwehr-Werbevideo.mp4\" autoplay=\"\" loop=\"\" controls=\"\" controlsList=\"nodownload\" poster=\"https:\/\/new.ff-woergl.at\/wp-content\/uploads\/2023\/12\/jugend8784-scaled.jpg\"><\/video>\n\t\t\t\t<\/div>\n\t\t\t\t<\/div>\n\t\t\t\t<\/div>\n\t\t\t\t\t<\/div>\n\t\t<\/div>\n\t\t\t\t\t<\/div>\n\t\t<\/section>\n\t\t\t\t<section class=\"elementor-section elementor-top-section elementor-element elementor-element-9486bb0 elementor-section-boxed elementor-section-height-default elementor-section-height-default\" data-id=\"9486bb0\" data-element_type=\"section\" data-settings=\"{&quot;background_background&quot;:&quot;classic&quot;}\">\n\t\t\t\t\t\t<div class=\"elementor-container elementor-column-gap-default\">\n\t\t\t\t\t<div class=\"elementor-column elementor-col-100 elementor-top-column elementor-element elementor-element-51b5f56\" data-id=\"51b5f56\" data-element_type=\"column\" data-settings=\"{&quot;background_background&quot;:&quot;classic&quot;}\">\n\t\t\t<div class=\"elementor-widget-wrap elementor-element-populated\">\n\t\t\t\t\t\t<div class=\"elementor-element elementor-element-6574b36 elementor-widget elementor-widget-text-editor\" data-id=\"6574b36\" data-element_type=\"widget\" data-widget_type=\"text-editor.default\">\n\t\t\t\t<div class=\"elementor-widget-container\">\n\t\t\t\t\t\t\t<p style=\"text-align: center;\"><strong>Wenn du jetzt interessiert bist, dann melde dich doch gerne bei uns!<\/strong><\/p>\t\t\t\t\t\t<\/div>\n\t\t\t\t<\/div>\n\t\t\t\t<div class=\"elementor-element elementor-element-0ad52a6 elementor-align-center elementor-widget elementor-widget-button\" data-id=\"0ad52a6\" data-element_type=\"widget\" data-widget_type=\"button.default\">\n\t\t\t\t<div class=\"elementor-widget-container\">\n\t\t\t\t\t\t\t<div class=\"elementor-button-wrapper\">\n\t\t\t\t\t<a class=\"elementor-button elementor-button-link elementor-size-md\" href=\"https:\/\/ff-woergl.at\/index.php\/kontakt-2\/\">\n\t\t\t\t\t\t<span class=\"elementor-button-content-wrapper\">\n\t\t\t\t\t\t\t\t\t<span class=\"elementor-button-text\">Jetzt mitmachen!<\/span>\n\t\t\t\t\t<\/span>\n\t\t\t\t\t<\/a>\n\t\t\t\t<\/div>\n\t\t\t\t\t\t<\/div>\n\t\t\t\t<\/div>\n\t\t\t\t\t<\/div>\n\t\t<\/div>\n\t\t\t\t\t<\/div>\n\t\t<\/section>\n\t\t\t\t<section class=\"elementor-section elementor-top-section elementor-element elementor-element-c8fe691 elementor-section-boxed elementor-section-height-default elementor-section-height-default\" data-id=\"c8fe691\" data-element_type=\"section\">\n\t\t\t\t\t\t<div class=\"elementor-container elementor-column-gap-default\">\n\t\t\t\t\t<div class=\"elementor-column elementor-col-100 elementor-top-column elementor-element elementor-element-c296e6d\" data-id=\"c296e6d\" data-element_type=\"column\">\n\t\t\t<div class=\"elementor-widget-wrap elementor-element-populated\">\n\t\t\t\t\t\t<div class=\"elementor-element elementor-element-c2f7008 elementor-widget elementor-widget-spacer\" data-id=\"c2f7008\" data-element_type=\"widget\" data-widget_type=\"spacer.default\">\n\t\t\t\t<div class=\"elementor-widget-container\">\n\t\t\t\t\t<div class=\"elementor-spacer\">\n\t\t\t<div class=\"elementor-spacer-inner\"><\/div>\n\t\t<\/div>\n\t\t\t\t<\/div>\n\t\t\t\t<\/div>\n\t\t\t\t<div class=\"elementor-element elementor-element-55c3659 elementor-widget elementor-widget-heading\" data-id=\"55c3659\" data-element_type=\"widget\" data-widget_type=\"heading.default\">\n\t\t\t\t<div class=\"elementor-widget-container\">\n\t\t\t<h1 class=\"elementor-heading-title elementor-size-default\">Neuigkeiten aus der Feuerwehrjugend<\/h1>\t\t<\/div>\n\t\t\t\t<\/div>\n\t\t\t\t<div class=\"elementor-element elementor-element-a018a9a elementor-widget-divider--view-line elementor-widget elementor-widget-divider\" data-id=\"a018a9a\" data-element_type=\"widget\" data-widget_type=\"divider.default\">\n\t\t\t\t<div class=\"elementor-widget-container\">\n\t\t\t\t\t<div class=\"elementor-divider\">\n\t\t\t<span class=\"elementor-divider-separator\">\n\t\t\t\t\t\t<\/span>\n\t\t<\/div>\n\t\t\t\t<\/div>\n\t\t\t\t<\/div>\n\t\t\t\t<div class=\"elementor-element elementor-element-97b9dd5 elementor-invisible elementor-widget elementor-widget-athemes-blog\" data-id=\"97b9dd5\" data-element_type=\"widget\" data-settings=\"{&quot;_animation&quot;:&quot;fadeIn&quot;}\" data-widget_type=\"athemes-blog.airi_athemes_blog_skin_4\">\n\t\t\t\t<div class=\"elementor-widget-container\">\n\t\t\t\n\t\t<div class=\"athemes-blog airi_athemes_blog_skin_4\">\n\t\t\t<div class=\"row\">\t\n\t\t\t\t\t\t\t\t\t\t\t\t\n\t\t\t\t\t<div class=\"col-md-4 col-sm-6\">\n\t\t\t\t\t\t<div class=\"post-item\">\t\t\t\n\t\t\t\t\t\t\t<div class=\"post-content\" style=\"background-image:url(https:\/\/ff-woergl.at\/wp-content\/uploads\/2026\/04\/P_FF2100-scaled.jpg)\">\n\t\t\t\t\t\t\t\n\t\t\t\t\t\t\t<div class=\"posted-on\">\n\t\t\t\t\t\t\t<span>11<\/span><span>Apr.<\/span>\n\t\t\t\t\t\t\t<\/div>\n\n\t\t\t\t\t\t\t<div class=\"post-info\">\n\t\t\t\t\t\t\t\t<a class=\"first-cat post-cat\" href=\"https:\/\/ff-woergl.at\/index.php\/category\/jugend\/\">Jugend<\/a>\t\n\t\t\t\t\t\t\t\t<h3 class=\"entry-title\"><a href=\"https:\/\/ff-woergl.at\/index.php\/2026\/04\/11\/wissenstest-2026\/\" rel=\"bookmark\">Wissenstest 2026<\/a><\/h3>\t\t\t\t\t\t\t<\/div>\n\t\t\t\t\t\t<\/div>\t\n\t\t\t\t\t\t<\/div>\t\t\t\t\n\t\t\t\t\t<\/div>\n\n\t\t\t\t\t\t\t\t\t\n\t\t\t\t\t<div class=\"col-md-4 col-sm-6\">\n\t\t\t\t\t\t<div class=\"post-item\">\t\t\t\n\t\t\t\t\t\t\t<div class=\"post-content\" style=\"background-image:url(https:\/\/ff-woergl.at\/wp-content\/uploads\/2026\/04\/P_FF1951-scaled.jpg)\">\n\t\t\t\t\t\t\t\n\t\t\t\t\t\t\t<div class=\"posted-on\">\n\t\t\t\t\t\t\t<span>1<\/span><span>Apr.<\/span>\n\t\t\t\t\t\t\t<\/div>\n\n\t\t\t\t\t\t\t<div class=\"post-info\">\n\t\t\t\t\t\t\t\t<a class=\"first-cat post-cat\" href=\"https:\/\/ff-woergl.at\/index.php\/category\/allgemein\/\">Allgemein<\/a>\t\n\t\t\t\t\t\t\t\t<h3 class=\"entry-title\"><a href=\"https:\/\/ff-woergl.at\/index.php\/2026\/04\/01\/vorbereitung-auf-den-wissenstest\/\" rel=\"bookmark\">Vorbereitung auf den Wissenstest<\/a><\/h3>\t\t\t\t\t\t\t<\/div>\n\t\t\t\t\t\t<\/div>\t\n\t\t\t\t\t\t<\/div>\t\t\t\t\n\t\t\t\t\t<\/div>\n\n\t\t\t\t\t\t\t\t\t\n\t\t\t\t\t<div class=\"col-md-4 col-sm-6\">\n\t\t\t\t\t\t<div class=\"post-item\">\t\t\t\n\t\t\t\t\t\t\t<div class=\"post-content\" style=\"background-image:url(https:\/\/ff-woergl.at\/wp-content\/uploads\/2025\/12\/P_FF7684-scaled.jpg)\">\n\t\t\t\t\t\t\t\n\t\t\t\t\t\t\t<div class=\"posted-on\">\n\t\t\t\t\t\t\t<span>26<\/span><span>Nov.<\/span>\n\t\t\t\t\t\t\t<\/div>\n\n\t\t\t\t\t\t\t<div class=\"post-info\">\n\t\t\t\t\t\t\t\t<a class=\"first-cat post-cat\" href=\"https:\/\/ff-woergl.at\/index.php\/category\/allgemein\/\">Allgemein<\/a>\t\n\t\t\t\t\t\t\t\t<h3 class=\"entry-title\"><a href=\"https:\/\/ff-woergl.at\/index.php\/2025\/11\/26\/fj-abschlussuebung-fahrzeugbrand\/\" rel=\"bookmark\">FJ-Abschluss\u00fcbung | Fahrzeugbrand<\/a><\/h3>\t\t\t\t\t\t\t<\/div>\n\t\t\t\t\t\t<\/div>\t\n\t\t\t\t\t\t<\/div>\t\t\t\t\n\t\t\t\t\t<\/div>\n\n\t\t\t\t\t\t\t\t\t\n\t\t\t\t\t<div class=\"col-md-4 col-sm-6\">\n\t\t\t\t\t\t<div class=\"post-item\">\t\t\t\n\t\t\t\t\t\t\t<div class=\"post-content\" style=\"background-image:url(https:\/\/ff-woergl.at\/wp-content\/uploads\/2025\/11\/0f21b26d-4811-48e0-9dd0-85d231b95f38-scaled.jpg)\">\n\t\t\t\t\t\t\t\n\t\t\t\t\t\t\t<div class=\"posted-on\">\n\t\t\t\t\t\t\t<span>19<\/span><span>Nov.<\/span>\n\t\t\t\t\t\t\t<\/div>\n\n\t\t\t\t\t\t\t<div class=\"post-info\">\n\t\t\t\t\t\t\t\t<a class=\"first-cat post-cat\" href=\"https:\/\/ff-woergl.at\/index.php\/category\/jugend\/\">Jugend<\/a>\t\n\t\t\t\t\t\t\t\t<h3 class=\"entry-title\"><a href=\"https:\/\/ff-woergl.at\/index.php\/2025\/11\/19\/fj-uebung-regelloeschangriff-werfer\/\" rel=\"bookmark\">FJ-\u00dcbung | Regell\u00f6schangriff | Werfer<\/a><\/h3>\t\t\t\t\t\t\t<\/div>\n\t\t\t\t\t\t<\/div>\t\n\t\t\t\t\t\t<\/div>\t\t\t\t\n\t\t\t\t\t<\/div>\n\n\t\t\t\t\t\t\t\t\t\n\t\t\t\t\t<div class=\"col-md-4 col-sm-6\">\n\t\t\t\t\t\t<div class=\"post-item\">\t\t\t\n\t\t\t\t\t\t\t<div class=\"post-content\" style=\"background-image:url(https:\/\/ff-woergl.at\/wp-content\/uploads\/2025\/11\/P_FF7301-scaled.jpg)\">\n\t\t\t\t\t\t\t\n\t\t\t\t\t\t\t<div class=\"posted-on\">\n\t\t\t\t\t\t\t<span>13<\/span><span>Nov.<\/span>\n\t\t\t\t\t\t\t<\/div>\n\n\t\t\t\t\t\t\t<div class=\"post-info\">\n\t\t\t\t\t\t\t\t<a class=\"first-cat post-cat\" href=\"https:\/\/ff-woergl.at\/index.php\/category\/jugend\/\">Jugend<\/a>\t\n\t\t\t\t\t\t\t\t<h3 class=\"entry-title\"><a href=\"https:\/\/ff-woergl.at\/index.php\/2025\/11\/13\/fj-uebung-schaumangriff\/\" rel=\"bookmark\">FJ-\u00dcbung | Schaumangriff<\/a><\/h3>\t\t\t\t\t\t\t<\/div>\n\t\t\t\t\t\t<\/div>\t\n\t\t\t\t\t\t<\/div>\t\t\t\t\n\t\t\t\t\t<\/div>\n\n\t\t\t\t\t\t\t\t\t\n\t\t\t\t\t<div class=\"col-md-4 col-sm-6\">\n\t\t\t\t\t\t<div class=\"post-item\">\t\t\t\n\t\t\t\t\t\t\t<div class=\"post-content\" style=\"background-image:url(https:\/\/ff-woergl.at\/wp-content\/uploads\/2025\/11\/P_FF7123-scaled.jpg)\">\n\t\t\t\t\t\t\t\n\t\t\t\t\t\t\t<div class=\"posted-on\">\n\t\t\t\t\t\t\t<span>5<\/span><span>Nov.<\/span>\n\t\t\t\t\t\t\t<\/div>\n\n\t\t\t\t\t\t\t<div class=\"post-info\">\n\t\t\t\t\t\t\t\t<a class=\"first-cat post-cat\" href=\"https:\/\/ff-woergl.at\/index.php\/category\/jugend\/\">Jugend<\/a>\t\n\t\t\t\t\t\t\t\t<h3 class=\"entry-title\"><a href=\"https:\/\/ff-woergl.at\/index.php\/2025\/11\/05\/fj-uebung-wasserversorgung-hubsteiger\/\" rel=\"bookmark\">FJ-\u00dcbung | Wasserversorgung | Hubsteiger<\/a><\/h3>\t\t\t\t\t\t\t<\/div>\n\t\t\t\t\t\t<\/div>\t\n\t\t\t\t\t\t<\/div>\t\t\t\t\n\t\t\t\t\t<\/div>\n\n\t\t\t\t\t\t\t<\/div>\n\t\t<\/div>\t\n\t\t\t\t<\/div>\n\t\t\t\t<\/div>\n\t\t\t\t\t<\/div>\n\t\t<\/div>\n\t\t\t\t\t<\/div>\n\t\t<\/section>\n\t\t\t\t<section class=\"elementor-section elementor-top-section elementor-element elementor-element-f7b6dba elementor-section-boxed elementor-section-height-default elementor-section-height-default\" data-id=\"f7b6dba\" data-element_type=\"section\">\n\t\t\t\t\t\t<div class=\"elementor-container elementor-column-gap-default\">\n\t\t\t\t\t<div class=\"elementor-column elementor-col-100 elementor-top-column elementor-element elementor-element-2afc7d9\" data-id=\"2afc7d9\" data-element_type=\"column\">\n\t\t\t<div class=\"elementor-widget-wrap elementor-element-populated\">\n\t\t\t\t\t\t<div class=\"elementor-element elementor-element-d991fe5 elementor-align-center elementor-widget elementor-widget-button\" data-id=\"d991fe5\" data-element_type=\"widget\" data-widget_type=\"button.default\">\n\t\t\t\t<div class=\"elementor-widget-container\">\n\t\t\t\t\t\t\t<div class=\"elementor-button-wrapper\">\n\t\t\t\t\t<a class=\"elementor-button elementor-button-link elementor-size-md elementor-animation-shrink\" href=\"https:\/\/ff-woergl.at\/index.php\/jungfeuerwehr-beitraege\/\">\n\t\t\t\t\t\t<span class=\"elementor-button-content-wrapper\">\n\t\t\t\t\t\t\t\t\t<span class=\"elementor-button-text\">\u00c4ltere Beitr\u00e4ge<\/span>\n\t\t\t\t\t<\/span>\n\t\t\t\t\t<\/a>\n\t\t\t\t<\/div>\n\t\t\t\t\t\t<\/div>\n\t\t\t\t<\/div>\n\t\t\t\t\t<\/div>\n\t\t<\/div>\n\t\t\t\t\t<\/div>\n\t\t<\/section>\n\t\t\t\t<\/div>\n\t\t","protected":false},"excerpt":{"rendered":"<p>FEUERWEHRJUGEND Die Feuerwehrjugend der Stadt W\u00f6rgl war eine der ersten im Bezirk Kufstein und wurde 1985 gegr\u00fcndet. Zur Zeit hat [&hellip;]<\/p>\n","protected":false},"author":8,"featured_media":0,"parent":1069,"menu_order":0,"comment_status":"closed","ping_status":"closed","template":"page-templates\/template_fullwidth.php","meta":{"footnotes":""},"class_list":["post-983","page","type-page","status-publish","hentry","col-lg-4 col-md-6"],"_links":{"self":[{"href":"https:\/\/ff-woergl.at\/index.php\/wp-json\/wp\/v2\/pages\/983","targetHints":{"allow":["GET"]}}],"collection":[{"href":"https:\/\/ff-woergl.at\/index.php\/wp-json\/wp\/v2\/pages"}],"about":[{"href":"https:\/\/ff-woergl.at\/index.php\/wp-json\/wp\/v2\/types\/page"}],"author":[{"embeddable":true,"href":"https:\/\/ff-woergl.at\/index.php\/wp-json\/wp\/v2\/users\/8"}],"replies":[{"embeddable":true,"href":"https:\/\/ff-woergl.at\/index.php\/wp-json\/wp\/v2\/comments?post=983"}],"version-history":[{"count":109,"href":"https:\/\/ff-woergl.at\/index.php\/wp-json\/wp\/v2\/pages\/983\/revisions"}],"predecessor-version":[{"id":12003,"href":"https:\/\/ff-woergl.at\/index.php\/wp-json\/wp\/v2\/pages\/983\/revisions\/12003"}],"up":[{"embeddable":true,"href":"https:\/\/ff-woergl.at\/index.php\/wp-json\/wp\/v2\/pages\/1069"}],"wp:attachment":[{"href":"https:\/\/ff-woergl.at\/index.php\/wp-json\/wp\/v2\/media?parent=983"}],"curies":[{"name":"wp","href":"https:\/\/api.w.org\/{rel}","templated":true}]}}