{"id":6626,"date":"2024-01-02T21:29:18","date_gmt":"2024-01-02T20:29:18","guid":{"rendered":"https:\/\/new.ff-woergl.at\/?page_id=6626"},"modified":"2026-01-25T22:50:44","modified_gmt":"2026-01-25T21:50:44","slug":"fuhrpark-gtlf-12000-500-250","status":"publish","type":"page","link":"https:\/\/ff-woergl.at\/index.php\/ihre-feuerwehr\/fuhrpark-2\/fuhrpark-gtlf-12000-500-250\/","title":{"rendered":"Fuhrpark GTLF 12000\/500\/250"},"content":{"rendered":"\t\t<div data-elementor-type=\"wp-page\" data-elementor-id=\"6626\" class=\"elementor elementor-6626\" data-elementor-post-type=\"page\">\n\t\t\t\t\t\t<section class=\"elementor-section elementor-top-section elementor-element elementor-element-6b461996 elementor-section-boxed elementor-section-height-default elementor-section-height-default\" data-id=\"6b461996\" data-element_type=\"section\">\n\t\t\t\t\t\t<div class=\"elementor-container elementor-column-gap-default\">\n\t\t\t\t\t<div class=\"elementor-column elementor-col-100 elementor-top-column elementor-element elementor-element-1cbf013c\" data-id=\"1cbf013c\" data-element_type=\"column\">\n\t\t\t<div class=\"elementor-widget-wrap elementor-element-populated\">\n\t\t\t\t\t\t<div class=\"elementor-element elementor-element-b2c4dac elementor-widget elementor-widget-spacer\" data-id=\"b2c4dac\" data-element_type=\"widget\" data-widget_type=\"spacer.default\">\n\t\t\t\t<div class=\"elementor-widget-container\">\n\t\t\t\t\t<div class=\"elementor-spacer\">\n\t\t\t<div class=\"elementor-spacer-inner\"><\/div>\n\t\t<\/div>\n\t\t\t\t<\/div>\n\t\t\t\t<\/div>\n\t\t\t\t<div class=\"elementor-element elementor-element-6410be56 elementor-widget elementor-widget-heading\" data-id=\"6410be56\" data-element_type=\"widget\" data-widget_type=\"heading.default\">\n\t\t\t\t<div class=\"elementor-widget-container\">\n\t\t\t<h1 class=\"elementor-heading-title elementor-size-default\">GRO\u00dftankl\u00f6schfahrzeug (GTLF 12000\/500\/250)<\/h1>\t\t<\/div>\n\t\t\t\t<\/div>\n\t\t\t\t<div class=\"elementor-element elementor-element-69761d30 elementor-widget-divider--view-line elementor-widget elementor-widget-divider\" data-id=\"69761d30\" data-element_type=\"widget\" data-widget_type=\"divider.default\">\n\t\t\t\t<div class=\"elementor-widget-container\">\n\t\t\t\t\t<div class=\"elementor-divider\">\n\t\t\t<span class=\"elementor-divider-separator\">\n\t\t\t\t\t\t<\/span>\n\t\t<\/div>\n\t\t\t\t<\/div>\n\t\t\t\t<\/div>\n\t\t\t\t\t<\/div>\n\t\t<\/div>\n\t\t\t\t\t<\/div>\n\t\t<\/section>\n\t\t\t\t<section class=\"elementor-section elementor-top-section elementor-element elementor-element-561a312 elementor-section-boxed elementor-section-height-default elementor-section-height-default\" data-id=\"561a312\" data-element_type=\"section\">\n\t\t\t\t\t\t<div class=\"elementor-container elementor-column-gap-default\">\n\t\t\t\t\t<div class=\"elementor-column elementor-col-100 elementor-top-column elementor-element elementor-element-a75d805\" data-id=\"a75d805\" data-element_type=\"column\">\n\t\t\t<div class=\"elementor-widget-wrap elementor-element-populated\">\n\t\t\t\t\t\t<div class=\"elementor-element elementor-element-9973d9b elementor-widget elementor-widget-text-editor\" data-id=\"9973d9b\" data-element_type=\"widget\" data-widget_type=\"text-editor.default\">\n\t\t\t\t<div class=\"elementor-widget-container\">\n\t\t\t\t\t\t\t<p style=\"text-align: center;\">Der Name ist Programm! Das GTLF stellt im Einsatzfall <strong>gro\u00dfe Mengen an L\u00f6schwasser<\/strong> schnell und zuverl\u00e4ssig zur Verf\u00fcgung. Mitunter deswegen wird das <strong>Spezialfahrzeug<\/strong> auch sehr oft <strong>\u00fcber\u00f6rtlich<\/strong> alarmiert. Mit seiner <strong>leistungsstarken Pumpe<\/strong>\u00a0 ist das Fahrzeug ein unverzichtbarer Bestandteil der Feuerwehr W\u00f6rgl.\u00a0<\/p>\t\t\t\t\t\t<\/div>\n\t\t\t\t<\/div>\n\t\t\t\t<div class=\"elementor-element elementor-element-1df042b elementor-widget elementor-widget-html\" data-id=\"1df042b\" data-element_type=\"widget\" data-widget_type=\"html.default\">\n\t\t\t\t<div class=\"elementor-widget-container\">\n\t\t\t <style>\n     th{\n        width: 45%; \n        text-align: right;\n     }\n <\/style>\n <table>\n  <tr>\n    <th>Typ:<\/th>\n     <td>VOLVO FM12 - 8x4<\/td>\n  <\/tr>\n  <tr>\n    <th>Funkrufname:<\/th>\n     <td>TANK 2<\/td>\n  <\/tr>\n  <tr>\n    <th>Aufbau:<\/th>\n     <td>Lohr<\/td>\n  <\/tr>\n  <tr>\n    <th>Baujahr:<\/th>\n     <td>2004<\/td>\n  <\/tr>\n  <tr>\n    <th>Leistung:<\/th>\n     <td>420 PS<\/td>\n  <\/tr>\n   <tr>\n    <th>Pumpe:<\/th>\n     <td>ND-Kreiselpumpe, CAN-BUS gesteuert, Leistung 4000 l\/min<\/td>\n  <\/tr>\n    <tr>\n    <th>Besatzung:<\/th>\n     <td>1:2<\/td>\n  <\/tr>\n<\/table> \t\t<\/div>\n\t\t\t\t<\/div>\n\t\t\t\t\t<\/div>\n\t\t<\/div>\n\t\t\t\t\t<\/div>\n\t\t<\/section>\n\t\t\t\t<section class=\"elementor-section elementor-top-section elementor-element elementor-element-6845661 elementor-section-boxed elementor-section-height-default elementor-section-height-default\" data-id=\"6845661\" data-element_type=\"section\">\n\t\t\t\t\t\t<div class=\"elementor-container elementor-column-gap-default\">\n\t\t\t\t\t<div class=\"elementor-column elementor-col-100 elementor-top-column elementor-element elementor-element-d62e654\" data-id=\"d62e654\" data-element_type=\"column\">\n\t\t\t<div class=\"elementor-widget-wrap elementor-element-populated\">\n\t\t\t\t\t\t<div class=\"elementor-element elementor-element-4c7b812 elementor-widget elementor-widget-hotspot\" data-id=\"4c7b812\" data-element_type=\"widget\" data-settings=\"{&quot;hotspot&quot;:[{&quot;_id&quot;:&quot;9f1a017&quot;,&quot;hotspot_icon&quot;:{&quot;value&quot;:&quot;far fa-dot-circle&quot;,&quot;library&quot;:&quot;fa-regular&quot;},&quot;hotspot_custom_size&quot;:&quot;&quot;,&quot;hotspot_width&quot;:{&quot;unit&quot;:&quot;px&quot;,&quot;size&quot;:93,&quot;sizes&quot;:[]},&quot;hotspot_tooltip_content&quot;:&quot;&lt;p&gt;40 Meter ND-Schnellangriff&lt;\\\/p&gt;&lt;p&gt;inkl. Schaumschnellangriff&lt;\\\/p&gt;&quot;,&quot;hotspot_offset_x&quot;:{&quot;unit&quot;:&quot;%&quot;,&quot;size&quot;:8,&quot;sizes&quot;:[]},&quot;hotspot_offset_y&quot;:{&quot;unit&quot;:&quot;%&quot;,&quot;size&quot;:40,&quot;sizes&quot;:[]},&quot;hotspot_label&quot;:&quot;&quot;,&quot;hotspot_link&quot;:{&quot;url&quot;:&quot;&quot;,&quot;is_external&quot;:&quot;&quot;,&quot;nofollow&quot;:&quot;&quot;,&quot;custom_attributes&quot;:&quot;&quot;},&quot;hotspot_horizontal&quot;:&quot;left&quot;,&quot;hotspot_vertical&quot;:&quot;top&quot;,&quot;hotspot_tooltip_position&quot;:&quot;no&quot;,&quot;hotspot_position&quot;:null},{&quot;_id&quot;:&quot;875d2b7&quot;,&quot;hotspot_icon&quot;:{&quot;value&quot;:&quot;far fa-dot-circle&quot;,&quot;library&quot;:&quot;fa-regular&quot;},&quot;hotspot_tooltip_content&quot;:&quot;&lt;p&gt;12.000l Wassertank&lt;\\\/p&gt;&lt;p&gt;500l Schaumtank&lt;\\\/p&gt;&quot;,&quot;hotspot_offset_x&quot;:{&quot;unit&quot;:&quot;%&quot;,&quot;size&quot;:19,&quot;sizes&quot;:[]},&quot;hotspot_offset_y&quot;:{&quot;unit&quot;:&quot;%&quot;,&quot;size&quot;:47,&quot;sizes&quot;:[]},&quot;hotspot_label&quot;:&quot;&quot;,&quot;hotspot_link&quot;:{&quot;url&quot;:&quot;&quot;,&quot;is_external&quot;:&quot;&quot;,&quot;nofollow&quot;:&quot;&quot;,&quot;custom_attributes&quot;:&quot;&quot;},&quot;hotspot_custom_size&quot;:&quot;no&quot;,&quot;hotspot_horizontal&quot;:&quot;left&quot;,&quot;hotspot_vertical&quot;:&quot;top&quot;,&quot;hotspot_tooltip_position&quot;:&quot;no&quot;,&quot;hotspot_position&quot;:null},{&quot;_id&quot;:&quot;cdc6bc7&quot;,&quot;hotspot_icon&quot;:{&quot;value&quot;:&quot;far fa-dot-circle&quot;,&quot;library&quot;:&quot;fa-regular&quot;},&quot;hotspot_tooltip_content&quot;:&quot;&lt;p&gt;3 Atemschutzger\\u00e4te&lt;\\\/p&gt;&quot;,&quot;hotspot_offset_x&quot;:{&quot;unit&quot;:&quot;%&quot;,&quot;size&quot;:36,&quot;sizes&quot;:[]},&quot;hotspot_offset_y&quot;:{&quot;unit&quot;:&quot;%&quot;,&quot;size&quot;:40,&quot;sizes&quot;:[]},&quot;hotspot_label&quot;:&quot;&quot;,&quot;hotspot_link&quot;:{&quot;url&quot;:&quot;&quot;,&quot;is_external&quot;:&quot;&quot;,&quot;nofollow&quot;:&quot;&quot;,&quot;custom_attributes&quot;:&quot;&quot;},&quot;hotspot_custom_size&quot;:&quot;no&quot;,&quot;hotspot_horizontal&quot;:&quot;left&quot;,&quot;hotspot_vertical&quot;:&quot;top&quot;,&quot;hotspot_tooltip_position&quot;:&quot;no&quot;,&quot;hotspot_position&quot;:null},{&quot;_id&quot;:&quot;2259140&quot;,&quot;hotspot_icon&quot;:{&quot;value&quot;:&quot;far fa-dot-circle&quot;,&quot;library&quot;:&quot;fa-regular&quot;},&quot;hotspot_tooltip_content&quot;:&quot;&lt;p&gt;LED Umfeldbeleuchtung&lt;\\\/p&gt;&quot;,&quot;hotspot_offset_x&quot;:{&quot;unit&quot;:&quot;%&quot;,&quot;size&quot;:40,&quot;sizes&quot;:[]},&quot;hotspot_offset_y&quot;:{&quot;unit&quot;:&quot;%&quot;,&quot;size&quot;:23,&quot;sizes&quot;:[]},&quot;hotspot_label&quot;:&quot;&quot;,&quot;hotspot_link&quot;:{&quot;url&quot;:&quot;&quot;,&quot;is_external&quot;:&quot;&quot;,&quot;nofollow&quot;:&quot;&quot;,&quot;custom_attributes&quot;:&quot;&quot;},&quot;hotspot_custom_size&quot;:&quot;no&quot;,&quot;hotspot_horizontal&quot;:&quot;left&quot;,&quot;hotspot_vertical&quot;:&quot;top&quot;,&quot;hotspot_tooltip_position&quot;:&quot;no&quot;,&quot;hotspot_position&quot;:null},{&quot;_id&quot;:&quot;72d4e7d&quot;,&quot;hotspot_icon&quot;:{&quot;value&quot;:&quot;far fa-dot-circle&quot;,&quot;library&quot;:&quot;fa-regular&quot;},&quot;hotspot_tooltip_content&quot;:&quot;&lt;p&gt;Dachmonitor mit 3500l\\\/min&lt;\\\/p&gt;&quot;,&quot;hotspot_offset_x&quot;:{&quot;unit&quot;:&quot;%&quot;,&quot;size&quot;:22,&quot;sizes&quot;:[]},&quot;hotspot_offset_y&quot;:{&quot;unit&quot;:&quot;%&quot;,&quot;size&quot;:28,&quot;sizes&quot;:[]},&quot;hotspot_label&quot;:&quot;&quot;,&quot;hotspot_link&quot;:{&quot;url&quot;:&quot;&quot;,&quot;is_external&quot;:&quot;&quot;,&quot;nofollow&quot;:&quot;&quot;,&quot;custom_attributes&quot;:&quot;&quot;},&quot;hotspot_custom_size&quot;:&quot;no&quot;,&quot;hotspot_horizontal&quot;:&quot;left&quot;,&quot;hotspot_vertical&quot;:&quot;top&quot;,&quot;hotspot_tooltip_position&quot;:&quot;no&quot;,&quot;hotspot_position&quot;:null},{&quot;_id&quot;:&quot;d43e01f&quot;,&quot;hotspot_icon&quot;:{&quot;value&quot;:&quot;far fa-dot-circle&quot;,&quot;library&quot;:&quot;fa-regular&quot;},&quot;hotspot_tooltip_content&quot;:&quot;&lt;p&gt;250kg Pulverl\\u00f6scher&lt;\\\/p&gt;&quot;,&quot;hotspot_offset_x&quot;:{&quot;unit&quot;:&quot;%&quot;,&quot;size&quot;:44,&quot;sizes&quot;:[]},&quot;hotspot_offset_y&quot;:{&quot;unit&quot;:&quot;%&quot;,&quot;size&quot;:48,&quot;sizes&quot;:[]},&quot;hotspot_label&quot;:&quot;&quot;,&quot;hotspot_link&quot;:{&quot;url&quot;:&quot;&quot;,&quot;is_external&quot;:&quot;&quot;,&quot;nofollow&quot;:&quot;&quot;,&quot;custom_attributes&quot;:&quot;&quot;},&quot;hotspot_custom_size&quot;:&quot;no&quot;,&quot;hotspot_horizontal&quot;:&quot;left&quot;,&quot;hotspot_vertical&quot;:&quot;top&quot;,&quot;hotspot_tooltip_position&quot;:&quot;no&quot;,&quot;hotspot_position&quot;:null}],&quot;hotspot_sequenced_animation&quot;:&quot;yes&quot;,&quot;hotspot_sequenced_animation_duration&quot;:{&quot;unit&quot;:&quot;px&quot;,&quot;size&quot;:0,&quot;sizes&quot;:[]},&quot;tooltip_trigger&quot;:&quot;mouseenter&quot;,&quot;tooltip_position&quot;:&quot;top&quot;,&quot;tooltip_animation&quot;:&quot;e-hotspot--fade-in-out&quot;}\" data-widget_type=\"hotspot.default\">\n\t\t\t\t<div class=\"elementor-widget-container\">\n\t\t\t<img fetchpriority=\"high\" decoding=\"async\" width=\"2560\" height=\"1707\" src=\"https:\/\/ff-woergl.at\/wp-content\/uploads\/2026\/01\/GTLF-scaled.jpg\" class=\"attachment-full size-full wp-image-12764\" alt=\"\" srcset=\"https:\/\/ff-woergl.at\/wp-content\/uploads\/2026\/01\/GTLF-scaled.jpg 2560w, https:\/\/ff-woergl.at\/wp-content\/uploads\/2026\/01\/GTLF-300x200.jpg 300w, https:\/\/ff-woergl.at\/wp-content\/uploads\/2026\/01\/GTLF-1024x683.jpg 1024w, https:\/\/ff-woergl.at\/wp-content\/uploads\/2026\/01\/GTLF-768x512.jpg 768w, https:\/\/ff-woergl.at\/wp-content\/uploads\/2026\/01\/GTLF-1536x1024.jpg 1536w, https:\/\/ff-woergl.at\/wp-content\/uploads\/2026\/01\/GTLF-2048x1365.jpg 2048w, https:\/\/ff-woergl.at\/wp-content\/uploads\/2026\/01\/GTLF-720x480.jpg 720w\" sizes=\"(max-width: 2560px) 100vw, 2560px\" \/>\n\t\t\t\t\t\t<div class=\"e-hotspot elementor-repeater-item-9f1a017 e-hotspot--sequenced e-hotspot--position-left e-hotspot--position-top   e-hotspot--icon\">\n\n\t\t\t\t\t\t\t\t<div class=\"e-hotspot__button e-hotspot--soft-beat\">\n\t\t\t\t\t\t\t\t\t\t\t\t\t\t\t\t\t\t<div class=\"e-hotspot__icon\"><i class=\"far fa-dot-circle\"><\/i><\/div>\n\t\t\t\t\t\t\t\t\t\t\t\t\t\t\t\t\t\t\t\t\t<\/div>\n\n\t\t\t\t\t\t\t\t\t\t\t\t\t\t\t\t\t\t<div class=\"e-hotspot__tooltip  e-hotspot--tooltip-position e-hotspot--fade-in-out \" >\n\t\t\t\t\t\t<p>40 Meter ND-Schnellangriff<\/p><p>inkl. Schaumschnellangriff<\/p>\t\t\t\t\t<\/div>\n\t\t\t\t\t\t\t\t\t\n\t\t\t<\/div>\n\n\t\n\t\t\t\t\t\t<div class=\"e-hotspot elementor-repeater-item-875d2b7 e-hotspot--sequenced e-hotspot--position-left e-hotspot--position-top   e-hotspot--icon\">\n\n\t\t\t\t\t\t\t\t<div class=\"e-hotspot__button e-hotspot--soft-beat\">\n\t\t\t\t\t\t\t\t\t\t\t\t\t\t\t\t\t\t<div class=\"e-hotspot__icon\"><i class=\"far fa-dot-circle\"><\/i><\/div>\n\t\t\t\t\t\t\t\t\t\t\t\t\t\t\t\t\t\t\t\t\t<\/div>\n\n\t\t\t\t\t\t\t\t\t\t\t\t\t\t\t\t\t\t<div class=\"e-hotspot__tooltip  e-hotspot--tooltip-position e-hotspot--fade-in-out \" >\n\t\t\t\t\t\t<p>12.000l Wassertank<\/p><p>500l Schaumtank<\/p>\t\t\t\t\t<\/div>\n\t\t\t\t\t\t\t\t\t\n\t\t\t<\/div>\n\n\t\n\t\t\t\t\t\t<div class=\"e-hotspot elementor-repeater-item-cdc6bc7 e-hotspot--sequenced e-hotspot--position-left e-hotspot--position-top   e-hotspot--icon\">\n\n\t\t\t\t\t\t\t\t<div class=\"e-hotspot__button e-hotspot--soft-beat\">\n\t\t\t\t\t\t\t\t\t\t\t\t\t\t\t\t\t\t<div class=\"e-hotspot__icon\"><i class=\"far fa-dot-circle\"><\/i><\/div>\n\t\t\t\t\t\t\t\t\t\t\t\t\t\t\t\t\t\t\t\t\t<\/div>\n\n\t\t\t\t\t\t\t\t\t\t\t\t\t\t\t\t\t\t<div class=\"e-hotspot__tooltip  e-hotspot--tooltip-position e-hotspot--fade-in-out \" >\n\t\t\t\t\t\t<p>3 Atemschutzger\u00e4te<\/p>\t\t\t\t\t<\/div>\n\t\t\t\t\t\t\t\t\t\n\t\t\t<\/div>\n\n\t\n\t\t\t\t\t\t<div class=\"e-hotspot elementor-repeater-item-2259140 e-hotspot--sequenced e-hotspot--position-left e-hotspot--position-top   e-hotspot--icon\">\n\n\t\t\t\t\t\t\t\t<div class=\"e-hotspot__button e-hotspot--soft-beat\">\n\t\t\t\t\t\t\t\t\t\t\t\t\t\t\t\t\t\t<div class=\"e-hotspot__icon\"><i class=\"far fa-dot-circle\"><\/i><\/div>\n\t\t\t\t\t\t\t\t\t\t\t\t\t\t\t\t\t\t\t\t\t<\/div>\n\n\t\t\t\t\t\t\t\t\t\t\t\t\t\t\t\t\t\t<div class=\"e-hotspot__tooltip  e-hotspot--tooltip-position e-hotspot--fade-in-out \" >\n\t\t\t\t\t\t<p>LED Umfeldbeleuchtung<\/p>\t\t\t\t\t<\/div>\n\t\t\t\t\t\t\t\t\t\n\t\t\t<\/div>\n\n\t\n\t\t\t\t\t\t<div class=\"e-hotspot elementor-repeater-item-72d4e7d e-hotspot--sequenced e-hotspot--position-left e-hotspot--position-top   e-hotspot--icon\">\n\n\t\t\t\t\t\t\t\t<div class=\"e-hotspot__button e-hotspot--soft-beat\">\n\t\t\t\t\t\t\t\t\t\t\t\t\t\t\t\t\t\t<div class=\"e-hotspot__icon\"><i class=\"far fa-dot-circle\"><\/i><\/div>\n\t\t\t\t\t\t\t\t\t\t\t\t\t\t\t\t\t\t\t\t\t<\/div>\n\n\t\t\t\t\t\t\t\t\t\t\t\t\t\t\t\t\t\t<div class=\"e-hotspot__tooltip  e-hotspot--tooltip-position e-hotspot--fade-in-out \" >\n\t\t\t\t\t\t<p>Dachmonitor mit 3500l\/min<\/p>\t\t\t\t\t<\/div>\n\t\t\t\t\t\t\t\t\t\n\t\t\t<\/div>\n\n\t\n\t\t\t\t\t\t<div class=\"e-hotspot elementor-repeater-item-d43e01f e-hotspot--sequenced e-hotspot--position-left e-hotspot--position-top   e-hotspot--icon\">\n\n\t\t\t\t\t\t\t\t<div class=\"e-hotspot__button e-hotspot--soft-beat\">\n\t\t\t\t\t\t\t\t\t\t\t\t\t\t\t\t\t\t<div class=\"e-hotspot__icon\"><i class=\"far fa-dot-circle\"><\/i><\/div>\n\t\t\t\t\t\t\t\t\t\t\t\t\t\t\t\t\t\t\t\t\t<\/div>\n\n\t\t\t\t\t\t\t\t\t\t\t\t\t\t\t\t\t\t<div class=\"e-hotspot__tooltip  e-hotspot--tooltip-position e-hotspot--fade-in-out \" >\n\t\t\t\t\t\t<p>250kg Pulverl\u00f6scher<\/p>\t\t\t\t\t<\/div>\n\t\t\t\t\t\t\t\t\t\n\t\t\t<\/div>\n\n\t\n\t\t\t\t<\/div>\n\t\t\t\t<\/div>\n\t\t\t\t\t<\/div>\n\t\t<\/div>\n\t\t\t\t\t<\/div>\n\t\t<\/section>\n\t\t\t\t<section class=\"elementor-section elementor-top-section elementor-element elementor-element-29e6b29 elementor-section-boxed elementor-section-height-default elementor-section-height-default\" data-id=\"29e6b29\" data-element_type=\"section\" data-settings=\"{&quot;background_background&quot;:&quot;classic&quot;}\">\n\t\t\t\t\t\t<div class=\"elementor-container elementor-column-gap-default\">\n\t\t\t\t\t<div class=\"elementor-column elementor-col-100 elementor-top-column elementor-element elementor-element-2f240b8\" data-id=\"2f240b8\" data-element_type=\"column\">\n\t\t\t<div class=\"elementor-widget-wrap elementor-element-populated\">\n\t\t\t\t\t\t<div class=\"elementor-element elementor-element-a223fbb elementor-widget elementor-widget-heading\" data-id=\"a223fbb\" data-element_type=\"widget\" data-widget_type=\"heading.default\">\n\t\t\t\t<div class=\"elementor-widget-container\">\n\t\t\t<h2 class=\"elementor-heading-title elementor-size-default\">Ausr\u00fcstung<\/h2>\t\t<\/div>\n\t\t\t\t<\/div>\n\t\t\t\t<div class=\"elementor-element elementor-element-acdaf01 elementor-widget elementor-widget-text-editor\" data-id=\"acdaf01\" data-element_type=\"widget\" data-widget_type=\"text-editor.default\">\n\t\t\t\t<div class=\"elementor-widget-container\">\n\t\t\t\t\t\t\t<p style=\"text-align: center;\">12000 l Nirotank mit integriertem 500 l Schaummitteltank, 250 kg Pulverl\u00f6schanlage mit 2 Schnellangriffseinrichtungen, 40m ND-Schnellangriff, Schaumschnellangriff, Lichtmast, Stromaggregat 11 KVA, Dachmonitor 3500 l\/min, Stra\u00dfenreinigungsanlage, Verkehrsleiteinrichtung, Pflichtausr\u00fcstung TLF 3000 + zus\u00e4tzliches Schlauchmaterial, 3 Atemschutzger\u00e4te (Twin Pack)<\/p>\t\t\t\t\t\t<\/div>\n\t\t\t\t<\/div>\n\t\t\t\t<div class=\"elementor-element elementor-element-6c94e0a elementor-arrows-position-inside elementor-pagination-position-outside elementor-widget elementor-widget-image-carousel\" data-id=\"6c94e0a\" data-element_type=\"widget\" data-settings=\"{&quot;slides_to_show&quot;:&quot;3&quot;,&quot;navigation&quot;:&quot;both&quot;,&quot;autoplay&quot;:&quot;yes&quot;,&quot;pause_on_hover&quot;:&quot;yes&quot;,&quot;pause_on_interaction&quot;:&quot;yes&quot;,&quot;autoplay_speed&quot;:5000,&quot;infinite&quot;:&quot;yes&quot;,&quot;speed&quot;:500}\" data-widget_type=\"image-carousel.default\">\n\t\t\t\t<div class=\"elementor-widget-container\">\n\t\t\t\t\t<div class=\"elementor-image-carousel-wrapper swiper\" dir=\"ltr\">\n\t\t\t<div class=\"elementor-image-carousel swiper-wrapper\" aria-live=\"off\">\n\t\t\t\t\t\t\t\t<div class=\"swiper-slide\" role=\"group\" aria-roledescription=\"slide\" aria-label=\"1 von 7\"><a data-elementor-open-lightbox=\"yes\" data-elementor-lightbox-slideshow=\"6c94e0a\" data-elementor-lightbox-title=\"GTLF Schaluch\" data-e-action-hash=\"#elementor-action%3Aaction%3Dlightbox%26settings%3DeyJpZCI6NjU0OCwidXJsIjoiaHR0cHM6XC9cL2ZmLXdvZXJnbC5hdFwvd3AtY29udGVudFwvdXBsb2Fkc1wvMjAyNFwvMDFcL0dUTEYtU2NoYWx1Y2gtc2NhbGVkLmpwZWciLCJzbGlkZXNob3ciOiI2Yzk0ZTBhIn0%3D\" href=\"https:\/\/ff-woergl.at\/wp-content\/uploads\/2024\/01\/GTLF-Schaluch-scaled.jpeg\"><figure class=\"swiper-slide-inner\"><img decoding=\"async\" class=\"swiper-slide-image\" src=\"https:\/\/ff-woergl.at\/wp-content\/uploads\/2024\/01\/GTLF-Schaluch-768x512.jpeg\" alt=\"GTLF Schaluch\" \/><\/figure><\/a><\/div><div class=\"swiper-slide\" role=\"group\" aria-roledescription=\"slide\" aria-label=\"2 von 7\"><a data-elementor-open-lightbox=\"yes\" data-elementor-lightbox-slideshow=\"6c94e0a\" data-elementor-lightbox-title=\"GTLF ATS\" data-e-action-hash=\"#elementor-action%3Aaction%3Dlightbox%26settings%3DeyJpZCI6NjU0NCwidXJsIjoiaHR0cHM6XC9cL2ZmLXdvZXJnbC5hdFwvd3AtY29udGVudFwvdXBsb2Fkc1wvMjAyNFwvMDFcL0dUTEYtQVRTLXNjYWxlZC5qcGVnIiwic2xpZGVzaG93IjoiNmM5NGUwYSJ9\" href=\"https:\/\/ff-woergl.at\/wp-content\/uploads\/2024\/01\/GTLF-ATS-scaled.jpeg\"><figure class=\"swiper-slide-inner\"><img decoding=\"async\" class=\"swiper-slide-image\" src=\"https:\/\/ff-woergl.at\/wp-content\/uploads\/2024\/01\/GTLF-ATS-768x512.jpeg\" alt=\"GTLF ATS\" \/><\/figure><\/a><\/div><div class=\"swiper-slide\" role=\"group\" aria-roledescription=\"slide\" aria-label=\"3 von 7\"><a data-elementor-open-lightbox=\"yes\" data-elementor-lightbox-slideshow=\"6c94e0a\" data-elementor-lightbox-title=\"GTLF Heck\" data-e-action-hash=\"#elementor-action%3Aaction%3Dlightbox%26settings%3DeyJpZCI6NjU0NiwidXJsIjoiaHR0cHM6XC9cL2ZmLXdvZXJnbC5hdFwvd3AtY29udGVudFwvdXBsb2Fkc1wvMjAyNFwvMDFcL0dUTEYtSGVjay1zY2FsZWQuanBlZyIsInNsaWRlc2hvdyI6IjZjOTRlMGEifQ%3D%3D\" href=\"https:\/\/ff-woergl.at\/wp-content\/uploads\/2024\/01\/GTLF-Heck-scaled.jpeg\"><figure class=\"swiper-slide-inner\"><img decoding=\"async\" class=\"swiper-slide-image\" src=\"https:\/\/ff-woergl.at\/wp-content\/uploads\/2024\/01\/GTLF-Heck-768x512.jpeg\" alt=\"GTLF Heck\" \/><\/figure><\/a><\/div><div class=\"swiper-slide\" role=\"group\" aria-roledescription=\"slide\" aria-label=\"4 von 7\"><a data-elementor-open-lightbox=\"yes\" data-elementor-lightbox-slideshow=\"6c94e0a\" data-elementor-lightbox-title=\"GTLF Cockpit\" data-e-action-hash=\"#elementor-action%3Aaction%3Dlightbox%26settings%3DeyJpZCI6NjU0NSwidXJsIjoiaHR0cHM6XC9cL2ZmLXdvZXJnbC5hdFwvd3AtY29udGVudFwvdXBsb2Fkc1wvMjAyNFwvMDFcL0dUTEYtQ29ja3BpdC1zY2FsZWQuanBlZyIsInNsaWRlc2hvdyI6IjZjOTRlMGEifQ%3D%3D\" href=\"https:\/\/ff-woergl.at\/wp-content\/uploads\/2024\/01\/GTLF-Cockpit-scaled.jpeg\"><figure class=\"swiper-slide-inner\"><img decoding=\"async\" class=\"swiper-slide-image\" src=\"https:\/\/ff-woergl.at\/wp-content\/uploads\/2024\/01\/GTLF-Cockpit-768x512.jpeg\" alt=\"GTLF Cockpit\" \/><\/figure><\/a><\/div><div class=\"swiper-slide\" role=\"group\" aria-roledescription=\"slide\" aria-label=\"5 von 7\"><a data-elementor-open-lightbox=\"yes\" data-elementor-lightbox-slideshow=\"6c94e0a\" data-elementor-lightbox-title=\"GTLF Pulver\" data-e-action-hash=\"#elementor-action%3Aaction%3Dlightbox%26settings%3DeyJpZCI6NjU0NywidXJsIjoiaHR0cHM6XC9cL2ZmLXdvZXJnbC5hdFwvd3AtY29udGVudFwvdXBsb2Fkc1wvMjAyNFwvMDFcL0dUTEYtUHVsdmVyLXNjYWxlZC5qcGVnIiwic2xpZGVzaG93IjoiNmM5NGUwYSJ9\" href=\"https:\/\/ff-woergl.at\/wp-content\/uploads\/2024\/01\/GTLF-Pulver-scaled.jpeg\"><figure class=\"swiper-slide-inner\"><img decoding=\"async\" class=\"swiper-slide-image\" src=\"https:\/\/ff-woergl.at\/wp-content\/uploads\/2024\/01\/GTLF-Pulver-768x512.jpeg\" alt=\"GTLF Pulver\" \/><\/figure><\/a><\/div><div class=\"swiper-slide\" role=\"group\" aria-roledescription=\"slide\" aria-label=\"6 von 7\"><a data-elementor-open-lightbox=\"yes\" data-elementor-lightbox-slideshow=\"6c94e0a\" data-elementor-lightbox-title=\"GTLF Aggregat\" data-e-action-hash=\"#elementor-action%3Aaction%3Dlightbox%26settings%3DeyJpZCI6NjU0MywidXJsIjoiaHR0cHM6XC9cL2ZmLXdvZXJnbC5hdFwvd3AtY29udGVudFwvdXBsb2Fkc1wvMjAyNFwvMDFcL0dUTEYtQWdncmVnYXQtc2NhbGVkLmpwZWciLCJzbGlkZXNob3ciOiI2Yzk0ZTBhIn0%3D\" href=\"https:\/\/ff-woergl.at\/wp-content\/uploads\/2024\/01\/GTLF-Aggregat-scaled.jpeg\"><figure class=\"swiper-slide-inner\"><img decoding=\"async\" class=\"swiper-slide-image\" src=\"https:\/\/ff-woergl.at\/wp-content\/uploads\/2024\/01\/GTLF-Aggregat-768x512.jpeg\" alt=\"GTLF Aggregat\" \/><\/figure><\/a><\/div><div class=\"swiper-slide\" role=\"group\" aria-roledescription=\"slide\" aria-label=\"7 von 7\"><a data-elementor-open-lightbox=\"yes\" data-elementor-lightbox-slideshow=\"6c94e0a\" data-elementor-lightbox-title=\"GTLF\" data-e-action-hash=\"#elementor-action%3Aaction%3Dlightbox%26settings%3DeyJpZCI6MTI3NjQsInVybCI6Imh0dHBzOlwvXC9mZi13b2VyZ2wuYXRcL3dwLWNvbnRlbnRcL3VwbG9hZHNcLzIwMjZcLzAxXC9HVExGLXNjYWxlZC5qcGciLCJzbGlkZXNob3ciOiI2Yzk0ZTBhIn0%3D\" href=\"https:\/\/ff-woergl.at\/wp-content\/uploads\/2026\/01\/GTLF-scaled.jpg\"><figure class=\"swiper-slide-inner\"><img decoding=\"async\" class=\"swiper-slide-image\" src=\"https:\/\/ff-woergl.at\/wp-content\/uploads\/2026\/01\/GTLF-768x512.jpg\" alt=\"GTLF\" \/><\/figure><\/a><\/div>\t\t\t<\/div>\n\t\t\t\t\t\t\t\t\t\t\t\t<div class=\"elementor-swiper-button elementor-swiper-button-prev\" role=\"button\" tabindex=\"0\">\n\t\t\t\t\t\t<i aria-hidden=\"true\" class=\"eicon-chevron-left\"><\/i>\t\t\t\t\t<\/div>\n\t\t\t\t\t<div class=\"elementor-swiper-button elementor-swiper-button-next\" role=\"button\" tabindex=\"0\">\n\t\t\t\t\t\t<i aria-hidden=\"true\" class=\"eicon-chevron-right\"><\/i>\t\t\t\t\t<\/div>\n\t\t\t\t\n\t\t\t\t\t\t\t\t\t<div class=\"swiper-pagination\"><\/div>\n\t\t\t\t\t\t\t\t\t<\/div>\n\t\t\t\t<\/div>\n\t\t\t\t<\/div>\n\t\t\t\t\t<\/div>\n\t\t<\/div>\n\t\t\t\t\t<\/div>\n\t\t<\/section>\n\t\t\t\t<section class=\"elementor-section elementor-top-section elementor-element elementor-element-bd43651 elementor-section-boxed elementor-section-height-default elementor-section-height-default\" data-id=\"bd43651\" data-element_type=\"section\">\n\t\t\t\t\t\t<div class=\"elementor-container elementor-column-gap-default\">\n\t\t\t\t\t<div class=\"elementor-column elementor-col-100 elementor-top-column elementor-element elementor-element-394ab62\" data-id=\"394ab62\" data-element_type=\"column\">\n\t\t\t<div class=\"elementor-widget-wrap elementor-element-populated\">\n\t\t\t\t\t\t<div class=\"elementor-element elementor-element-7946255 elementor-align-center elementor-widget elementor-widget-button\" data-id=\"7946255\" data-element_type=\"widget\" data-widget_type=\"button.default\">\n\t\t\t\t<div class=\"elementor-widget-container\">\n\t\t\t\t\t\t\t<div class=\"elementor-button-wrapper\">\n\t\t\t\t\t<a class=\"elementor-button elementor-button-link elementor-size-sm elementor-animation-shrink\" href=\"https:\/\/ff-woergl.at\/index.php\/fuhrpark-2\/\">\n\t\t\t\t\t\t<span class=\"elementor-button-content-wrapper\">\n\t\t\t\t\t\t\t\t\t<span class=\"elementor-button-text\">Zur\u00fcck zur \u00dcbersicht<\/span>\n\t\t\t\t\t<\/span>\n\t\t\t\t\t<\/a>\n\t\t\t\t<\/div>\n\t\t\t\t\t\t<\/div>\n\t\t\t\t<\/div>\n\t\t\t\t\t<\/div>\n\t\t<\/div>\n\t\t\t\t\t<\/div>\n\t\t<\/section>\n\t\t\t\t<\/div>\n\t\t","protected":false},"excerpt":{"rendered":"<p>GRO\u00dftankl\u00f6schfahrzeug (GTLF 12000\/500\/250) Der Name ist Programm! Das GTLF stellt im Einsatzfall gro\u00dfe Mengen an L\u00f6schwasser schnell und zuverl\u00e4ssig zur [&hellip;]<\/p>\n","protected":false},"author":8,"featured_media":0,"parent":4693,"menu_order":0,"comment_status":"closed","ping_status":"closed","template":"page-templates\/template_fullwidth.php","meta":{"footnotes":""},"class_list":["post-6626","page","type-page","status-publish","hentry","col-lg-4 col-md-6"],"_links":{"self":[{"href":"https:\/\/ff-woergl.at\/index.php\/wp-json\/wp\/v2\/pages\/6626","targetHints":{"allow":["GET"]}}],"collection":[{"href":"https:\/\/ff-woergl.at\/index.php\/wp-json\/wp\/v2\/pages"}],"about":[{"href":"https:\/\/ff-woergl.at\/index.php\/wp-json\/wp\/v2\/types\/page"}],"author":[{"embeddable":true,"href":"https:\/\/ff-woergl.at\/index.php\/wp-json\/wp\/v2\/users\/8"}],"replies":[{"embeddable":true,"href":"https:\/\/ff-woergl.at\/index.php\/wp-json\/wp\/v2\/comments?post=6626"}],"version-history":[{"count":98,"href":"https:\/\/ff-woergl.at\/index.php\/wp-json\/wp\/v2\/pages\/6626\/revisions"}],"predecessor-version":[{"id":12841,"href":"https:\/\/ff-woergl.at\/index.php\/wp-json\/wp\/v2\/pages\/6626\/revisions\/12841"}],"up":[{"embeddable":true,"href":"https:\/\/ff-woergl.at\/index.php\/wp-json\/wp\/v2\/pages\/4693"}],"wp:attachment":[{"href":"https:\/\/ff-woergl.at\/index.php\/wp-json\/wp\/v2\/media?parent=6626"}],"curies":[{"name":"wp","href":"https:\/\/api.w.org\/{rel}","templated":true}]}}