{"id":6624,"date":"2024-01-02T21:28:49","date_gmt":"2024-01-02T20:28:49","guid":{"rendered":"https:\/\/new.ff-woergl.at\/?page_id=6624"},"modified":"2026-03-08T19:13:36","modified_gmt":"2026-03-08T18:13:36","slug":"fuhrpark-klfa","status":"publish","type":"page","link":"https:\/\/ff-woergl.at\/index.php\/ihre-feuerwehr\/fuhrpark-2\/fuhrpark-klfa\/","title":{"rendered":"Fuhrpark KLFA"},"content":{"rendered":"\t\t<div data-elementor-type=\"wp-page\" data-elementor-id=\"6624\" class=\"elementor elementor-6624\" data-elementor-post-type=\"page\">\n\t\t\t\t\t\t<section class=\"elementor-section elementor-top-section elementor-element elementor-element-6a579653 elementor-section-boxed elementor-section-height-default elementor-section-height-default\" data-id=\"6a579653\" data-element_type=\"section\">\n\t\t\t\t\t\t<div class=\"elementor-container elementor-column-gap-default\">\n\t\t\t\t\t<div class=\"elementor-column elementor-col-100 elementor-top-column elementor-element elementor-element-4dd30e57\" data-id=\"4dd30e57\" data-element_type=\"column\">\n\t\t\t<div class=\"elementor-widget-wrap elementor-element-populated\">\n\t\t\t\t\t\t<div class=\"elementor-element elementor-element-827bd17 elementor-widget elementor-widget-spacer\" data-id=\"827bd17\" data-element_type=\"widget\" data-widget_type=\"spacer.default\">\n\t\t\t\t<div class=\"elementor-widget-container\">\n\t\t\t\t\t<div class=\"elementor-spacer\">\n\t\t\t<div class=\"elementor-spacer-inner\"><\/div>\n\t\t<\/div>\n\t\t\t\t<\/div>\n\t\t\t\t<\/div>\n\t\t\t\t<div class=\"elementor-element elementor-element-22577be elementor-widget elementor-widget-spacer\" data-id=\"22577be\" data-element_type=\"widget\" data-widget_type=\"spacer.default\">\n\t\t\t\t<div class=\"elementor-widget-container\">\n\t\t\t\t\t<div class=\"elementor-spacer\">\n\t\t\t<div class=\"elementor-spacer-inner\"><\/div>\n\t\t<\/div>\n\t\t\t\t<\/div>\n\t\t\t\t<\/div>\n\t\t\t\t<div class=\"elementor-element elementor-element-2f8551b elementor-widget elementor-widget-heading\" data-id=\"2f8551b\" data-element_type=\"widget\" data-widget_type=\"heading.default\">\n\t\t\t\t<div class=\"elementor-widget-container\">\n\t\t\t<h1 class=\"elementor-heading-title elementor-size-default\">Kleinl\u00f6schfahrzeug (KLFA)<\/h1>\t\t<\/div>\n\t\t\t\t<\/div>\n\t\t\t\t<div class=\"elementor-element elementor-element-3586e57d elementor-widget-divider--view-line elementor-widget elementor-widget-divider\" data-id=\"3586e57d\" data-element_type=\"widget\" data-widget_type=\"divider.default\">\n\t\t\t\t<div class=\"elementor-widget-container\">\n\t\t\t\t\t<div class=\"elementor-divider\">\n\t\t\t<span class=\"elementor-divider-separator\">\n\t\t\t\t\t\t<\/span>\n\t\t<\/div>\n\t\t\t\t<\/div>\n\t\t\t\t<\/div>\n\t\t\t\t\t<\/div>\n\t\t<\/div>\n\t\t\t\t\t<\/div>\n\t\t<\/section>\n\t\t\t\t<section class=\"elementor-section elementor-top-section elementor-element elementor-element-f869c52 elementor-section-boxed elementor-section-height-default elementor-section-height-default\" data-id=\"f869c52\" data-element_type=\"section\">\n\t\t\t\t\t\t<div class=\"elementor-container elementor-column-gap-default\">\n\t\t\t\t\t<div class=\"elementor-column elementor-col-100 elementor-top-column elementor-element elementor-element-9f4f067\" data-id=\"9f4f067\" data-element_type=\"column\">\n\t\t\t<div class=\"elementor-widget-wrap elementor-element-populated\">\n\t\t\t\t\t\t<div class=\"elementor-element elementor-element-04bb294 elementor-widget elementor-widget-text-editor\" data-id=\"04bb294\" data-element_type=\"widget\" data-widget_type=\"text-editor.default\">\n\t\t\t\t<div class=\"elementor-widget-container\">\n\t\t\t\t\t\t\t<p style=\"text-align: center;\">Das <strong data-start=\"80\" data-end=\"116\">Kleinl\u00f6schfahrzeu mit Allrad (KLFA)<\/strong> der Feuerwehr W\u00f6rgl dient in erster Linie der <strong data-start=\"163\" data-end=\"202\">Sicherstellung der Wasserversorgung<\/strong> bei Brandeins\u00e4tzen. Das Herzst\u00fcck bildet die mobile <b>Tragkraftspritze <\/b>der Firma Rosenbauer. Das Fahrzeug wird zudem als <b>Ausbildungsfahrzeug <\/b>f\u00fcr neue Mitglieder verwendet.<\/p>\t\t\t\t\t\t<\/div>\n\t\t\t\t<\/div>\n\t\t\t\t<div class=\"elementor-element elementor-element-38b98ce elementor-widget elementor-widget-html\" data-id=\"38b98ce\" data-element_type=\"widget\" data-widget_type=\"html.default\">\n\t\t\t\t<div class=\"elementor-widget-container\">\n\t\t\t<style>\n     th{\n        width: 45%; \n        text-align: right;\n     }\n <\/style>\n <table>\n  <tr>\n    <th>Typ:<\/th>\n     <td>Mercedes Sprinter - 4,9 t<\/td>\n  <\/tr>\n  <tr>\n    <th>Funkrufname:<\/th>\n     <td>KLF W\u00f6rgl<\/td>\n  <\/tr>\n  <tr>\n    <th>Aufbau:<\/th>\n     <td>Lohr<\/td>\n  <\/tr>\n  <tr>\n    <th>Baujahr:<\/th>\n     <td>2001<\/td>\n  <\/tr>\n  <tr>\n    <th>Leistung:<\/th>\n     <td>156 PS<\/td>\n  <\/tr>\n   <tr>\n    <th>Pumpe:<\/th>\n     <td>Tragkraftspritze Rosenbauer FOX3<\/td>\n  <\/tr> \n  <tr>\n    <th>Besatzung:<\/th>\n     <td>1:8<\/td>\n  <\/tr>\n<\/table> \t\t<\/div>\n\t\t\t\t<\/div>\n\t\t\t\t<section class=\"elementor-section elementor-inner-section elementor-element elementor-element-5ef2225 elementor-section-boxed elementor-section-height-default elementor-section-height-default\" data-id=\"5ef2225\" data-element_type=\"section\">\n\t\t\t\t\t\t<div class=\"elementor-container elementor-column-gap-default\">\n\t\t\t\t\t<div class=\"elementor-column elementor-col-100 elementor-inner-column elementor-element elementor-element-9d1ca51\" data-id=\"9d1ca51\" data-element_type=\"column\">\n\t\t\t<div class=\"elementor-widget-wrap elementor-element-populated\">\n\t\t\t\t\t\t<div class=\"elementor-element elementor-element-f76dbf2 elementor-widget elementor-widget-hotspot\" data-id=\"f76dbf2\" data-element_type=\"widget\" data-settings=\"{&quot;hotspot&quot;:[{&quot;_id&quot;:&quot;9f1a017&quot;,&quot;hotspot_icon&quot;:{&quot;value&quot;:&quot;far fa-dot-circle&quot;,&quot;library&quot;:&quot;fa-regular&quot;},&quot;hotspot_custom_size&quot;:&quot;&quot;,&quot;hotspot_width&quot;:{&quot;unit&quot;:&quot;px&quot;,&quot;size&quot;:93,&quot;sizes&quot;:[]},&quot;hotspot_tooltip_content&quot;:&quot;&lt;p&gt;Mannschaftskabine f\\u00fcr 6 Personen&lt;\\\/p&gt;&quot;,&quot;hotspot_offset_x&quot;:{&quot;unit&quot;:&quot;%&quot;,&quot;size&quot;:36,&quot;sizes&quot;:[]},&quot;hotspot_label&quot;:&quot;&quot;,&quot;hotspot_link&quot;:{&quot;url&quot;:&quot;&quot;,&quot;is_external&quot;:&quot;&quot;,&quot;nofollow&quot;:&quot;&quot;,&quot;custom_attributes&quot;:&quot;&quot;},&quot;hotspot_horizontal&quot;:&quot;left&quot;,&quot;hotspot_vertical&quot;:&quot;top&quot;,&quot;hotspot_tooltip_position&quot;:&quot;no&quot;,&quot;hotspot_position&quot;:null},{&quot;_id&quot;:&quot;e8fffca&quot;,&quot;hotspot_icon&quot;:{&quot;value&quot;:&quot;far fa-dot-circle&quot;,&quot;library&quot;:&quot;fa-regular&quot;},&quot;hotspot_tooltip_content&quot;:&quot;&lt;p&gt;Tragkraftspritze \\\/ FOX3\\u00a0&lt;\\\/p&gt;&quot;,&quot;hotspot_offset_x&quot;:{&quot;unit&quot;:&quot;%&quot;,&quot;size&quot;:23,&quot;sizes&quot;:[]},&quot;hotspot_offset_y&quot;:{&quot;unit&quot;:&quot;%&quot;,&quot;size&quot;:47,&quot;sizes&quot;:[]},&quot;hotspot_label&quot;:&quot;&quot;,&quot;hotspot_link&quot;:{&quot;url&quot;:&quot;&quot;,&quot;is_external&quot;:&quot;&quot;,&quot;nofollow&quot;:&quot;&quot;,&quot;custom_attributes&quot;:&quot;&quot;},&quot;hotspot_custom_size&quot;:&quot;no&quot;,&quot;hotspot_horizontal&quot;:&quot;left&quot;,&quot;hotspot_vertical&quot;:&quot;top&quot;,&quot;hotspot_tooltip_position&quot;:&quot;no&quot;,&quot;hotspot_position&quot;:null},{&quot;hotspot_icon&quot;:{&quot;value&quot;:&quot;far fa-dot-circle&quot;,&quot;library&quot;:&quot;fa-regular&quot;},&quot;hotspot_tooltip_content&quot;:&quot;&lt;p&gt;Lichtmast&lt;\\\/p&gt;&quot;,&quot;hotspot_offset_x&quot;:{&quot;unit&quot;:&quot;%&quot;,&quot;size&quot;:40,&quot;sizes&quot;:[]},&quot;_id&quot;:&quot;3cec874&quot;,&quot;hotspot_offset_y&quot;:{&quot;unit&quot;:&quot;%&quot;,&quot;size&quot;:29,&quot;sizes&quot;:[]},&quot;hotspot_label&quot;:&quot;&quot;,&quot;hotspot_link&quot;:{&quot;url&quot;:&quot;&quot;,&quot;is_external&quot;:&quot;&quot;,&quot;nofollow&quot;:&quot;&quot;,&quot;custom_attributes&quot;:&quot;&quot;},&quot;hotspot_custom_size&quot;:&quot;no&quot;,&quot;hotspot_horizontal&quot;:&quot;left&quot;,&quot;hotspot_vertical&quot;:&quot;top&quot;,&quot;hotspot_tooltip_position&quot;:&quot;no&quot;,&quot;hotspot_position&quot;:null},{&quot;hotspot_icon&quot;:{&quot;value&quot;:&quot;far fa-dot-circle&quot;,&quot;library&quot;:&quot;fa-regular&quot;},&quot;hotspot_tooltip_content&quot;:&quot;&lt;p&gt;Aggregat 8 KVA&lt;\\\/p&gt;&quot;,&quot;hotspot_offset_x&quot;:{&quot;unit&quot;:&quot;%&quot;,&quot;size&quot;:29,&quot;sizes&quot;:[]},&quot;hotspot_offset_y&quot;:{&quot;unit&quot;:&quot;%&quot;,&quot;size&quot;:60,&quot;sizes&quot;:[]},&quot;_id&quot;:&quot;6fd8561&quot;,&quot;hotspot_label&quot;:&quot;&quot;,&quot;hotspot_link&quot;:{&quot;url&quot;:&quot;&quot;,&quot;is_external&quot;:&quot;&quot;,&quot;nofollow&quot;:&quot;&quot;,&quot;custom_attributes&quot;:&quot;&quot;},&quot;hotspot_custom_size&quot;:&quot;no&quot;,&quot;hotspot_horizontal&quot;:&quot;left&quot;,&quot;hotspot_vertical&quot;:&quot;top&quot;,&quot;hotspot_tooltip_position&quot;:&quot;no&quot;,&quot;hotspot_position&quot;:null}],&quot;hotspot_sequenced_animation&quot;:&quot;yes&quot;,&quot;hotspot_sequenced_animation_duration&quot;:{&quot;unit&quot;:&quot;px&quot;,&quot;size&quot;:0,&quot;sizes&quot;:[]},&quot;tooltip_trigger&quot;:&quot;mouseenter&quot;,&quot;tooltip_position&quot;:&quot;top&quot;,&quot;tooltip_animation&quot;:&quot;e-hotspot--fade-in-out&quot;}\" data-widget_type=\"hotspot.default\">\n\t\t\t\t<div class=\"elementor-widget-container\">\n\t\t\t<img fetchpriority=\"high\" decoding=\"async\" width=\"2560\" height=\"1707\" src=\"https:\/\/ff-woergl.at\/wp-content\/uploads\/2026\/01\/KLFA-scaled.jpg\" class=\"attachment-full size-full wp-image-12749\" alt=\"\" srcset=\"https:\/\/ff-woergl.at\/wp-content\/uploads\/2026\/01\/KLFA-scaled.jpg 2560w, https:\/\/ff-woergl.at\/wp-content\/uploads\/2026\/01\/KLFA-300x200.jpg 300w, https:\/\/ff-woergl.at\/wp-content\/uploads\/2026\/01\/KLFA-1024x683.jpg 1024w, https:\/\/ff-woergl.at\/wp-content\/uploads\/2026\/01\/KLFA-768x512.jpg 768w, https:\/\/ff-woergl.at\/wp-content\/uploads\/2026\/01\/KLFA-1536x1024.jpg 1536w, https:\/\/ff-woergl.at\/wp-content\/uploads\/2026\/01\/KLFA-2048x1365.jpg 2048w, https:\/\/ff-woergl.at\/wp-content\/uploads\/2026\/01\/KLFA-720x480.jpg 720w\" sizes=\"(max-width: 2560px) 100vw, 2560px\" \/>\n\t\t\t\t\t\t<div class=\"e-hotspot elementor-repeater-item-9f1a017 e-hotspot--sequenced e-hotspot--position-left    e-hotspot--icon\">\n\n\t\t\t\t\t\t\t\t<div class=\"e-hotspot__button e-hotspot--soft-beat\">\n\t\t\t\t\t\t\t\t\t\t\t\t\t\t\t\t\t\t<div class=\"e-hotspot__icon\"><i class=\"far fa-dot-circle\"><\/i><\/div>\n\t\t\t\t\t\t\t\t\t\t\t\t\t\t\t\t\t\t\t\t\t<\/div>\n\n\t\t\t\t\t\t\t\t\t\t\t\t\t\t\t\t\t\t<div class=\"e-hotspot__tooltip  e-hotspot--tooltip-position e-hotspot--fade-in-out \" >\n\t\t\t\t\t\t<p>Mannschaftskabine f\u00fcr 6 Personen<\/p>\t\t\t\t\t<\/div>\n\t\t\t\t\t\t\t\t\t\n\t\t\t<\/div>\n\n\t\n\t\t\t\t\t\t<div class=\"e-hotspot elementor-repeater-item-e8fffca e-hotspot--sequenced e-hotspot--position-left e-hotspot--position-top   e-hotspot--icon\">\n\n\t\t\t\t\t\t\t\t<div class=\"e-hotspot__button e-hotspot--soft-beat\">\n\t\t\t\t\t\t\t\t\t\t\t\t\t\t\t\t\t\t<div class=\"e-hotspot__icon\"><i class=\"far fa-dot-circle\"><\/i><\/div>\n\t\t\t\t\t\t\t\t\t\t\t\t\t\t\t\t\t\t\t\t\t<\/div>\n\n\t\t\t\t\t\t\t\t\t\t\t\t\t\t\t\t\t\t<div class=\"e-hotspot__tooltip  e-hotspot--tooltip-position e-hotspot--fade-in-out \" >\n\t\t\t\t\t\t<p>Tragkraftspritze \/ FOX3\u00a0<\/p>\t\t\t\t\t<\/div>\n\t\t\t\t\t\t\t\t\t\n\t\t\t<\/div>\n\n\t\n\t\t\t\t\t\t<div class=\"e-hotspot elementor-repeater-item-3cec874 e-hotspot--sequenced e-hotspot--position-left e-hotspot--position-top   e-hotspot--icon\">\n\n\t\t\t\t\t\t\t\t<div class=\"e-hotspot__button e-hotspot--soft-beat\">\n\t\t\t\t\t\t\t\t\t\t\t\t\t\t\t\t\t\t<div class=\"e-hotspot__icon\"><i class=\"far fa-dot-circle\"><\/i><\/div>\n\t\t\t\t\t\t\t\t\t\t\t\t\t\t\t\t\t\t\t\t\t<\/div>\n\n\t\t\t\t\t\t\t\t\t\t\t\t\t\t\t\t\t\t<div class=\"e-hotspot__tooltip  e-hotspot--tooltip-position e-hotspot--fade-in-out \" >\n\t\t\t\t\t\t<p>Lichtmast<\/p>\t\t\t\t\t<\/div>\n\t\t\t\t\t\t\t\t\t\n\t\t\t<\/div>\n\n\t\n\t\t\t\t\t\t<div class=\"e-hotspot elementor-repeater-item-6fd8561 e-hotspot--sequenced e-hotspot--position-left e-hotspot--position-top   e-hotspot--icon\">\n\n\t\t\t\t\t\t\t\t<div class=\"e-hotspot__button e-hotspot--soft-beat\">\n\t\t\t\t\t\t\t\t\t\t\t\t\t\t\t\t\t\t<div class=\"e-hotspot__icon\"><i class=\"far fa-dot-circle\"><\/i><\/div>\n\t\t\t\t\t\t\t\t\t\t\t\t\t\t\t\t\t\t\t\t\t<\/div>\n\n\t\t\t\t\t\t\t\t\t\t\t\t\t\t\t\t\t\t<div class=\"e-hotspot__tooltip  e-hotspot--tooltip-position e-hotspot--fade-in-out \" >\n\t\t\t\t\t\t<p>Aggregat 8 KVA<\/p>\t\t\t\t\t<\/div>\n\t\t\t\t\t\t\t\t\t\n\t\t\t<\/div>\n\n\t\n\t\t\t\t<\/div>\n\t\t\t\t<\/div>\n\t\t\t\t\t<\/div>\n\t\t<\/div>\n\t\t\t\t\t<\/div>\n\t\t<\/section>\n\t\t\t\t\t<\/div>\n\t\t<\/div>\n\t\t\t\t\t<\/div>\n\t\t<\/section>\n\t\t\t\t<section class=\"elementor-section elementor-top-section elementor-element elementor-element-8ac874c elementor-section-boxed elementor-section-height-default elementor-section-height-default\" data-id=\"8ac874c\" data-element_type=\"section\">\n\t\t\t\t\t\t<div class=\"elementor-container elementor-column-gap-default\">\n\t\t\t\t\t<div class=\"elementor-column elementor-col-100 elementor-top-column elementor-element elementor-element-f258028\" data-id=\"f258028\" data-element_type=\"column\">\n\t\t\t<div class=\"elementor-widget-wrap elementor-element-populated\">\n\t\t\t\t\t\t<div class=\"elementor-element elementor-element-4a18f97 elementor-widget elementor-widget-heading\" data-id=\"4a18f97\" data-element_type=\"widget\" data-widget_type=\"heading.default\">\n\t\t\t\t<div class=\"elementor-widget-container\">\n\t\t\t<h1 class=\"elementor-heading-title elementor-size-default\">Ausr\u00fcstung<\/h1>\t\t<\/div>\n\t\t\t\t<\/div>\n\t\t\t\t<div class=\"elementor-element elementor-element-e14701e elementor-widget elementor-widget-text-editor\" data-id=\"e14701e\" data-element_type=\"widget\" data-widget_type=\"text-editor.default\">\n\t\t\t\t<div class=\"elementor-widget-container\">\n\t\t\t\t\t\t\t<p style=\"text-align: center;\">Stromaggregat 8KVA, Lichtmast, Motors\u00e4ge, Saug- &amp; Druckschl\u00e4uche, wasserf\u00fchrende Armaturen, Werkzeug, 2 Auszugsladen \u00e0 120m B-Schlauch, Tragkraftspritze Rosenbauer FOX3 mit 2 B-Ausg\u00e4ngen und Licht, 2-teilige Schiebeleiter, Schlauchbr\u00fccken, Absperrmaterial, Unterflurhydrant, Schlauchaufroller (Rolly 4, Barth Feuerwehrtechnik)<span style=\"color: #7b7c7e; font-family: 'Helvetica Neue', Helvetica, Roboto, Arial, sans-serif; font-size: 15.2px; font-style: italic; text-align: left;\">\u00a0<\/span><\/p>\t\t\t\t\t\t<\/div>\n\t\t\t\t<\/div>\n\t\t\t\t<div class=\"elementor-element elementor-element-10b7300 elementor-arrows-position-inside elementor-pagination-position-outside elementor-widget elementor-widget-image-carousel\" data-id=\"10b7300\" data-element_type=\"widget\" data-settings=\"{&quot;navigation&quot;:&quot;both&quot;,&quot;autoplay&quot;:&quot;yes&quot;,&quot;pause_on_hover&quot;:&quot;yes&quot;,&quot;pause_on_interaction&quot;:&quot;yes&quot;,&quot;autoplay_speed&quot;:5000,&quot;infinite&quot;:&quot;yes&quot;,&quot;speed&quot;:500}\" data-widget_type=\"image-carousel.default\">\n\t\t\t\t<div class=\"elementor-widget-container\">\n\t\t\t\t\t<div class=\"elementor-image-carousel-wrapper swiper\" dir=\"ltr\">\n\t\t\t<div class=\"elementor-image-carousel swiper-wrapper\" aria-live=\"off\">\n\t\t\t\t\t\t\t\t<div class=\"swiper-slide\" role=\"group\" aria-roledescription=\"slide\" aria-label=\"1 von 5\"><a data-elementor-open-lightbox=\"yes\" data-elementor-lightbox-slideshow=\"10b7300\" data-elementor-lightbox-title=\"KLF Pumpe\" data-e-action-hash=\"#elementor-action%3Aaction%3Dlightbox%26settings%3DeyJpZCI6NjU1NiwidXJsIjoiaHR0cHM6XC9cL2ZmLXdvZXJnbC5hdFwvd3AtY29udGVudFwvdXBsb2Fkc1wvMjAyNFwvMDFcL0tMRi1QdW1wZS1zY2FsZWQuanBlZyIsInNsaWRlc2hvdyI6IjEwYjczMDAifQ%3D%3D\" href=\"https:\/\/ff-woergl.at\/wp-content\/uploads\/2024\/01\/KLF-Pumpe-scaled.jpeg\"><figure class=\"swiper-slide-inner\"><img decoding=\"async\" class=\"swiper-slide-image\" src=\"https:\/\/ff-woergl.at\/wp-content\/uploads\/2024\/01\/KLF-Pumpe-768x512.jpeg\" alt=\"KLF Pumpe\" \/><\/figure><\/a><\/div><div class=\"swiper-slide\" role=\"group\" aria-roledescription=\"slide\" aria-label=\"2 von 5\"><a data-elementor-open-lightbox=\"yes\" data-elementor-lightbox-slideshow=\"10b7300\" data-elementor-lightbox-title=\"KLF Aggregat\" data-e-action-hash=\"#elementor-action%3Aaction%3Dlightbox%26settings%3DeyJpZCI6NjU1NCwidXJsIjoiaHR0cHM6XC9cL2ZmLXdvZXJnbC5hdFwvd3AtY29udGVudFwvdXBsb2Fkc1wvMjAyNFwvMDFcL0tMRi1BZ2dyZWdhdC1zY2FsZWQuanBlZyIsInNsaWRlc2hvdyI6IjEwYjczMDAifQ%3D%3D\" href=\"https:\/\/ff-woergl.at\/wp-content\/uploads\/2024\/01\/KLF-Aggregat-scaled.jpeg\"><figure class=\"swiper-slide-inner\"><img decoding=\"async\" class=\"swiper-slide-image\" src=\"https:\/\/ff-woergl.at\/wp-content\/uploads\/2024\/01\/KLF-Aggregat-768x512.jpeg\" alt=\"KLF Aggregat\" \/><\/figure><\/a><\/div><div class=\"swiper-slide\" role=\"group\" aria-roledescription=\"slide\" aria-label=\"3 von 5\"><a data-elementor-open-lightbox=\"yes\" data-elementor-lightbox-slideshow=\"10b7300\" data-elementor-lightbox-title=\"KLF Schlauch\" data-e-action-hash=\"#elementor-action%3Aaction%3Dlightbox%26settings%3DeyJpZCI6NjU1NywidXJsIjoiaHR0cHM6XC9cL2ZmLXdvZXJnbC5hdFwvd3AtY29udGVudFwvdXBsb2Fkc1wvMjAyNFwvMDFcL0tMRi1TY2hsYXVjaC1zY2FsZWQuanBlZyIsInNsaWRlc2hvdyI6IjEwYjczMDAifQ%3D%3D\" href=\"https:\/\/ff-woergl.at\/wp-content\/uploads\/2024\/01\/KLF-Schlauch-scaled.jpeg\"><figure class=\"swiper-slide-inner\"><img decoding=\"async\" class=\"swiper-slide-image\" src=\"https:\/\/ff-woergl.at\/wp-content\/uploads\/2024\/01\/KLF-Schlauch-768x512.jpeg\" alt=\"KLF Schlauch\" \/><\/figure><\/a><\/div><div class=\"swiper-slide\" role=\"group\" aria-roledescription=\"slide\" aria-label=\"4 von 5\"><a data-elementor-open-lightbox=\"yes\" data-elementor-lightbox-slideshow=\"10b7300\" data-elementor-lightbox-title=\"KLF Cockpit\" data-e-action-hash=\"#elementor-action%3Aaction%3Dlightbox%26settings%3DeyJpZCI6NjU1NSwidXJsIjoiaHR0cHM6XC9cL2ZmLXdvZXJnbC5hdFwvd3AtY29udGVudFwvdXBsb2Fkc1wvMjAyNFwvMDFcL0tMRi1Db2NrcGl0LXNjYWxlZC5qcGVnIiwic2xpZGVzaG93IjoiMTBiNzMwMCJ9\" href=\"https:\/\/ff-woergl.at\/wp-content\/uploads\/2024\/01\/KLF-Cockpit-scaled.jpeg\"><figure class=\"swiper-slide-inner\"><img decoding=\"async\" class=\"swiper-slide-image\" src=\"https:\/\/ff-woergl.at\/wp-content\/uploads\/2024\/01\/KLF-Cockpit-768x512.jpeg\" alt=\"KLF Cockpit\" \/><\/figure><\/a><\/div><div class=\"swiper-slide\" role=\"group\" aria-roledescription=\"slide\" aria-label=\"5 von 5\"><a data-elementor-open-lightbox=\"yes\" data-elementor-lightbox-slideshow=\"10b7300\" data-elementor-lightbox-title=\"KLFA\" data-e-action-hash=\"#elementor-action%3Aaction%3Dlightbox%26settings%3DeyJpZCI6MTI3NDksInVybCI6Imh0dHBzOlwvXC9mZi13b2VyZ2wuYXRcL3dwLWNvbnRlbnRcL3VwbG9hZHNcLzIwMjZcLzAxXC9LTEZBLXNjYWxlZC5qcGciLCJzbGlkZXNob3ciOiIxMGI3MzAwIn0%3D\" href=\"https:\/\/ff-woergl.at\/wp-content\/uploads\/2026\/01\/KLFA-scaled.jpg\"><figure class=\"swiper-slide-inner\"><img decoding=\"async\" class=\"swiper-slide-image\" src=\"https:\/\/ff-woergl.at\/wp-content\/uploads\/2026\/01\/KLFA-768x512.jpg\" alt=\"KLFA\" \/><\/figure><\/a><\/div>\t\t\t<\/div>\n\t\t\t\t\t\t\t\t\t\t\t\t<div class=\"elementor-swiper-button elementor-swiper-button-prev\" role=\"button\" tabindex=\"0\">\n\t\t\t\t\t\t<i aria-hidden=\"true\" class=\"eicon-chevron-left\"><\/i>\t\t\t\t\t<\/div>\n\t\t\t\t\t<div class=\"elementor-swiper-button elementor-swiper-button-next\" role=\"button\" tabindex=\"0\">\n\t\t\t\t\t\t<i aria-hidden=\"true\" class=\"eicon-chevron-right\"><\/i>\t\t\t\t\t<\/div>\n\t\t\t\t\n\t\t\t\t\t\t\t\t\t<div class=\"swiper-pagination\"><\/div>\n\t\t\t\t\t\t\t\t\t<\/div>\n\t\t\t\t<\/div>\n\t\t\t\t<\/div>\n\t\t\t\t\t<\/div>\n\t\t<\/div>\n\t\t\t\t\t<\/div>\n\t\t<\/section>\n\t\t\t\t<section class=\"elementor-section elementor-top-section elementor-element elementor-element-fa06b41 elementor-section-boxed elementor-section-height-default elementor-section-height-default\" data-id=\"fa06b41\" data-element_type=\"section\">\n\t\t\t\t\t\t<div class=\"elementor-container elementor-column-gap-default\">\n\t\t\t\t\t<div class=\"elementor-column elementor-col-100 elementor-top-column elementor-element elementor-element-1e1c982\" data-id=\"1e1c982\" data-element_type=\"column\">\n\t\t\t<div class=\"elementor-widget-wrap elementor-element-populated\">\n\t\t\t\t\t\t<div class=\"elementor-element elementor-element-5bbf933 elementor-align-center elementor-widget elementor-widget-button\" data-id=\"5bbf933\" data-element_type=\"widget\" data-widget_type=\"button.default\">\n\t\t\t\t<div class=\"elementor-widget-container\">\n\t\t\t\t\t\t\t<div class=\"elementor-button-wrapper\">\n\t\t\t\t\t<a class=\"elementor-button elementor-button-link elementor-size-sm elementor-animation-shrink\" href=\"https:\/\/ff-woergl.at\/index.php\/fuhrpark-2\/\">\n\t\t\t\t\t\t<span class=\"elementor-button-content-wrapper\">\n\t\t\t\t\t\t\t\t\t<span class=\"elementor-button-text\">Zur\u00fcck zur \u00dcbersicht<\/span>\n\t\t\t\t\t<\/span>\n\t\t\t\t\t<\/a>\n\t\t\t\t<\/div>\n\t\t\t\t\t\t<\/div>\n\t\t\t\t<\/div>\n\t\t\t\t\t<\/div>\n\t\t<\/div>\n\t\t\t\t\t<\/div>\n\t\t<\/section>\n\t\t\t\t<\/div>\n\t\t","protected":false},"excerpt":{"rendered":"<p>Kleinl\u00f6schfahrzeug (KLFA) Das Kleinl\u00f6schfahrzeu mit Allrad (KLFA) der Feuerwehr W\u00f6rgl dient in erster Linie der Sicherstellung der Wasserversorgung bei Brandeins\u00e4tzen. [&hellip;]<\/p>\n","protected":false},"author":8,"featured_media":0,"parent":4693,"menu_order":0,"comment_status":"closed","ping_status":"closed","template":"page-templates\/template_page-builder.php","meta":{"footnotes":""},"class_list":["post-6624","page","type-page","status-publish","hentry","col-lg-4 col-md-6"],"_links":{"self":[{"href":"https:\/\/ff-woergl.at\/index.php\/wp-json\/wp\/v2\/pages\/6624","targetHints":{"allow":["GET"]}}],"collection":[{"href":"https:\/\/ff-woergl.at\/index.php\/wp-json\/wp\/v2\/pages"}],"about":[{"href":"https:\/\/ff-woergl.at\/index.php\/wp-json\/wp\/v2\/types\/page"}],"author":[{"embeddable":true,"href":"https:\/\/ff-woergl.at\/index.php\/wp-json\/wp\/v2\/users\/8"}],"replies":[{"embeddable":true,"href":"https:\/\/ff-woergl.at\/index.php\/wp-json\/wp\/v2\/comments?post=6624"}],"version-history":[{"count":40,"href":"https:\/\/ff-woergl.at\/index.php\/wp-json\/wp\/v2\/pages\/6624\/revisions"}],"predecessor-version":[{"id":13300,"href":"https:\/\/ff-woergl.at\/index.php\/wp-json\/wp\/v2\/pages\/6624\/revisions\/13300"}],"up":[{"embeddable":true,"href":"https:\/\/ff-woergl.at\/index.php\/wp-json\/wp\/v2\/pages\/4693"}],"wp:attachment":[{"href":"https:\/\/ff-woergl.at\/index.php\/wp-json\/wp\/v2\/media?parent=6624"}],"curies":[{"name":"wp","href":"https:\/\/api.w.org\/{rel}","templated":true}]}}