{"id":3200,"date":"2023-10-29T19:58:22","date_gmt":"2023-10-29T18:58:22","guid":{"rendered":"https:\/\/new.ff-woergl.at\/?page_id=3200"},"modified":"2024-11-05T23:41:49","modified_gmt":"2024-11-05T22:41:49","slug":"sicherheitstipps","status":"publish","type":"page","link":"https:\/\/ff-woergl.at\/index.php\/kontakt\/sicherheitstipps\/","title":{"rendered":"Sicherheitstipps"},"content":{"rendered":"\t\t<div data-elementor-type=\"wp-page\" data-elementor-id=\"3200\" class=\"elementor elementor-3200\" data-elementor-post-type=\"page\">\n\t\t\t\t\t\t<section class=\"elementor-section elementor-top-section elementor-element elementor-element-6e0497c7 elementor-section-boxed elementor-section-height-default elementor-section-height-default\" data-id=\"6e0497c7\" data-element_type=\"section\">\n\t\t\t\t\t\t<div class=\"elementor-container elementor-column-gap-default\">\n\t\t\t\t\t<div class=\"elementor-column elementor-col-100 elementor-top-column elementor-element elementor-element-1b431db7\" data-id=\"1b431db7\" data-element_type=\"column\">\n\t\t\t<div class=\"elementor-widget-wrap elementor-element-populated\">\n\t\t\t\t\t\t<div class=\"elementor-element elementor-element-1cc4d432 elementor-widget elementor-widget-heading\" data-id=\"1cc4d432\" data-element_type=\"widget\" data-widget_type=\"heading.default\">\n\t\t\t\t<div class=\"elementor-widget-container\">\n\t\t\t<h1 class=\"elementor-heading-title elementor-size-default\">tipps f\u00fcr ihre Sicherheit<\/h1>\t\t<\/div>\n\t\t\t\t<\/div>\n\t\t\t\t<div class=\"elementor-element elementor-element-3a772fbf elementor-widget-divider--view-line elementor-widget elementor-widget-divider\" data-id=\"3a772fbf\" data-element_type=\"widget\" data-widget_type=\"divider.default\">\n\t\t\t\t<div class=\"elementor-widget-container\">\n\t\t\t\t\t<div class=\"elementor-divider\">\n\t\t\t<span class=\"elementor-divider-separator\">\n\t\t\t\t\t\t<\/span>\n\t\t<\/div>\n\t\t\t\t<\/div>\n\t\t\t\t<\/div>\n\t\t\t\t<div class=\"elementor-element elementor-element-0738587 elementor-widget elementor-widget-spacer\" data-id=\"0738587\" data-element_type=\"widget\" data-widget_type=\"spacer.default\">\n\t\t\t\t<div class=\"elementor-widget-container\">\n\t\t\t\t\t<div class=\"elementor-spacer\">\n\t\t\t<div class=\"elementor-spacer-inner\"><\/div>\n\t\t<\/div>\n\t\t\t\t<\/div>\n\t\t\t\t<\/div>\n\t\t\t\t\t<\/div>\n\t\t<\/div>\n\t\t\t\t\t<\/div>\n\t\t<\/section>\n\t\t\t\t<section class=\"elementor-section elementor-top-section elementor-element elementor-element-1a2f6c5 elementor-section-boxed elementor-section-height-default elementor-section-height-default\" data-id=\"1a2f6c5\" data-element_type=\"section\" data-settings=\"{&quot;background_background&quot;:&quot;classic&quot;}\">\n\t\t\t\t\t\t<div class=\"elementor-container elementor-column-gap-default\">\n\t\t\t\t\t<div class=\"elementor-column elementor-col-100 elementor-top-column elementor-element elementor-element-98155b2\" data-id=\"98155b2\" data-element_type=\"column\">\n\t\t\t<div class=\"elementor-widget-wrap elementor-element-populated\">\n\t\t\t\t\t\t<div class=\"elementor-element elementor-element-2b88c5c elementor-widget elementor-widget-heading\" data-id=\"2b88c5c\" data-element_type=\"widget\" data-widget_type=\"heading.default\">\n\t\t\t\t<div class=\"elementor-widget-container\">\n\t\t\t<h2 class=\"elementor-heading-title elementor-size-default\">Verhaltenstipps im Brandfall<\/h2>\t\t<\/div>\n\t\t\t\t<\/div>\n\t\t\t\t<div class=\"elementor-element elementor-element-f1f9bd1 elementor-widget elementor-widget-text-editor\" data-id=\"f1f9bd1\" data-element_type=\"widget\" data-widget_type=\"text-editor.default\">\n\t\t\t\t<div class=\"elementor-widget-container\">\n\t\t\t\t\t\t\t<ul><li>Vermeiden Sie Panik!<\/li><li>Verlassen Sie Ihre Wohnung bzw. Ihr Haus, wenn der Fluchtweg nicht zu sehr verraucht ist. Bei M\u00f6glichkeit warnen Sie zus\u00e4tzlich Ihre Mitbewohner.<\/li><li>Schlie\u00dfen Sie die T\u00fcre zum Brandraum<\/li><li>Setzen Sie, sobald Sie in Sicherheit sind, einen Notruf ab.<\/li><li>Helfen Sie nun anderen, den Gefahrenbereich zu verlassen.<\/li><li>Wenn Sie es sich zutrauen k\u00f6nnen Sie einen L\u00f6schversuch mittels Feuerl\u00f6scher vornehmen. Achten Sie auf Ihren Eigenschutz!<\/li><li>Den Aufzug im Brandfall nicht verwenden.<\/li><li>Weisen Sie die Einsatzkr\u00e4fte ein!<\/li><\/ul>\t\t\t\t\t\t<\/div>\n\t\t\t\t<\/div>\n\t\t\t\t\t<\/div>\n\t\t<\/div>\n\t\t\t\t\t<\/div>\n\t\t<\/section>\n\t\t\t\t<section class=\"elementor-section elementor-top-section elementor-element elementor-element-4bec10b elementor-section-boxed elementor-section-height-default elementor-section-height-default\" data-id=\"4bec10b\" data-element_type=\"section\">\n\t\t\t\t\t\t<div class=\"elementor-container elementor-column-gap-default\">\n\t\t\t\t\t<div class=\"elementor-column elementor-col-100 elementor-top-column elementor-element elementor-element-1e43b2f\" data-id=\"1e43b2f\" data-element_type=\"column\">\n\t\t\t<div class=\"elementor-widget-wrap elementor-element-populated\">\n\t\t\t\t\t\t<div class=\"elementor-element elementor-element-fc1097a elementor-widget elementor-widget-heading\" data-id=\"fc1097a\" data-element_type=\"widget\" data-widget_type=\"heading.default\">\n\t\t\t\t<div class=\"elementor-widget-container\">\n\t\t\t<h2 class=\"elementor-heading-title elementor-size-default\">Verhaltenstipps bei Gasgeruch<\/h2>\t\t<\/div>\n\t\t\t\t<\/div>\n\t\t\t\t<div class=\"elementor-element elementor-element-df64ca2 elementor-widget elementor-widget-text-editor\" data-id=\"df64ca2\" data-element_type=\"widget\" data-widget_type=\"text-editor.default\">\n\t\t\t\t<div class=\"elementor-widget-container\">\n\t\t\t\t\t\t\t<ul><li>Achtung Explosionsgefahr!\u00a0<\/li><li>Behalten Sie Ruhe!<\/li><li>Benutzen Sie keine Elektroger\u00e4te, kein Licht und kein offenes Feuer.<\/li><li>Verlassen Sie Ihre Wohnung bzw. Ihr Haus. Bei M\u00f6glichkeit warnen Sie Ihre Mitbewohner.<\/li><li>Setzen Sie, sobald Sie in Sicherheit sind, einen Notruf ab.<\/li><\/ul>\t\t\t\t\t\t<\/div>\n\t\t\t\t<\/div>\n\t\t\t\t\t<\/div>\n\t\t<\/div>\n\t\t\t\t\t<\/div>\n\t\t<\/section>\n\t\t\t\t<section class=\"elementor-section elementor-top-section elementor-element elementor-element-b82344a elementor-section-boxed elementor-section-height-default elementor-section-height-default\" data-id=\"b82344a\" data-element_type=\"section\" data-settings=\"{&quot;background_background&quot;:&quot;classic&quot;}\">\n\t\t\t\t\t\t<div class=\"elementor-container elementor-column-gap-default\">\n\t\t\t\t\t<div class=\"elementor-column elementor-col-100 elementor-top-column elementor-element elementor-element-5a7e967\" data-id=\"5a7e967\" data-element_type=\"column\">\n\t\t\t<div class=\"elementor-widget-wrap elementor-element-populated\">\n\t\t\t\t\t\t<div class=\"elementor-element elementor-element-41aef47 elementor-widget elementor-widget-heading\" data-id=\"41aef47\" data-element_type=\"widget\" data-widget_type=\"heading.default\">\n\t\t\t\t<div class=\"elementor-widget-container\">\n\t\t\t<h2 class=\"elementor-heading-title elementor-size-default\">Rauchmelder Retten Leben<\/h2>\t\t<\/div>\n\t\t\t\t<\/div>\n\t\t\t\t<div class=\"elementor-element elementor-element-e6fead9 elementor-widget elementor-widget-text-editor\" data-id=\"e6fead9\" data-element_type=\"widget\" data-widget_type=\"text-editor.default\">\n\t\t\t\t<div class=\"elementor-widget-container\">\n\t\t\t\t\t\t\t<p>J\u00e4hrlich gibt es unz\u00e4hlige Personen, welche durch den giftigen Brandrauch get\u00f6tet werden. Um dies zu vermeiden, sollte man Rauchmelder in der Wohnung bzw. im Haus installieren. Die Montage eines Rauchmelders ist zudem kinderleicht und kann auch von Privatpersonen anhand der Bedienungsanleitung durchgef\u00fchrt werden.<\/p><p>Folgende Kriterien sind beim Kauf von Rauchmeldern zu beachten:<\/p><ul><li>Es soll ein Testknopf vorhanden sein. (einfache Funktions\u00fcberpr\u00fcfung)<\/li><li>Ausf\u00fchrliche Montage- bzw. Betriebsanleitung muss vorhanden sein.<\/li><li>Der Rauchmelder sollte keine radioaktiven Materialien enthalten (Strahlenschutzzeichen beachten).<\/li><li>Internationale Normen sollten eingehalten werden.<\/li><li>M\u00f6glichkeit zur Vernetzung mit weiteren Rauchmeldern.<\/li><\/ul>\t\t\t\t\t\t<\/div>\n\t\t\t\t<\/div>\n\t\t\t\t\t<\/div>\n\t\t<\/div>\n\t\t\t\t\t<\/div>\n\t\t<\/section>\n\t\t\t\t<section class=\"elementor-section elementor-top-section elementor-element elementor-element-c9ff99f elementor-section-boxed elementor-section-height-default elementor-section-height-default\" data-id=\"c9ff99f\" data-element_type=\"section\">\n\t\t\t\t\t\t<div class=\"elementor-container elementor-column-gap-default\">\n\t\t\t\t\t<div class=\"elementor-column elementor-col-50 elementor-top-column elementor-element elementor-element-5c0b34e\" data-id=\"5c0b34e\" data-element_type=\"column\">\n\t\t\t<div class=\"elementor-widget-wrap elementor-element-populated\">\n\t\t\t\t\t\t<div class=\"elementor-element elementor-element-3fb2113 elementor-widget elementor-widget-heading\" data-id=\"3fb2113\" data-element_type=\"widget\" data-widget_type=\"heading.default\">\n\t\t\t\t<div class=\"elementor-widget-container\">\n\t\t\t<h2 class=\"elementor-heading-title elementor-size-default\">Sirenensignale<\/h2>\t\t<\/div>\n\t\t\t\t<\/div>\n\t\t\t\t<div class=\"elementor-element elementor-element-dbdaa30 elementor-widget elementor-widget-text-editor\" data-id=\"dbdaa30\" data-element_type=\"widget\" data-widget_type=\"text-editor.default\">\n\t\t\t\t<div class=\"elementor-widget-container\">\n\t\t\t\t\t\t\t<p>Die verschiedenen Sirenensignale dienen zur Warnung der Bev\u00f6lkerung. Deshalb sollte man sich auch die Bedeutung der einzelnen Signale ab und zu in Erinnerung rufen!<\/p>\t\t\t\t\t\t<\/div>\n\t\t\t\t<\/div>\n\t\t\t\t\t<\/div>\n\t\t<\/div>\n\t\t\t\t<div class=\"elementor-column elementor-col-50 elementor-top-column elementor-element elementor-element-ea701f5\" data-id=\"ea701f5\" data-element_type=\"column\">\n\t\t\t<div class=\"elementor-widget-wrap elementor-element-populated\">\n\t\t\t\t\t\t<div class=\"elementor-element elementor-element-b2a604e elementor-widget__width-initial elementor-widget elementor-widget-image\" data-id=\"b2a604e\" data-element_type=\"widget\" data-widget_type=\"image.default\">\n\t\t\t\t<div class=\"elementor-widget-container\">\n\t\t\t\t\t\t\t\t\t\t\t\t\t\t<a href=\"https:\/\/new.ff-woergl.at\/wp-content\/uploads\/2023\/12\/signale-725x1024-1-e1703257121979.jpg\" data-elementor-open-lightbox=\"yes\" data-elementor-lightbox-title=\"signale-725x1024\" data-e-action-hash=\"#elementor-action%3Aaction%3Dlightbox%26settings%3DeyJpZCI6NjE5MCwidXJsIjoiaHR0cHM6XC9cL2ZmLXdvZXJnbC5hdFwvd3AtY29udGVudFwvdXBsb2Fkc1wvMjAyM1wvMTJcL3NpZ25hbGUtNzI1eDEwMjQtMS1lMTcwMzI1NzEyMTk3OS5qcGcifQ%3D%3D\">\n\t\t\t\t\t\t\t<img fetchpriority=\"high\" decoding=\"async\" width=\"648\" height=\"452\" src=\"https:\/\/ff-woergl.at\/wp-content\/uploads\/2023\/12\/signale-725x1024-1-e1703257121979.jpg\" class=\"attachment-medium_large size-medium_large wp-image-6190\" alt=\"\" srcset=\"https:\/\/ff-woergl.at\/wp-content\/uploads\/2023\/12\/signale-725x1024-1-e1703257121979.jpg 648w, https:\/\/ff-woergl.at\/wp-content\/uploads\/2023\/12\/signale-725x1024-1-e1703257121979-300x209.jpg 300w\" sizes=\"(max-width: 648px) 100vw, 648px\" \/>\t\t\t\t\t\t\t\t<\/a>\n\t\t\t\t\t\t\t\t\t\t\t\t\t<\/div>\n\t\t\t\t<\/div>\n\t\t\t\t\t<\/div>\n\t\t<\/div>\n\t\t\t\t\t<\/div>\n\t\t<\/section>\n\t\t\t\t<section class=\"elementor-section elementor-top-section elementor-element elementor-element-197f3a2 elementor-section-boxed elementor-section-height-default elementor-section-height-default\" data-id=\"197f3a2\" data-element_type=\"section\" data-settings=\"{&quot;background_background&quot;:&quot;classic&quot;}\">\n\t\t\t\t\t\t<div class=\"elementor-container elementor-column-gap-default\">\n\t\t\t\t\t<div class=\"elementor-column elementor-col-100 elementor-top-column elementor-element elementor-element-30090bf\" data-id=\"30090bf\" data-element_type=\"column\">\n\t\t\t<div class=\"elementor-widget-wrap elementor-element-populated\">\n\t\t\t\t\t\t<div class=\"elementor-element elementor-element-52f205b elementor-widget elementor-widget-heading\" data-id=\"52f205b\" data-element_type=\"widget\" data-widget_type=\"heading.default\">\n\t\t\t\t<div class=\"elementor-widget-container\">\n\t\t\t<h2 class=\"elementor-heading-title elementor-size-default\">NOTRUFNUMMERN<\/h2>\t\t<\/div>\n\t\t\t\t<\/div>\n\t\t\t\t<div class=\"elementor-element elementor-element-483df19 elementor-widget elementor-widget-text-editor\" data-id=\"483df19\" data-element_type=\"widget\" data-widget_type=\"text-editor.default\">\n\t\t\t\t<div class=\"elementor-widget-container\">\n\t\t\t\t\t\t\t<p>Hier sind die wichtigsten Notrufnummern nochmal f\u00fcr Sie aufgelistet:<\/p>\t\t\t\t\t\t<\/div>\n\t\t\t\t<\/div>\n\t\t\t\t<div class=\"elementor-element elementor-element-316d354 elementor-widget elementor-widget-text-editor\" data-id=\"316d354\" data-element_type=\"widget\" data-widget_type=\"text-editor.default\">\n\t\t\t\t<div class=\"elementor-widget-container\">\n\t\t\t\t\t\t\t<p>FEUERWEHR: 122<\/p><p>POLIZEI: 133<\/p><p>RETTUNG: 144<\/p><p>BERGRETTUNG: 140<\/p><p>EURONOTRUF: 112<\/p><p>VERGIFTUNGSZENTRALE: 014 064 343<\/p>\t\t\t\t\t\t<\/div>\n\t\t\t\t<\/div>\n\t\t\t\t\t<\/div>\n\t\t<\/div>\n\t\t\t\t\t<\/div>\n\t\t<\/section>\n\t\t\t\t<\/div>\n\t\t","protected":false},"excerpt":{"rendered":"<p>tipps f\u00fcr ihre Sicherheit Verhaltenstipps im Brandfall Vermeiden Sie Panik! Verlassen Sie Ihre Wohnung bzw. Ihr Haus, wenn der Fluchtweg [&hellip;]<\/p>\n","protected":false},"author":7,"featured_media":0,"parent":1442,"menu_order":0,"comment_status":"closed","ping_status":"closed","template":"page-templates\/template_page-builder.php","meta":{"footnotes":""},"class_list":["post-3200","page","type-page","status-publish","hentry","col-lg-4 col-md-6"],"_links":{"self":[{"href":"https:\/\/ff-woergl.at\/index.php\/wp-json\/wp\/v2\/pages\/3200","targetHints":{"allow":["GET"]}}],"collection":[{"href":"https:\/\/ff-woergl.at\/index.php\/wp-json\/wp\/v2\/pages"}],"about":[{"href":"https:\/\/ff-woergl.at\/index.php\/wp-json\/wp\/v2\/types\/page"}],"author":[{"embeddable":true,"href":"https:\/\/ff-woergl.at\/index.php\/wp-json\/wp\/v2\/users\/7"}],"replies":[{"embeddable":true,"href":"https:\/\/ff-woergl.at\/index.php\/wp-json\/wp\/v2\/comments?post=3200"}],"version-history":[{"count":36,"href":"https:\/\/ff-woergl.at\/index.php\/wp-json\/wp\/v2\/pages\/3200\/revisions"}],"predecessor-version":[{"id":6196,"href":"https:\/\/ff-woergl.at\/index.php\/wp-json\/wp\/v2\/pages\/3200\/revisions\/6196"}],"up":[{"embeddable":true,"href":"https:\/\/ff-woergl.at\/index.php\/wp-json\/wp\/v2\/pages\/1442"}],"wp:attachment":[{"href":"https:\/\/ff-woergl.at\/index.php\/wp-json\/wp\/v2\/media?parent=3200"}],"curies":[{"name":"wp","href":"https:\/\/api.w.org\/{rel}","templated":true}]}}