{"id":1755,"date":"2023-01-13T20:18:16","date_gmt":"2023-01-13T19:18:16","guid":{"rendered":"https:\/\/neu.feuerwehr-zirl.at\/?page_id=1755"},"modified":"2023-12-10T15:16:46","modified_gmt":"2023-12-10T14:16:46","slug":"datenschutzerklaerung","status":"publish","type":"page","link":"https:\/\/ff-woergl.at\/index.php\/datenschutzerklaerung\/","title":{"rendered":"Datenschutzerkl\u00e4rung"},"content":{"rendered":"\t\t<div data-elementor-type=\"wp-page\" data-elementor-id=\"1755\" class=\"elementor elementor-1755\" data-elementor-post-type=\"page\">\n\t\t\t\t\t\t<section class=\"elementor-section elementor-top-section elementor-element elementor-element-704aa5b8 elementor-section-boxed elementor-section-height-default elementor-section-height-default\" data-id=\"704aa5b8\" data-element_type=\"section\">\n\t\t\t\t\t\t<div class=\"elementor-container elementor-column-gap-default\">\n\t\t\t\t\t<div class=\"elementor-column elementor-col-100 elementor-top-column elementor-element elementor-element-92d6ec\" data-id=\"92d6ec\" data-element_type=\"column\">\n\t\t\t<div class=\"elementor-widget-wrap elementor-element-populated\">\n\t\t\t\t\t\t<div class=\"elementor-element elementor-element-378f2cef elementor-widget elementor-widget-text-editor\" data-id=\"378f2cef\" data-element_type=\"widget\" data-widget_type=\"text-editor.default\">\n\t\t\t\t<div class=\"elementor-widget-container\">\n\t\t\t\t\t\t\t<section class=\"elementor-section elementor-top-section elementor-element elementor-element-5bbf1f1d elementor-section-boxed elementor-section-height-default elementor-section-height-default\" data-id=\"5bbf1f1d\" data-element_type=\"section\"><div class=\"elementor-container elementor-column-gap-default\"><div class=\"elementor-row\"><div class=\"elementor-column elementor-col-100 elementor-top-column elementor-element elementor-element-27219ca9\" data-id=\"27219ca9\" data-element_type=\"column\"><div class=\"elementor-column-wrap elementor-element-populated\"><div class=\"elementor-widget-wrap\"><div class=\"elementor-element elementor-element-3c0144df elementor-widget elementor-widget-text-editor\" data-id=\"3c0144df\" data-element_type=\"widget\" data-widget_type=\"text-editor.default\"><div class=\"elementor-widget-container\"><div class=\"elementor-text-editor elementor-clearfix\"><p>Der Schutz personenbezogener Daten ist uns ein wichtiges Anliegen. Deshalb betreiben wir unsere Aktivit\u00e4ten in \u00dcbereinstimmung mit den anwendbaren Rechtsvorschriften zum Schutz personenbezogener Daten und zur Datensicherheit. Im Folgenden erfahren Sie, welche Informationen wir gegebenenfalls sammeln, wie wir damit umgehen und wem wir sie gegebenenfalls zur Verf\u00fcgung stellen.<\/p><p>Wir erkl\u00e4ren die Einhaltung der gesetzlichen Bestimmungen zum Datenschutz. Insbesondere werden Daten ausschlie\u00dflich im Rahmen der Auftr\u00e4ge verwendet sowie Ma\u00dfnahmen zur Gew\u00e4hrleistung der Datensicherheit getroffen, indem sichergestellt wird, dass Daten ordnungsgem\u00e4\u00df verwendet und Unbefugten nicht zug\u00e4nglich gemacht werden. Auftraggeber, Dienstleister und ihre Mitarbeiter sind zur Verschwiegenheit und Geheimhaltung der von <span lang=\"en\">User <\/span>bekannt gegebenen Daten verpflichtet, soweit kein rechtlich zul\u00e4ssiger Grund f\u00fcr eine \u00dcbermittlung oder Offenlegung der anvertrauten oder zug\u00e4nglich gemachten Daten besteht.<\/p><p>Ihnen stehen grunds\u00e4tzlich die Rechte auf Auskunft, Berichtigung, L\u00f6schung, Einschr\u00e4nkung, Daten\u00fcbertragbarkeit, Widerruf und Widerspruch zu. Wenn Sie glauben, dass die Verarbeitung Ihrer Daten gegen das Datenschutzrecht verst\u00f6\u00dft oder Ihre datenschutzrechtlichen Anspr\u00fcche sonst in einer Weise verletzt worden sind, k\u00f6nnen Sie sich bei der Aufsichtsbeh\u00f6rde beschweren. In \u00d6sterreich ist dies die Datenschutzbeh\u00f6rde. Datenschutzb\u00f6rde der Republik \u00d6sterreich \u2013 <a class=\"extlink\" title=\"Datenschutzbeh\u00f6rde der Republik \u00d6sterreich\" href=\"https:\/\/www.dsb.gv.at\/\" target=\"_blank\" rel=\"noopener\">https:\/\/www.dsb.gv.at\/<\/a> <\/p><h3>Personenbezogene Daten<\/h3><p>\u00dcber unsere Websites erfassen wir keinerlei personenbezogene Daten (beispielsweise\u00a0Namen, Anschriften, Telefonnummern oder E-Mail-Adressen), au\u00dfer wenn Sie uns solche Daten freiwillig zur Verf\u00fcgung stellen (beispielsweise durch Registrierung, Umfrage, Kontaktaufnahme oder Anmeldung zum Newsletter) <acronym title=\"beziehungsweise\">bzw<\/acronym>. eingewilligt haben oder die entsprechenden Rechtsvorschriften \u00fcber den Schutz Ihrer Daten dies erlauben.<\/p><h3>Zweckbestimmung<\/h3><p>Die von Ihnen zur Verf\u00fcgung gestellten personenbezogenen Daten verwenden wir im Allgemeinen, um Ihre Anfragen zu beantworten, Ihre Registrierung zu bearbeiten oder Ihnen Zugang zu bestimmten Informationen zu verschaffen. Zur Pflege der B\u00fcrgerbeziehungen kann es weiterhin n\u00f6tig sein,<\/p><ul><li>dass wir Ihre personenbezogenen Daten speichern oder verarbeiten um auf Ihre W\u00fcnsche besser eingehen zu k\u00f6nnen oder unser B\u00fcrgerservice zu verbessern; oder<\/li><li>dass wir (oder ein Dritter in unserem Auftrag) diese personenbezogenen Daten verwenden, um Sie \u00fcber unsere Homepageangebote \/ B\u00fcrgerservice zu informieren, um den Aufgaben und Anforderungen unserer B\u00fcrger besser gerecht zu werden.<\/li><\/ul><p>Selbstverst\u00e4ndlich respektieren wir es, wenn Sie uns Ihre personenbezogenen Daten nicht zur Unterst\u00fctzung unserer B\u00fcrgerbeziehung \u00fcberlassen wollen. Ein allf\u00e4lliger Einwand gegen die \u00dcberlassung der Daten kann in jeglicher Art per E-Mail eingebracht werden.<\/p><h3>Austausch personenbezogener Daten\u00a0<\/h3><p>Der Feuerwehrverband kann personenbezogene Daten gegen\u00fcber Dritten offenlegen, wenn sie in Treu und Glauben davon \u00fcberzeugt ist, dass dies vom Gesetz verlangt wird; dass dies auf eine gesetzliche oder gerichtliche Anordnung hinauf erfolgt; dass dies f\u00fcr den Schutz von Rechten, Eigentumsrechten oder der Sicherheit von uns oder den mit uns verbundenen Unternehmen, Gesch\u00e4ftsverbindungen, Kunden oder anderen Personen erforderlich ist.<\/p><h3>Kommunikations- oder nutzungsbezogene Angaben<\/h3><p>Wenn Sie \u00fcber Telekommunikationsdienste auf unsere Websites zugreifen, werden kommunikationsbezogene Angaben (beispielsweise Internet-Protokoll-Adresse) <acronym title=\"beziehungsweise\">bzw<\/acronym>. nutzungsbezogene Angaben (beispielsweise Angaben zu Nutzungsbeginn und -dauer sowie zu den von Ihnen genutzten Telekommunikationsdiensten) mit technischen Mitteln automatisch erzeugt. Diese k\u00f6nnen eventuell R\u00fcckschl\u00fcsse auf personenbezogene Daten zulassen. Soweit eine Erfassung, Verarbeitung und Verwendung Ihrer kommunikations- bzw. nutzungsbezogenen Angaben zwingend notwendig ist, unterliegt diese den gesetzlichen Regelungen zum Datenschutz.<\/p><h3>Automatisch erfasste nicht-personenbezogene Daten<\/h3><p>Wenn Sie auf unsere Websites zugreifen, werden gelegentlich automatisch (also nicht \u00fcber eine Registrierung) Informationen gesammelt, die nicht einer bestimmten Person zugeordnet sind (beispielsweise verwendeter Internet-<span lang=\"en\">Browser <\/span>und Betriebssystem; Domain-Name der <span lang=\"en\">Website<\/span>, von der Sie kamen; Anzahl der Besuche; durchschnittliche Verweilzeit; aufgerufene Seiten). Wir verwenden diese Informationen, um die Attraktivit\u00e4t unserer Websites zu ermitteln und deren Leistungsf\u00e4higkeit und Inhalte zu verbessern.<\/p><h3>\u201e<span lang=\"en\">Cookies<\/span>\u201c \u2013 Informationen, die automatisch auf Ihrem Rechner abgelegt werden<\/h3><p>Wenn Sie eine unserer Websites besuchen, kann es sein, dass wir Informationen in Form eines \u201e<span lang=\"en\">Cookie<\/span>\u201c auf Ihrem Computer ablegen, die ihn bei Ihrem n\u00e4chsten Besuch automatisch wiedererkennt. Wenn Sie nicht m\u00f6chten, dass wir Ihren Computer wiedererkennen, stellen Sie Ihren Internet-<span lang=\"en\">Browser <\/span>bitte so ein, dass er <span lang=\"en\">Cookies <\/span>von Ihrer Computerfestplatte l\u00f6scht, alle <span lang=\"en\">Cookies <\/span>blockiert oder Sie warnt, bevor ein <span lang=\"en\">Cookie <\/span>gespeichert wird.<\/p><h3>Sicherheit<\/h3><p>Es werden technische und organisatorische Sicherheitsma\u00dfnahmen getroffen, um Ihre personenbezogenen Daten gegen unbeabsichtigte oder unrechtm\u00e4\u00dfige L\u00f6schung, Ver\u00e4nderung oder gegen Verlust und gegen unberechtigte Weitergabe oder unberechtigten Zugriff zu sch\u00fctzen.<\/p><h3>Links zu anderen Websites<\/h3><p>Die <span lang=\"en\">Website <\/span>enth\u00e4lt Links zu anderen <span lang=\"en\">Websites<\/span>. Der Feuerwehrverband ist f\u00fcr die Datenschutz-<span lang=\"en\">Policies <\/span>oder den Inhalt dieser anderen Websites nicht verantwortlich.<\/p><h3>Verwendung von <span lang=\"en\">Facebook-Plugins<\/span>:<\/h3><p>Auf unseren Seiten sind <span lang=\"en\">Plugins <\/span>des sozialen Netzwerks Facebook (Facebook Ireland Limited, Hanover Reach, 5-7 Hanover Quay, Dublin 2 Ireland) integriert. Die <span lang=\"en\">Facebook-Plugins <\/span>erkennen Sie an dem <span lang=\"en\">Facebook<\/span>-Logo oder dem \u201e<span lang=\"en\">Like-Button<\/span>\u201c (\u201eGef\u00e4llt mir\u201c) auf unserer Seite. Eine \u00dcbersicht \u00fcber die <span lang=\"en\">Facebook-Plugins <\/span>finden Sie hier: <a class=\"extlink\" title=\"Link zu Facebook\" href=\"http:\/\/developers.facebook.com\/docs\/plugins\/\" target=\"_blank\" rel=\"noopener\">http:\/\/developers.facebook.com\/docs\/plugins\/<\/a>\u00a0\u00a0<\/p><p>Wenn Sie unsere Seiten besuchen, wird \u00fcber das Plugin eine direkte Verbindung zwischen Ihrem Browser und dem <span lang=\"en\">Facebook-Server <\/span>hergestellt. <span lang=\"en\">Facebook <\/span>erh\u00e4lt dadurch die Information, dass Sie mit Ihrer IP-Adresse unsere Seite besucht haben. Wenn Sie den <span lang=\"en\">Facebook \u201eLike-Button<\/span>\u201c anklicken w\u00e4hrend Sie in Ihrem <span lang=\"en\">Facebook-Account <\/span>eingeloggt sind, k\u00f6nnen Sie die Inhalte unserer Seiten auf Ihrem <span lang=\"en\">Facebook-<\/span>Profil verlinken. Dadurch kann Facebook den Besuch unserer Seiten Ihrem Benutzerkonto zuordnen.\u00a0<\/p><p>Wir weisen darauf hin, dass wir als Anbieter der Seiten keine Kenntnis vom Inhalt der \u00fcbermittelten Daten sowie deren Nutzung durch <span lang=\"en\">Facebook <\/span>erhalten. Weitere Informationen hierzu finden Sie in der Datenschutzerkl\u00e4rung von <span lang=\"en\">Facebook <\/span>unter <a class=\"extlink\" title=\"Link zu Facebook\" href=\"https:\/\/de-de.facebook.com\/policy.php\" target=\"_blank\" rel=\"noopener\">https:\/\/de-de.facebook.com\/policy.php<\/a>. Wenn Sie nicht w\u00fcnschen, dass Facebook den Besuch unserer Seiten Ihrem Facebook-Nutzerkonto zuordnen kann, loggen Sie sich bitte aus Ihrem <span lang=\"en\">Facebook<\/span>-Benutzerkonto aus.<\/p><h3>Fragen und Anmerkungen<\/h3><p>Der Feuerwehrverband wird auf alle angemessenen Anfragen zur Einsicht in und <acronym title=\"gegebenenfalls\">ggf<\/acronym>. Berichtigung, Erg\u00e4nzung oder L\u00f6schung von personenbezogenen Daten reagieren. Wenn Sie Fragen oder Anmerkungen zu dieser Datenschutz-Policy haben, treten Sie \u00fcber den Kontakt Bereich mit uns in Verbindung. Im Zuge der Weiterentwicklung des Internets werden wir auch unsere Datenschutz-<span lang=\"en\">Policy <\/span>laufend anpassen. \u00c4nderungen werden wir auf dieser Seite rechtzeitig bekannt geben.<\/p><\/div><\/div><\/div><\/div><\/div><\/div><\/div><\/div><\/section>\t\t\t\t\t\t<\/div>\n\t\t\t\t<\/div>\n\t\t\t\t\t<\/div>\n\t\t<\/div>\n\t\t\t\t\t<\/div>\n\t\t<\/section>\n\t\t\t\t<\/div>\n\t\t","protected":false},"excerpt":{"rendered":"<p>Der Schutz personenbezogener Daten ist uns ein wichtiges Anliegen. Deshalb betreiben wir unsere Aktivit\u00e4ten in \u00dcbereinstimmung mit den anwendbaren Rechtsvorschriften [&hellip;]<\/p>\n","protected":false},"author":7,"featured_media":0,"parent":0,"menu_order":0,"comment_status":"closed","ping_status":"closed","template":"page-templates\/template_fullwidth.php","meta":{"footnotes":""},"class_list":["post-1755","page","type-page","status-publish","hentry","col-lg-4 col-md-6"],"_links":{"self":[{"href":"https:\/\/ff-woergl.at\/index.php\/wp-json\/wp\/v2\/pages\/1755","targetHints":{"allow":["GET"]}}],"collection":[{"href":"https:\/\/ff-woergl.at\/index.php\/wp-json\/wp\/v2\/pages"}],"about":[{"href":"https:\/\/ff-woergl.at\/index.php\/wp-json\/wp\/v2\/types\/page"}],"author":[{"embeddable":true,"href":"https:\/\/ff-woergl.at\/index.php\/wp-json\/wp\/v2\/users\/7"}],"replies":[{"embeddable":true,"href":"https:\/\/ff-woergl.at\/index.php\/wp-json\/wp\/v2\/comments?post=1755"}],"version-history":[{"count":8,"href":"https:\/\/ff-woergl.at\/index.php\/wp-json\/wp\/v2\/pages\/1755\/revisions"}],"predecessor-version":[{"id":5859,"href":"https:\/\/ff-woergl.at\/index.php\/wp-json\/wp\/v2\/pages\/1755\/revisions\/5859"}],"wp:attachment":[{"href":"https:\/\/ff-woergl.at\/index.php\/wp-json\/wp\/v2\/media?parent=1755"}],"curies":[{"name":"wp","href":"https:\/\/api.w.org\/{rel}","templated":true}]}}