{"id":1407,"date":"2023-01-13T16:18:12","date_gmt":"2023-01-13T15:18:12","guid":{"rendered":"https:\/\/neu.feuerwehr-zirl.at\/?page_id=1407"},"modified":"2025-11-26T22:24:39","modified_gmt":"2025-11-26T21:24:39","slug":"impressum","status":"publish","type":"page","link":"https:\/\/ff-woergl.at\/index.php\/impressum\/","title":{"rendered":"Impressum"},"content":{"rendered":"\t\t<div data-elementor-type=\"wp-page\" data-elementor-id=\"1407\" class=\"elementor elementor-1407\" data-elementor-post-type=\"page\">\n\t\t\t\t\t\t<section class=\"elementor-section elementor-top-section elementor-element elementor-element-6b9715aa elementor-section-boxed elementor-section-height-default elementor-section-height-default\" data-id=\"6b9715aa\" data-element_type=\"section\">\n\t\t\t\t\t\t<div class=\"elementor-container elementor-column-gap-default\">\n\t\t\t\t\t<div class=\"elementor-column elementor-col-100 elementor-top-column elementor-element elementor-element-219ff540\" data-id=\"219ff540\" data-element_type=\"column\">\n\t\t\t<div class=\"elementor-widget-wrap elementor-element-populated\">\n\t\t\t\t\t\t<div class=\"elementor-element elementor-element-62cb79f3 elementor-widget elementor-widget-heading\" data-id=\"62cb79f3\" data-element_type=\"widget\" data-widget_type=\"heading.default\">\n\t\t\t\t<div class=\"elementor-widget-container\">\n\t\t\t<h2 class=\"elementor-heading-title elementor-size-default\">Impressum<\/h2>\t\t<\/div>\n\t\t\t\t<\/div>\n\t\t\t\t<div class=\"elementor-element elementor-element-48079d32 elementor-widget-divider--view-line elementor-widget elementor-widget-divider\" data-id=\"48079d32\" data-element_type=\"widget\" data-widget_type=\"divider.default\">\n\t\t\t\t<div class=\"elementor-widget-container\">\n\t\t\t\t\t<div class=\"elementor-divider\">\n\t\t\t<span class=\"elementor-divider-separator\">\n\t\t\t\t\t\t<\/span>\n\t\t<\/div>\n\t\t\t\t<\/div>\n\t\t\t\t<\/div>\n\t\t\t\t\t<\/div>\n\t\t<\/div>\n\t\t\t\t\t<\/div>\n\t\t<\/section>\n\t\t\t\t<section class=\"elementor-section elementor-top-section elementor-element elementor-element-63d8f05 elementor-section-boxed elementor-section-height-default elementor-section-height-default\" data-id=\"63d8f05\" data-element_type=\"section\">\n\t\t\t\t\t\t<div class=\"elementor-container elementor-column-gap-default\">\n\t\t\t\t\t<div class=\"elementor-column elementor-col-100 elementor-top-column elementor-element elementor-element-1008654\" data-id=\"1008654\" data-element_type=\"column\">\n\t\t\t<div class=\"elementor-widget-wrap elementor-element-populated\">\n\t\t\t\t\t\t<div class=\"elementor-element elementor-element-b4421fb elementor-widget elementor-widget-text-editor\" data-id=\"b4421fb\" data-element_type=\"widget\" data-widget_type=\"text-editor.default\">\n\t\t\t\t<div class=\"elementor-widget-container\">\n\t\t\t\t\t\t\t<h4 class=\"entry-title\">Adresse<\/h4>\n<p class=\"entry-title\">Freiwillige Feuerwehr der Stadt W\u00f6rgl<br>Michael Pacher Str. 3<br>A-6300 W\u00f6rgl<\/p>\n<h4>Verantwortlich f\u00fcr den Inhalt<\/h4>\n<p>Kommandant:&nbsp;&nbsp; HBI Sebastian Prosch<br>Webmaster: &nbsp; LM Johannes Feiersinger | HLM Martin Koidl | OFM Julia Obwaller<\/p>\n<h4>Kontakt<\/h4>\n<p>Email:&nbsp; feuerwehr@woergl.at<br>Webseite: www.ff-woergl.at<\/p>\n<h4>Copyright<\/h4>\n<p><u><b>Kurzfassung:<\/b><\/u><\/p>\n<p>Alle Rechte vorbehalten. Verantwortlich f\u00fcr Inhalt und Gestaltung der Internetpr\u00e4sentation ist die Feuerwehr W\u00f6rgl.<\/p>\n<p>Die Feuerwehr W\u00f6rgl erteilt die Erlaubnis alle auf diesen Internetseiten erscheinenden Inhalte zur Informationsgewinnung des Anwenders zu nutzen und zu kopieren bzw. einen Ausdruck zu erstellen. F\u00fcr eine gewerbliche Nutzung gilt dies nur nach einer vorher schriftlich erteilten Zustimmung.<\/p>\n<p>Layout und Gestaltung dieser Pr\u00e4sentation sowie die enthaltenen Informationen sind gem\u00e4\u00df dem Urheberrechtsgesetz gesch\u00fctzt.<br>Das ist auch zu beachten, wenn auf diesen Internetseiten erscheinende Materialien Dritter zur Informationsgewinnung verwendet oder kopiert werden.<\/p>\n<p>Eingetragene und nicht eingetragene Warenzeichen dieser Internetpr\u00e4sentation oder Dritter d\u00fcrfen ohne vorherige schriftliche Zustimmung nicht in Werbematerialien oder anderen Ver\u00f6ffentlichungen, im Zusammenhang mit der Verbreitung von Informationen verwendet werden.<\/p>\n<p>Alle Angaben erfolgen ohne Gew\u00e4hr. Eine Haftung f\u00fcr Sch\u00e4den, die sich aus der Verwendung der ver\u00f6ffentlichten Inhalte ergeben, ist ausgeschlossen.<\/p>\n<p>Diese Webseite wird ver\u00f6ffentlicht und gepflegt durch die Feuerwehr W\u00f6rgl.<\/p>\n<p><u><b>Langfassung:<\/b><\/u><\/p>\n<p><strong>Bildquellen und -rechte<\/strong><br>S\u00e4mtliches dargestelltes Bildmaterial unterliegt &#8211; sofern nicht anders angegeben &#8211; dem Copyright<br>der Freiwilligen Feuerwehr der Stadt W\u00f6rgl. Verwendung und<br>Vervielf\u00e4ltigung nur mit ausdr\u00fccklicher schriftlicher Zustimmung der<br>Feuerwehr W\u00f6rgl.<\/p>\n<p>Bilder und Logos mit freundlicher Genehmigung der jeweiligen Eigent\u00fcmer.<\/p>\n<p><strong><br>Haftungsausschluss<\/strong><\/p>\n<p><em><strong>1. Inhalt des Onlineangebotes<\/strong><\/em><\/p>\n<p>Die Nutzung dieser Website erfolgt auf eigene Gefahr und auf eigenes<br>Risiko. Wir \u00fcbernehmen weder Gew\u00e4hr f\u00fcr st\u00e4ndige Verf\u00fcgbarkeit, noch f\u00fcr<br>die ver\u00f6ffentlichten Beitr\u00e4ge, Angebote, Dienstleistungen und Services<br>hinsichtlich Korrektheit, Vollst\u00e4ndigkeit, Qualit\u00e4t und Funktionalit\u00e4t.<br>Die Gew\u00e4hrleistung richtet sich nach den gesetzlichen Bestimmungen.<br>Jegliche Haftung f\u00fcr Sch\u00e4den, die direkt oder indirekt aus der Benutzung<br>dieser Webseite entstehen, ist ausgeschlossen. Diese Website und die<br>damit verbundenen Dienste werden unter dem Gesichtspunkt gr\u00f6\u00dfter<br>Sorgfalt, Zuverl\u00e4ssigkeit und Verf\u00fcgbarkeit betrieben. Aus technischen<br>Gr\u00fcnden ist es jedoch nicht m\u00f6glich, dass diese Dienste ohne<br>Unterbrechung zug\u00e4nglich sind, dass die gew\u00fcnschten Verbindungen immer<br>hergestellt werden k\u00f6nnen oder, dass gespeicherte Daten unter allen<br>Gegebenheiten erhalten bleiben. Die st\u00e4ndige Verf\u00fcgbarkeit kann daher<br>nicht zugesichert werden. IP-Konnektivit\u00e4t zu anderen Netzbetreibern<br>erfolgt nach Ma\u00dfgabe der M\u00f6glichkeiten. Jegliche Haftung f\u00fcr Probleme,<br>die ihre Ursache in den Netzen Dritter haben, ist ausgeschlossen. Die<br>Nutzung anderer Netze unterliegt den Nutzungsbedingungen der jeweiligen<br>Betreiber. Bei h\u00f6herer Gewalt, Streiks, Einschr\u00e4nkungen der Leistungen<br>anderer Netzbetreiber oder bei Reparatur- und Wartungsarbeiten kann es<br>zu Einschr\u00e4nkungen oder Unterbrechungen kommen, wobei f\u00fcr derartige<br>Ausf\u00e4lle keine Haftung besteht.<\/p>\n<p>Wir \u00fcbernehmen keine Gew\u00e4hr oder Garantie daf\u00fcr, dass die<br>Informationen auf den dieser Webseite zutreffend, vollst\u00e4ndig oder auf<br>dem neuesten Stand sind. Insbesondere ist es m\u00f6glich, dass die<br>Informationen auf dieser Website technische Ungenauigkeiten,<br>Schreibfehler oder sonstige Fehler enthalten. Die hier enthaltenen<br>Informationen k\u00f6nnen von Zeit zu Zeit ge\u00e4ndert werden. In keinem Falle<br>haften wir oder verbundene Unternehmen oder Tochtergesellschaften f\u00fcr<br>mittelbare oder Folgesch\u00e4den irgendwelcher Art insbesondere<br>Datenverlust, entgangenen Gewinn oder andere Sch\u00e4den, gleich welcher<br>Art, unabh\u00e4ngig davon, ob auf die M\u00f6glichkeit hingewiesen worden ist<br>oder nicht, dass aufgrund oder im Zusammenhang mit der Nutzung dieser<br>Informationen ein Schaden entstehen k\u00f6nnte. Zwingende gesetzliche<br>Bestimmungen des \u00f6sterreichischen Rechts bleiben unber\u00fchrt.<\/p>\n<p>Alle Angebote sind freibleibend und unverbindlich. Der Autor beh\u00e4lt<br>es sich ausdr\u00fccklich vor, Teile der Seiten oder das gesamte Angebot ohne<br>gesonderte Ank\u00fcndigung zu ver\u00e4ndern, zu erg\u00e4nzen, zu l\u00f6schen oder die<br>Ver\u00f6ffentlichung zeitweise oder endg\u00fcltig einzustellen.<\/p>\n<p><em><strong>2. Verweise &amp; Links<\/strong><\/em><\/p>\n<p>Trotz sorgf\u00e4ltiger inhaltlicher Kontrolle \u00fcbernehmen wir keine<br>Haftung f\u00fcr Inhalte, Funktionalit\u00e4t und Verf\u00fcgbarkeit externer Links<br>bzw. Webseiten. F\u00fcr den Inhalt der verlinkten Seiten sind ausschlie\u00dflich<br>deren Betreiber verantwortlich. Dies gilt auch bei allen anderen<br>direkten oder indirekten Verweisen oder Verlinkungen auf fremde<br>Internetangebote.<\/p>\n<p>Links auf diese Website sind erw\u00fcnscht, wenn sie als externe Links in<br>einem eigenen Browserfenster gestaltet sind. Eine \u00dcbernahme des<br>Hauptfensters in einen Frame des Linksetzers ist unzul\u00e4ssig. Sollte eine<br>Website, auf die wir verlinkt haben, rechtswidrige Inhalte enthalten,<br>so bitten wir um Mitteilung, der Link wird dann umgehend entfernt.<\/p>\n<p><em><strong>3. Copyright<\/strong><\/em><\/p>\n<p>Die Inhalte dieser Website sind urheberrechtlich gesch\u00fctzt und nur<br>f\u00fcr den pers\u00f6nlichen Gebrauch bestimmt. Jede weitergehende Verwendung<br>oder Reproduktion der Inhalte dieser Website, insbesondere die<br>kommerzielle Nutzung und Weitergabe an Dritte bedarf unserer<br>ausdr\u00fccklichen Zustimmung. Die Entfernung oder Ab\u00e4nderung der<br>Copyright-Vermerke ist keinesfalls gestattet. Alle Grafiken, Fotos,<br>Texte, Multimedia Dateien o.\u00c4. auf dieser Website dargestellten Inhalte<br>unterliegen dem Copyright des jeweiligen Urhebers. Eine Verwendung oder<br>Vervielf\u00e4ltigung dieser Daten in anderen elektronischen oder gedruckten<br>Publikationen ist ohne ausdr\u00fcckliche Zustimmung des jeweiligen Urhebers<br>nicht gestattet.<\/p>\n<p><em><strong>4. Marken &amp; Warenzeichen<\/strong><\/em><\/p>\n<p>Alle innerhalb des Internetangebotes genannten und ggf. durch Dritte<br>gesch\u00fctzten Marken- und Warenzeichen unterliegen uneingeschr\u00e4nkt den<br>Bestimmungen des jeweils g\u00fcltigen Kennzeichenrechts und den<br>Besitzrechten der jeweiligen eingetragenen Eigent\u00fcmer. Allein aufgrund<br>der blo\u00dfen Nennung ist nicht der Schluss zu ziehen, dass Markenzeichen<br>nicht durch Rechte Dritter gesch\u00fctzt sind!<\/p>\n<p><em><strong>5. Datenschutz<\/strong><\/em><\/p>\n<p>Der Schutz Ihrer Privatsph\u00e4re bei der Verarbeitung pers\u00f6nlicher Daten<br>ist f\u00fcr uns ein wichtiges Anliegen. Beim Besuch dieser Webseite,<br>speichern unsere Webserver standardm\u00e4\u00dfig die IP Ihres Internet Service<br>Provider, die Webseite, von der aus Sie uns besuchen, die Webseiten, die<br>Sie bei uns besuchen sowie das Datum und die Dauer des Besuches. Diese<br>Informationen sind f\u00fcr die technische \u00dcbertragung der Webseiten und den<br>sicheren Serverbetrieb zwingend erforderlich. Eine personalisierte<br>Auswertung dieser Daten erfolgt nicht.<\/p>\n<p>Sofern innerhalb des Internetangebotes die M\u00f6glichkeit zur Eingabe<br>pers\u00f6nlicher oder gesch\u00e4ftlicher Daten (Emailadressen, Namen,<br>Anschriften, etc.) besteht, so erfolgt die Preisgabe dieser Daten<br>seitens des Nutzers auf ausdr\u00fccklich freiwilliger Basis. Die<br>Inanspruchnahme und Bezahlung aller angebotenen Dienste ist &#8211; soweit<br>technisch m\u00f6glich und zumutbar &#8211; auch ohne Angabe solcher Daten bzw.<br>unter Angabe anonymisierter Daten oder eines Pseudonyms gestattet. Die<br>Nutzung der im Rahmen des Impressums oder vergleichbarer Angaben<br>ver\u00f6ffentlichten Kontaktdaten wie Postanschriften, Telefon- und<br>Faxnummern sowie Emailadressen durch Dritte zur \u00dcbersendung von nicht<br>ausdr\u00fccklich angeforderten Informationen ist nicht gestattet. Rechtliche<br>Schritte gegen die Versender von sogenannten Spam-Mails bei Verst\u00f6\u00dfen<br>gegen dieses Verbot sind ausdr\u00fccklich vorbehalten.<\/p>\n<p><em><strong>6. Rechtswirksamkeit dieses Haftungsausschlusses<\/strong><\/em><\/p>\n<p>Dieser Haftungsausschluss ist als Teil des Internetangebotes zu<br>betrachten, von dem aus auf diese Seite verwiesen wurde. Sofern Teile<br>oder einzelne Formulierungen dieses Textes der geltenden Rechtslage<br>nicht, nicht mehr oder nicht vollst\u00e4ndig entsprechen sollten, bleiben<br>die \u00fcbrigen Teile des Dokumentes in ihrem Inhalt und ihrer G\u00fcltigkeit<br>davon unber\u00fchrt.<\/p>\t\t\t\t\t\t<\/div>\n\t\t\t\t<\/div>\n\t\t\t\t\t<\/div>\n\t\t<\/div>\n\t\t\t\t\t<\/div>\n\t\t<\/section>\n\t\t\t\t<\/div>\n\t\t","protected":false},"excerpt":{"rendered":"<p>Impressum Adresse Freiwillige Feuerwehr der Stadt W\u00f6rglMichael Pacher Str. 3A-6300 W\u00f6rgl Verantwortlich f\u00fcr den Inhalt Kommandant:&nbsp;&nbsp; HBI Sebastian ProschWebmaster: &nbsp; [&hellip;]<\/p>\n","protected":false},"author":1,"featured_media":0,"parent":0,"menu_order":0,"comment_status":"closed","ping_status":"closed","template":"page-templates\/template_fullwidth.php","meta":{"footnotes":""},"class_list":["post-1407","page","type-page","status-publish","hentry","col-lg-4 col-md-6"],"_links":{"self":[{"href":"https:\/\/ff-woergl.at\/index.php\/wp-json\/wp\/v2\/pages\/1407","targetHints":{"allow":["GET"]}}],"collection":[{"href":"https:\/\/ff-woergl.at\/index.php\/wp-json\/wp\/v2\/pages"}],"about":[{"href":"https:\/\/ff-woergl.at\/index.php\/wp-json\/wp\/v2\/types\/page"}],"author":[{"embeddable":true,"href":"https:\/\/ff-woergl.at\/index.php\/wp-json\/wp\/v2\/users\/1"}],"replies":[{"embeddable":true,"href":"https:\/\/ff-woergl.at\/index.php\/wp-json\/wp\/v2\/comments?post=1407"}],"version-history":[{"count":52,"href":"https:\/\/ff-woergl.at\/index.php\/wp-json\/wp\/v2\/pages\/1407\/revisions"}],"predecessor-version":[{"id":12304,"href":"https:\/\/ff-woergl.at\/index.php\/wp-json\/wp\/v2\/pages\/1407\/revisions\/12304"}],"wp:attachment":[{"href":"https:\/\/ff-woergl.at\/index.php\/wp-json\/wp\/v2\/media?parent=1407"}],"curies":[{"name":"wp","href":"https:\/\/api.w.org\/{rel}","templated":true}]}}