{"id":12998,"date":"2026-01-29T23:05:36","date_gmt":"2026-01-29T22:05:36","guid":{"rendered":"https:\/\/ff-woergl.at\/?page_id=12998"},"modified":"2026-01-29T23:20:35","modified_gmt":"2026-01-29T22:20:35","slug":"fuhrpark-dl-17","status":"publish","type":"page","link":"https:\/\/ff-woergl.at\/index.php\/ihre-feuerwehr\/fuhrpark-2\/fuhrpark-dl-17\/","title":{"rendered":"Fuhrpark DL 17"},"content":{"rendered":"\t\t<div data-elementor-type=\"wp-page\" data-elementor-id=\"12998\" class=\"elementor elementor-12998\" data-elementor-post-type=\"page\">\n\t\t\t\t\t\t<section class=\"elementor-section elementor-top-section elementor-element elementor-element-46492f54 elementor-section-boxed elementor-section-height-default elementor-section-height-default\" data-id=\"46492f54\" data-element_type=\"section\">\n\t\t\t\t\t\t<div class=\"elementor-container elementor-column-gap-default\">\n\t\t\t\t\t<div class=\"elementor-column elementor-col-100 elementor-top-column elementor-element elementor-element-505f17b5\" data-id=\"505f17b5\" data-element_type=\"column\">\n\t\t\t<div class=\"elementor-widget-wrap elementor-element-populated\">\n\t\t\t\t\t\t<div class=\"elementor-element elementor-element-fdbde40 elementor-widget elementor-widget-heading\" data-id=\"fdbde40\" data-element_type=\"widget\" data-widget_type=\"heading.default\">\n\t\t\t\t<div class=\"elementor-widget-container\">\n\t\t\t<h1 class=\"elementor-heading-title elementor-size-default\">DL 17<\/h1>\t\t<\/div>\n\t\t\t\t<\/div>\n\t\t\t\t<div class=\"elementor-element elementor-element-39bd4764 elementor-widget-divider--view-line elementor-widget elementor-widget-divider\" data-id=\"39bd4764\" data-element_type=\"widget\" data-widget_type=\"divider.default\">\n\t\t\t\t<div class=\"elementor-widget-container\">\n\t\t\t\t\t<div class=\"elementor-divider\">\n\t\t\t<span class=\"elementor-divider-separator\">\n\t\t\t\t\t\t<\/span>\n\t\t<\/div>\n\t\t\t\t<\/div>\n\t\t\t\t<\/div>\n\t\t\t\t\t<\/div>\n\t\t<\/div>\n\t\t\t\t\t<\/div>\n\t\t<\/section>\n\t\t\t\t<section class=\"elementor-section elementor-top-section elementor-element elementor-element-f92883c elementor-section-boxed elementor-section-height-default elementor-section-height-default\" data-id=\"f92883c\" data-element_type=\"section\">\n\t\t\t\t\t\t<div class=\"elementor-container elementor-column-gap-default\">\n\t\t\t\t\t<div class=\"elementor-column elementor-col-100 elementor-top-column elementor-element elementor-element-763c6fe\" data-id=\"763c6fe\" data-element_type=\"column\">\n\t\t\t<div class=\"elementor-widget-wrap elementor-element-populated\">\n\t\t\t\t\t\t<div class=\"elementor-element elementor-element-00ad19f elementor-widget elementor-widget-text-editor\" data-id=\"00ad19f\" data-element_type=\"widget\" data-widget_type=\"text-editor.default\">\n\t\t\t\t<div class=\"elementor-widget-container\">\n\t\t\t\t\t\t\t<p style=\"text-align: center;\">Die <strong>Drehleiter<\/strong> geh\u00f6rt zu den <strong>Sch\u00e4tzen der Feuerwehr W\u00f6rgl<\/strong>. Sie kommt noch heute bei diversen Oldtimer-Treffen oder sonstigen Ausr\u00fcckungen zum Einsatz. Die DL 17 ist weltweit eine der letzten ihrer Art.<\/p>\t\t\t\t\t\t<\/div>\n\t\t\t\t<\/div>\n\t\t\t\t<div class=\"elementor-element elementor-element-02fca6d elementor-widget elementor-widget-html\" data-id=\"02fca6d\" data-element_type=\"widget\" data-widget_type=\"html.default\">\n\t\t\t\t<div class=\"elementor-widget-container\">\n\t\t\t<style>\n     th{\n        width: 45%; \n        text-align: right;\n     }\n <\/style>\n <table>\n  <tr>\n    <th>Typ:<\/th>\n     <td>Mercedes Benz L 1500 S<\/td>\n  <\/tr>\n  <tr>\n    <th>Funkrufname:<\/th>\n     <td>Emil W\u00f6rgl<\/td>\n  <\/tr>\n  <tr>\n    <th>Aufbau:<\/th>\n     <td>Metz<\/td>\n  <\/tr>\n  <tr>\n    <th>Baujahr:<\/th>\n     <td>1943<\/td>\n  <\/tr>\n  <tr>\n    <th>Leistung:<\/th>\n     <td>60 PS<\/td>\n  <\/tr>\n\n  <tr>\n    <th>Besatzung:<\/th>\n     <td>1:4<\/td>\n  <\/tr>\n<\/table> \t\t<\/div>\n\t\t\t\t<\/div>\n\t\t\t\t\t<\/div>\n\t\t<\/div>\n\t\t\t\t\t<\/div>\n\t\t<\/section>\n\t\t\t\t<section class=\"elementor-section elementor-top-section elementor-element elementor-element-9b921ac elementor-section-boxed elementor-section-height-default elementor-section-height-default\" data-id=\"9b921ac\" data-element_type=\"section\">\n\t\t\t\t\t\t<div class=\"elementor-container elementor-column-gap-default\">\n\t\t\t\t\t<div class=\"elementor-column elementor-col-100 elementor-top-column elementor-element elementor-element-45f6792\" data-id=\"45f6792\" data-element_type=\"column\">\n\t\t\t<div class=\"elementor-widget-wrap elementor-element-populated\">\n\t\t\t\t\t\t<div class=\"elementor-element elementor-element-0d2cb8e elementor-widget elementor-widget-image\" data-id=\"0d2cb8e\" data-element_type=\"widget\" data-widget_type=\"image.default\">\n\t\t\t\t<div class=\"elementor-widget-container\">\n\t\t\t\t\t\t\t\t\t\t\t\t\t\t<a href=\"https:\/\/ff-woergl.at\/wp-content\/uploads\/2026\/01\/DL17-scaled.jpg\" data-elementor-open-lightbox=\"yes\" data-elementor-lightbox-title=\"DL17\" data-e-action-hash=\"#elementor-action%3Aaction%3Dlightbox%26settings%3DeyJpZCI6MTI3NjIsInVybCI6Imh0dHBzOlwvXC9mZi13b2VyZ2wuYXRcL3dwLWNvbnRlbnRcL3VwbG9hZHNcLzIwMjZcLzAxXC9ETDE3LXNjYWxlZC5qcGcifQ%3D%3D\">\n\t\t\t\t\t\t\t<img fetchpriority=\"high\" decoding=\"async\" width=\"1024\" height=\"683\" src=\"https:\/\/ff-woergl.at\/wp-content\/uploads\/2026\/01\/DL17-1024x683.jpg\" class=\"attachment-large size-large wp-image-12762\" alt=\"\" srcset=\"https:\/\/ff-woergl.at\/wp-content\/uploads\/2026\/01\/DL17-1024x683.jpg 1024w, https:\/\/ff-woergl.at\/wp-content\/uploads\/2026\/01\/DL17-300x200.jpg 300w, https:\/\/ff-woergl.at\/wp-content\/uploads\/2026\/01\/DL17-768x512.jpg 768w, https:\/\/ff-woergl.at\/wp-content\/uploads\/2026\/01\/DL17-1536x1024.jpg 1536w, https:\/\/ff-woergl.at\/wp-content\/uploads\/2026\/01\/DL17-2048x1365.jpg 2048w, https:\/\/ff-woergl.at\/wp-content\/uploads\/2026\/01\/DL17-720x480.jpg 720w\" sizes=\"(max-width: 1024px) 100vw, 1024px\" \/>\t\t\t\t\t\t\t\t<\/a>\n\t\t\t\t\t\t\t\t\t\t\t\t\t<\/div>\n\t\t\t\t<\/div>\n\t\t\t\t\t<\/div>\n\t\t<\/div>\n\t\t\t\t\t<\/div>\n\t\t<\/section>\n\t\t\t\t<section class=\"elementor-section elementor-top-section elementor-element elementor-element-9af9990 elementor-section-boxed elementor-section-height-default elementor-section-height-default\" data-id=\"9af9990\" data-element_type=\"section\">\n\t\t\t\t\t\t<div class=\"elementor-container elementor-column-gap-default\">\n\t\t\t\t\t<div class=\"elementor-column elementor-col-100 elementor-top-column elementor-element elementor-element-bd306b2\" data-id=\"bd306b2\" data-element_type=\"column\">\n\t\t\t<div class=\"elementor-widget-wrap elementor-element-populated\">\n\t\t\t\t\t\t<div class=\"elementor-element elementor-element-d3e298d elementor-align-center elementor-widget elementor-widget-button\" data-id=\"d3e298d\" data-element_type=\"widget\" data-widget_type=\"button.default\">\n\t\t\t\t<div class=\"elementor-widget-container\">\n\t\t\t\t\t\t\t<div class=\"elementor-button-wrapper\">\n\t\t\t\t\t<a class=\"elementor-button elementor-button-link elementor-size-sm elementor-animation-shrink\" href=\"https:\/\/ff-woergl.at\/index.php\/fuhrpark-2\/\">\n\t\t\t\t\t\t<span class=\"elementor-button-content-wrapper\">\n\t\t\t\t\t\t\t\t\t<span class=\"elementor-button-text\">Zur\u00fcck zur \u00dcbersicht<\/span>\n\t\t\t\t\t<\/span>\n\t\t\t\t\t<\/a>\n\t\t\t\t<\/div>\n\t\t\t\t\t\t<\/div>\n\t\t\t\t<\/div>\n\t\t\t\t\t<\/div>\n\t\t<\/div>\n\t\t\t\t\t<\/div>\n\t\t<\/section>\n\t\t\t\t<\/div>\n\t\t","protected":false},"excerpt":{"rendered":"<p>DL 17 Die Drehleiter geh\u00f6rt zu den Sch\u00e4tzen der Feuerwehr W\u00f6rgl. Sie kommt noch heute bei diversen Oldtimer-Treffen oder sonstigen [&hellip;]<\/p>\n","protected":false},"author":8,"featured_media":0,"parent":4693,"menu_order":0,"comment_status":"closed","ping_status":"closed","template":"elementor_header_footer","meta":{"footnotes":""},"class_list":["post-12998","page","type-page","status-publish","hentry","col-lg-4 col-md-6"],"_links":{"self":[{"href":"https:\/\/ff-woergl.at\/index.php\/wp-json\/wp\/v2\/pages\/12998","targetHints":{"allow":["GET"]}}],"collection":[{"href":"https:\/\/ff-woergl.at\/index.php\/wp-json\/wp\/v2\/pages"}],"about":[{"href":"https:\/\/ff-woergl.at\/index.php\/wp-json\/wp\/v2\/types\/page"}],"author":[{"embeddable":true,"href":"https:\/\/ff-woergl.at\/index.php\/wp-json\/wp\/v2\/users\/8"}],"replies":[{"embeddable":true,"href":"https:\/\/ff-woergl.at\/index.php\/wp-json\/wp\/v2\/comments?post=12998"}],"version-history":[{"count":7,"href":"https:\/\/ff-woergl.at\/index.php\/wp-json\/wp\/v2\/pages\/12998\/revisions"}],"predecessor-version":[{"id":13013,"href":"https:\/\/ff-woergl.at\/index.php\/wp-json\/wp\/v2\/pages\/12998\/revisions\/13013"}],"up":[{"embeddable":true,"href":"https:\/\/ff-woergl.at\/index.php\/wp-json\/wp\/v2\/pages\/4693"}],"wp:attachment":[{"href":"https:\/\/ff-woergl.at\/index.php\/wp-json\/wp\/v2\/media?parent=12998"}],"curies":[{"name":"wp","href":"https:\/\/api.w.org\/{rel}","templated":true}]}}