{"id":12992,"date":"2026-01-29T23:02:29","date_gmt":"2026-01-29T22:02:29","guid":{"rendered":"https:\/\/ff-woergl.at\/?page_id=12992"},"modified":"2026-01-29T23:21:56","modified_gmt":"2026-01-29T22:21:56","slug":"fuhrpark-gulaschkanone","status":"publish","type":"page","link":"https:\/\/ff-woergl.at\/index.php\/ihre-feuerwehr\/fuhrpark-2\/fuhrpark-gulaschkanone\/","title":{"rendered":"Fuhrpark Gulaschkanone"},"content":{"rendered":"\t\t<div data-elementor-type=\"wp-page\" data-elementor-id=\"12992\" class=\"elementor elementor-12992\" data-elementor-post-type=\"page\">\n\t\t\t\t\t\t<section class=\"elementor-section elementor-top-section elementor-element elementor-element-30b09cff elementor-section-boxed elementor-section-height-default elementor-section-height-default\" data-id=\"30b09cff\" data-element_type=\"section\">\n\t\t\t\t\t\t<div class=\"elementor-container elementor-column-gap-default\">\n\t\t\t\t\t<div class=\"elementor-column elementor-col-100 elementor-top-column elementor-element elementor-element-64c9ffee\" data-id=\"64c9ffee\" data-element_type=\"column\">\n\t\t\t<div class=\"elementor-widget-wrap elementor-element-populated\">\n\t\t\t\t\t\t<div class=\"elementor-element elementor-element-154e66af elementor-widget elementor-widget-heading\" data-id=\"154e66af\" data-element_type=\"widget\" data-widget_type=\"heading.default\">\n\t\t\t\t<div class=\"elementor-widget-container\">\n\t\t\t<h1 class=\"elementor-heading-title elementor-size-default\">Gulaschkanone<\/h1>\t\t<\/div>\n\t\t\t\t<\/div>\n\t\t\t\t<div class=\"elementor-element elementor-element-172a62a7 elementor-widget-divider--view-line elementor-widget elementor-widget-divider\" data-id=\"172a62a7\" data-element_type=\"widget\" data-widget_type=\"divider.default\">\n\t\t\t\t<div class=\"elementor-widget-container\">\n\t\t\t\t\t<div class=\"elementor-divider\">\n\t\t\t<span class=\"elementor-divider-separator\">\n\t\t\t\t\t\t<\/span>\n\t\t<\/div>\n\t\t\t\t<\/div>\n\t\t\t\t<\/div>\n\t\t\t\t\t<\/div>\n\t\t<\/div>\n\t\t\t\t\t<\/div>\n\t\t<\/section>\n\t\t\t\t<section class=\"elementor-section elementor-top-section elementor-element elementor-element-cc96f94 elementor-section-boxed elementor-section-height-default elementor-section-height-default\" data-id=\"cc96f94\" data-element_type=\"section\">\n\t\t\t\t\t\t<div class=\"elementor-container elementor-column-gap-default\">\n\t\t\t\t\t<div class=\"elementor-column elementor-col-100 elementor-top-column elementor-element elementor-element-9e7f0ec\" data-id=\"9e7f0ec\" data-element_type=\"column\">\n\t\t\t<div class=\"elementor-widget-wrap elementor-element-populated\">\n\t\t\t\t\t\t<div class=\"elementor-element elementor-element-cf2e7ed elementor-widget elementor-widget-text-editor\" data-id=\"cf2e7ed\" data-element_type=\"widget\" data-widget_type=\"text-editor.default\">\n\t\t\t\t<div class=\"elementor-widget-container\">\n\t\t\t\t\t\t\t<p style=\"text-align: center;\">Die <b>Gulaschkanone <\/b>z\u00e4hlt zwar mittlerweile schon zu den Oldtimern, jedoch ist diese immer noch regelm\u00e4\u00dfig bei Veranstaltungen im Einsatz.\u00a0<\/p><p style=\"text-align: center;\">Die Gulaschkanone wurde 1958 von der Firma Mauthner Markthof (FK058) gebaut.\u00a0<\/p>\t\t\t\t\t\t<\/div>\n\t\t\t\t<\/div>\n\t\t\t\t<div class=\"elementor-element elementor-element-017f8b2 elementor-widget elementor-widget-image\" data-id=\"017f8b2\" data-element_type=\"widget\" data-widget_type=\"image.default\">\n\t\t\t\t<div class=\"elementor-widget-container\">\n\t\t\t\t\t\t\t\t\t\t\t\t\t\t<a href=\"https:\/\/ff-woergl.at\/wp-content\/uploads\/2026\/01\/Gulaschkanone-scaled.jpg\" data-elementor-open-lightbox=\"yes\" data-elementor-lightbox-title=\"Gulaschkanone\" data-e-action-hash=\"#elementor-action%3Aaction%3Dlightbox%26settings%3DeyJpZCI6MTI3NjUsInVybCI6Imh0dHBzOlwvXC9mZi13b2VyZ2wuYXRcL3dwLWNvbnRlbnRcL3VwbG9hZHNcLzIwMjZcLzAxXC9HdWxhc2Noa2Fub25lLXNjYWxlZC5qcGcifQ%3D%3D\">\n\t\t\t\t\t\t\t<img fetchpriority=\"high\" decoding=\"async\" width=\"1024\" height=\"683\" src=\"https:\/\/ff-woergl.at\/wp-content\/uploads\/2026\/01\/Gulaschkanone-1024x683.jpg\" class=\"attachment-large size-large wp-image-12765\" alt=\"\" srcset=\"https:\/\/ff-woergl.at\/wp-content\/uploads\/2026\/01\/Gulaschkanone-1024x683.jpg 1024w, https:\/\/ff-woergl.at\/wp-content\/uploads\/2026\/01\/Gulaschkanone-300x200.jpg 300w, https:\/\/ff-woergl.at\/wp-content\/uploads\/2026\/01\/Gulaschkanone-768x512.jpg 768w, https:\/\/ff-woergl.at\/wp-content\/uploads\/2026\/01\/Gulaschkanone-1536x1024.jpg 1536w, https:\/\/ff-woergl.at\/wp-content\/uploads\/2026\/01\/Gulaschkanone-2048x1365.jpg 2048w, https:\/\/ff-woergl.at\/wp-content\/uploads\/2026\/01\/Gulaschkanone-720x480.jpg 720w\" sizes=\"(max-width: 1024px) 100vw, 1024px\" \/>\t\t\t\t\t\t\t\t<\/a>\n\t\t\t\t\t\t\t\t\t\t\t\t\t<\/div>\n\t\t\t\t<\/div>\n\t\t\t\t\t<\/div>\n\t\t<\/div>\n\t\t\t\t\t<\/div>\n\t\t<\/section>\n\t\t\t\t<section class=\"elementor-section elementor-top-section elementor-element elementor-element-1ad8d63 elementor-section-boxed elementor-section-height-default elementor-section-height-default\" data-id=\"1ad8d63\" data-element_type=\"section\">\n\t\t\t\t\t\t<div class=\"elementor-container elementor-column-gap-default\">\n\t\t\t\t\t<div class=\"elementor-column elementor-col-100 elementor-top-column elementor-element elementor-element-6397af3\" data-id=\"6397af3\" data-element_type=\"column\">\n\t\t\t<div class=\"elementor-widget-wrap elementor-element-populated\">\n\t\t\t\t\t\t<div class=\"elementor-element elementor-element-8fab6aa elementor-align-center elementor-widget elementor-widget-button\" data-id=\"8fab6aa\" data-element_type=\"widget\" data-widget_type=\"button.default\">\n\t\t\t\t<div class=\"elementor-widget-container\">\n\t\t\t\t\t\t\t<div class=\"elementor-button-wrapper\">\n\t\t\t\t\t<a class=\"elementor-button elementor-button-link elementor-size-sm elementor-animation-shrink\" href=\"https:\/\/ff-woergl.at\/index.php\/fuhrpark-2\/\">\n\t\t\t\t\t\t<span class=\"elementor-button-content-wrapper\">\n\t\t\t\t\t\t\t\t\t<span class=\"elementor-button-text\">Zur\u00fcck zur \u00dcbersicht<\/span>\n\t\t\t\t\t<\/span>\n\t\t\t\t\t<\/a>\n\t\t\t\t<\/div>\n\t\t\t\t\t\t<\/div>\n\t\t\t\t<\/div>\n\t\t\t\t\t<\/div>\n\t\t<\/div>\n\t\t\t\t\t<\/div>\n\t\t<\/section>\n\t\t\t\t<\/div>\n\t\t","protected":false},"excerpt":{"rendered":"<p>Gulaschkanone Die Gulaschkanone z\u00e4hlt zwar mittlerweile schon zu den Oldtimern, jedoch ist diese immer noch regelm\u00e4\u00dfig bei Veranstaltungen im Einsatz.\u00a0 [&hellip;]<\/p>\n","protected":false},"author":8,"featured_media":0,"parent":4693,"menu_order":0,"comment_status":"closed","ping_status":"closed","template":"elementor_header_footer","meta":{"footnotes":""},"class_list":["post-12992","page","type-page","status-publish","hentry","col-lg-4 col-md-6"],"_links":{"self":[{"href":"https:\/\/ff-woergl.at\/index.php\/wp-json\/wp\/v2\/pages\/12992","targetHints":{"allow":["GET"]}}],"collection":[{"href":"https:\/\/ff-woergl.at\/index.php\/wp-json\/wp\/v2\/pages"}],"about":[{"href":"https:\/\/ff-woergl.at\/index.php\/wp-json\/wp\/v2\/types\/page"}],"author":[{"embeddable":true,"href":"https:\/\/ff-woergl.at\/index.php\/wp-json\/wp\/v2\/users\/8"}],"replies":[{"embeddable":true,"href":"https:\/\/ff-woergl.at\/index.php\/wp-json\/wp\/v2\/comments?post=12992"}],"version-history":[{"count":7,"href":"https:\/\/ff-woergl.at\/index.php\/wp-json\/wp\/v2\/pages\/12992\/revisions"}],"predecessor-version":[{"id":13017,"href":"https:\/\/ff-woergl.at\/index.php\/wp-json\/wp\/v2\/pages\/12992\/revisions\/13017"}],"up":[{"embeddable":true,"href":"https:\/\/ff-woergl.at\/index.php\/wp-json\/wp\/v2\/pages\/4693"}],"wp:attachment":[{"href":"https:\/\/ff-woergl.at\/index.php\/wp-json\/wp\/v2\/media?parent=12992"}],"curies":[{"name":"wp","href":"https:\/\/api.w.org\/{rel}","templated":true}]}}