{"id":12986,"date":"2026-01-29T23:00:37","date_gmt":"2026-01-29T22:00:37","guid":{"rendered":"https:\/\/ff-woergl.at\/?page_id=12986"},"modified":"2026-01-29T23:23:07","modified_gmt":"2026-01-29T22:23:07","slug":"fuhrpark-mza-klein","status":"publish","type":"page","link":"https:\/\/ff-woergl.at\/index.php\/ihre-feuerwehr\/fuhrpark-2\/fuhrpark-mza-klein\/","title":{"rendered":"Fuhrpark MZA klein"},"content":{"rendered":"\t\t<div data-elementor-type=\"wp-page\" data-elementor-id=\"12986\" class=\"elementor elementor-12986\" data-elementor-post-type=\"page\">\n\t\t\t\t\t\t<section class=\"elementor-section elementor-top-section elementor-element elementor-element-7d992234 elementor-section-boxed elementor-section-height-default elementor-section-height-default\" data-id=\"7d992234\" data-element_type=\"section\">\n\t\t\t\t\t\t<div class=\"elementor-container elementor-column-gap-default\">\n\t\t\t\t\t<div class=\"elementor-column elementor-col-100 elementor-top-column elementor-element elementor-element-1a935b5b\" data-id=\"1a935b5b\" data-element_type=\"column\">\n\t\t\t<div class=\"elementor-widget-wrap elementor-element-populated\">\n\t\t\t\t\t\t<div class=\"elementor-element elementor-element-7aa6857c elementor-widget elementor-widget-heading\" data-id=\"7aa6857c\" data-element_type=\"widget\" data-widget_type=\"heading.default\">\n\t\t\t\t<div class=\"elementor-widget-container\">\n\t\t\t<h1 class=\"elementor-heading-title elementor-size-default\">Mehrzweckanh\u00e4nger<\/h1>\t\t<\/div>\n\t\t\t\t<\/div>\n\t\t\t\t<div class=\"elementor-element elementor-element-70bd0676 elementor-widget-divider--view-line elementor-widget elementor-widget-divider\" data-id=\"70bd0676\" data-element_type=\"widget\" data-widget_type=\"divider.default\">\n\t\t\t\t<div class=\"elementor-widget-container\">\n\t\t\t\t\t<div class=\"elementor-divider\">\n\t\t\t<span class=\"elementor-divider-separator\">\n\t\t\t\t\t\t<\/span>\n\t\t<\/div>\n\t\t\t\t<\/div>\n\t\t\t\t<\/div>\n\t\t\t\t\t<\/div>\n\t\t<\/div>\n\t\t\t\t\t<\/div>\n\t\t<\/section>\n\t\t\t\t<section class=\"elementor-section elementor-top-section elementor-element elementor-element-fd48bc7 elementor-section-boxed elementor-section-height-default elementor-section-height-default\" data-id=\"fd48bc7\" data-element_type=\"section\">\n\t\t\t\t\t\t<div class=\"elementor-container elementor-column-gap-default\">\n\t\t\t\t\t<div class=\"elementor-column elementor-col-100 elementor-top-column elementor-element elementor-element-1b6cc02\" data-id=\"1b6cc02\" data-element_type=\"column\">\n\t\t\t<div class=\"elementor-widget-wrap elementor-element-populated\">\n\t\t\t\t\t\t<div class=\"elementor-element elementor-element-1eaffa2 elementor-widget elementor-widget-image\" data-id=\"1eaffa2\" data-element_type=\"widget\" data-widget_type=\"image.default\">\n\t\t\t\t<div class=\"elementor-widget-container\">\n\t\t\t\t\t\t\t\t\t\t\t\t\t\t<a href=\"https:\/\/ff-woergl.at\/wp-content\/uploads\/2026\/01\/Anhaenger-scaled.jpg\" data-elementor-open-lightbox=\"yes\" data-elementor-lightbox-title=\"Anh\u00e4nger\" data-e-action-hash=\"#elementor-action%3Aaction%3Dlightbox%26settings%3DeyJpZCI6MTI3NjEsInVybCI6Imh0dHBzOlwvXC9mZi13b2VyZ2wuYXRcL3dwLWNvbnRlbnRcL3VwbG9hZHNcLzIwMjZcLzAxXC9BbmhhZW5nZXItc2NhbGVkLmpwZyJ9\">\n\t\t\t\t\t\t\t<img fetchpriority=\"high\" decoding=\"async\" width=\"1024\" height=\"683\" src=\"https:\/\/ff-woergl.at\/wp-content\/uploads\/2026\/01\/Anhaenger-1024x683.jpg\" class=\"attachment-large size-large wp-image-12761\" alt=\"\" srcset=\"https:\/\/ff-woergl.at\/wp-content\/uploads\/2026\/01\/Anhaenger-1024x683.jpg 1024w, https:\/\/ff-woergl.at\/wp-content\/uploads\/2026\/01\/Anhaenger-300x200.jpg 300w, https:\/\/ff-woergl.at\/wp-content\/uploads\/2026\/01\/Anhaenger-768x512.jpg 768w, https:\/\/ff-woergl.at\/wp-content\/uploads\/2026\/01\/Anhaenger-1536x1024.jpg 1536w, https:\/\/ff-woergl.at\/wp-content\/uploads\/2026\/01\/Anhaenger-2048x1365.jpg 2048w, https:\/\/ff-woergl.at\/wp-content\/uploads\/2026\/01\/Anhaenger-720x480.jpg 720w\" sizes=\"(max-width: 1024px) 100vw, 1024px\" \/>\t\t\t\t\t\t\t\t<\/a>\n\t\t\t\t\t\t\t\t\t\t\t\t\t<\/div>\n\t\t\t\t<\/div>\n\t\t\t\t\t<\/div>\n\t\t<\/div>\n\t\t\t\t\t<\/div>\n\t\t<\/section>\n\t\t\t\t<section class=\"elementor-section elementor-top-section elementor-element elementor-element-d281292 elementor-section-boxed elementor-section-height-default elementor-section-height-default\" data-id=\"d281292\" data-element_type=\"section\">\n\t\t\t\t\t\t<div class=\"elementor-container elementor-column-gap-default\">\n\t\t\t\t\t<div class=\"elementor-column elementor-col-100 elementor-top-column elementor-element elementor-element-57d9ac6\" data-id=\"57d9ac6\" data-element_type=\"column\">\n\t\t\t<div class=\"elementor-widget-wrap elementor-element-populated\">\n\t\t\t\t\t\t<div class=\"elementor-element elementor-element-27cd1f0 elementor-align-center elementor-widget elementor-widget-button\" data-id=\"27cd1f0\" data-element_type=\"widget\" data-widget_type=\"button.default\">\n\t\t\t\t<div class=\"elementor-widget-container\">\n\t\t\t\t\t\t\t<div class=\"elementor-button-wrapper\">\n\t\t\t\t\t<a class=\"elementor-button elementor-button-link elementor-size-sm elementor-animation-shrink\" href=\"https:\/\/ff-woergl.at\/index.php\/fuhrpark-2\/\">\n\t\t\t\t\t\t<span class=\"elementor-button-content-wrapper\">\n\t\t\t\t\t\t\t\t\t<span class=\"elementor-button-text\">Zur\u00fcck zur \u00dcbersicht<\/span>\n\t\t\t\t\t<\/span>\n\t\t\t\t\t<\/a>\n\t\t\t\t<\/div>\n\t\t\t\t\t\t<\/div>\n\t\t\t\t<\/div>\n\t\t\t\t\t<\/div>\n\t\t<\/div>\n\t\t\t\t\t<\/div>\n\t\t<\/section>\n\t\t\t\t<\/div>\n\t\t","protected":false},"excerpt":{"rendered":"<p>Mehrzweckanh\u00e4nger Zur\u00fcck zur \u00dcbersicht<\/p>\n","protected":false},"author":8,"featured_media":0,"parent":4693,"menu_order":0,"comment_status":"closed","ping_status":"closed","template":"elementor_header_footer","meta":{"footnotes":""},"class_list":["post-12986","page","type-page","status-publish","hentry","col-lg-4 col-md-6"],"_links":{"self":[{"href":"https:\/\/ff-woergl.at\/index.php\/wp-json\/wp\/v2\/pages\/12986","targetHints":{"allow":["GET"]}}],"collection":[{"href":"https:\/\/ff-woergl.at\/index.php\/wp-json\/wp\/v2\/pages"}],"about":[{"href":"https:\/\/ff-woergl.at\/index.php\/wp-json\/wp\/v2\/types\/page"}],"author":[{"embeddable":true,"href":"https:\/\/ff-woergl.at\/index.php\/wp-json\/wp\/v2\/users\/8"}],"replies":[{"embeddable":true,"href":"https:\/\/ff-woergl.at\/index.php\/wp-json\/wp\/v2\/comments?post=12986"}],"version-history":[{"count":7,"href":"https:\/\/ff-woergl.at\/index.php\/wp-json\/wp\/v2\/pages\/12986\/revisions"}],"predecessor-version":[{"id":13029,"href":"https:\/\/ff-woergl.at\/index.php\/wp-json\/wp\/v2\/pages\/12986\/revisions\/13029"}],"up":[{"embeddable":true,"href":"https:\/\/ff-woergl.at\/index.php\/wp-json\/wp\/v2\/pages\/4693"}],"wp:attachment":[{"href":"https:\/\/ff-woergl.at\/index.php\/wp-json\/wp\/v2\/media?parent=12986"}],"curies":[{"name":"wp","href":"https:\/\/api.w.org\/{rel}","templated":true}]}}