{"id":1063,"date":"2023-01-10T18:38:39","date_gmt":"2023-01-10T17:38:39","guid":{"rendered":"https:\/\/neu.feuerwehr-zirl.at\/?page_id=1063"},"modified":"2026-03-08T23:26:07","modified_gmt":"2026-03-08T22:26:07","slug":"uebungen","status":"publish","type":"page","link":"https:\/\/ff-woergl.at\/index.php\/uebungen\/","title":{"rendered":"\u00dcbungen"},"content":{"rendered":"\t\t<div data-elementor-type=\"wp-page\" data-elementor-id=\"1063\" class=\"elementor elementor-1063\" data-elementor-post-type=\"page\">\n\t\t\t\t\t\t<section class=\"elementor-section elementor-top-section elementor-element elementor-element-f83b957 elementor-section-height-min-height elementor-section-boxed elementor-section-height-default elementor-section-items-middle\" data-id=\"f83b957\" data-element_type=\"section\" data-settings=\"{&quot;background_background&quot;:&quot;video&quot;,&quot;background_video_link&quot;:&quot;https:\\\/\\\/ff-woergl.at\\\/wp-content\\\/uploads\\\/2024\\\/03\\\/teaser_website.mp4&quot;,&quot;background_play_on_mobile&quot;:&quot;yes&quot;}\">\n\t\t\t\t\t\t\t\t<div class=\"elementor-background-video-container\">\n\t\t\t\t\t\t\t\t\t\t\t\t\t<video class=\"elementor-background-video-hosted elementor-html5-video\" autoplay muted playsinline loop><\/video>\n\t\t\t\t\t\t\t\t\t\t\t<\/div>\n\t\t\t\t\t\t\t\t<div class=\"elementor-container elementor-column-gap-default\">\n\t\t\t\t\t<div class=\"elementor-column elementor-col-100 elementor-top-column elementor-element elementor-element-3fbc619\" data-id=\"3fbc619\" data-element_type=\"column\">\n\t\t\t<div class=\"elementor-widget-wrap\">\n\t\t\t\t\t\t\t<\/div>\n\t\t<\/div>\n\t\t\t\t\t<\/div>\n\t\t<\/section>\n\t\t\t\t<section class=\"elementor-section elementor-top-section elementor-element elementor-element-7e7a48c9 elementor-section-boxed elementor-section-height-default elementor-section-height-default\" data-id=\"7e7a48c9\" data-element_type=\"section\">\n\t\t\t\t\t\t<div class=\"elementor-container elementor-column-gap-default\">\n\t\t\t\t\t<div class=\"elementor-column elementor-col-100 elementor-top-column elementor-element elementor-element-2ff91a6\" data-id=\"2ff91a6\" data-element_type=\"column\">\n\t\t\t<div class=\"elementor-widget-wrap elementor-element-populated\">\n\t\t\t\t\t\t<div class=\"elementor-element elementor-element-1da2ba3 elementor-widget elementor-widget-spacer\" data-id=\"1da2ba3\" data-element_type=\"widget\" data-widget_type=\"spacer.default\">\n\t\t\t\t<div class=\"elementor-widget-container\">\n\t\t\t\t\t<div class=\"elementor-spacer\">\n\t\t\t<div class=\"elementor-spacer-inner\"><\/div>\n\t\t<\/div>\n\t\t\t\t<\/div>\n\t\t\t\t<\/div>\n\t\t\t\t<div class=\"elementor-element elementor-element-30031bd9 elementor-widget elementor-widget-heading\" data-id=\"30031bd9\" data-element_type=\"widget\" data-widget_type=\"heading.default\">\n\t\t\t\t<div class=\"elementor-widget-container\">\n\t\t\t<h2 class=\"elementor-heading-title elementor-size-default\">\u00dcBUNGEN<\/h2>\t\t<\/div>\n\t\t\t\t<\/div>\n\t\t\t\t<div class=\"elementor-element elementor-element-7e360134 elementor-widget-divider--view-line elementor-widget elementor-widget-divider\" data-id=\"7e360134\" data-element_type=\"widget\" data-widget_type=\"divider.default\">\n\t\t\t\t<div class=\"elementor-widget-container\">\n\t\t\t\t\t<div class=\"elementor-divider\">\n\t\t\t<span class=\"elementor-divider-separator\">\n\t\t\t\t\t\t<\/span>\n\t\t<\/div>\n\t\t\t\t<\/div>\n\t\t\t\t<\/div>\n\t\t\t\t<div class=\"elementor-element elementor-element-04c9daf elementor-widget elementor-widget-spacer\" data-id=\"04c9daf\" data-element_type=\"widget\" data-widget_type=\"spacer.default\">\n\t\t\t\t<div class=\"elementor-widget-container\">\n\t\t\t\t\t<div class=\"elementor-spacer\">\n\t\t\t<div class=\"elementor-spacer-inner\"><\/div>\n\t\t<\/div>\n\t\t\t\t<\/div>\n\t\t\t\t<\/div>\n\t\t\t\t\t<\/div>\n\t\t<\/div>\n\t\t\t\t\t<\/div>\n\t\t<\/section>\n\t\t\t\t<section class=\"elementor-section elementor-top-section elementor-element elementor-element-4aabd75 elementor-section-boxed elementor-section-height-default elementor-section-height-default\" data-id=\"4aabd75\" data-element_type=\"section\">\n\t\t\t\t\t\t<div class=\"elementor-container elementor-column-gap-default\">\n\t\t\t\t\t<div class=\"elementor-column elementor-col-100 elementor-top-column elementor-element elementor-element-d8b6909\" data-id=\"d8b6909\" data-element_type=\"column\">\n\t\t\t<div class=\"elementor-widget-wrap elementor-element-populated\">\n\t\t\t\t\t\t<div class=\"elementor-element elementor-element-a7e4819 elementor-widget elementor-widget-athemes-blog\" data-id=\"a7e4819\" data-element_type=\"widget\" data-widget_type=\"athemes-blog.airi_athemes_blog_skin_4\">\n\t\t\t\t<div class=\"elementor-widget-container\">\n\t\t\t\n\t\t<div class=\"athemes-blog airi_athemes_blog_skin_4\">\n\t\t\t<div class=\"row\">\t\n\t\t\t\t\t\t\t\t\t\t\t\t\n\t\t\t\t\t<div class=\"col-md-4 col-sm-6\">\n\t\t\t\t\t\t<div class=\"post-item\">\t\t\t\n\t\t\t\t\t\t\t<div class=\"post-content\" style=\"background-image:url(https:\/\/ff-woergl.at\/wp-content\/uploads\/2026\/04\/P_FF2069-scaled.jpg)\">\n\t\t\t\t\t\t\t\n\t\t\t\t\t\t\t<div class=\"posted-on\">\n\t\t\t\t\t\t\t<span>9<\/span><span>Apr.<\/span>\n\t\t\t\t\t\t\t<\/div>\n\n\t\t\t\t\t\t\t<div class=\"post-info\">\n\t\t\t\t\t\t\t\t<a class=\"first-cat post-cat\" href=\"https:\/\/ff-woergl.at\/index.php\/category\/uebungen-2\/uebungsberichte-2026\/\">\u00dcbungsberichte 2026<\/a>\t\n\t\t\t\t\t\t\t\t<h3 class=\"entry-title\"><a href=\"https:\/\/ff-woergl.at\/index.php\/2026\/04\/09\/start-fruehjahrsuebungen-2026\/\" rel=\"bookmark\">Start Fr\u00fchjahrs\u00fcbungen 2026<\/a><\/h3>\t\t\t\t\t\t\t<\/div>\n\t\t\t\t\t\t<\/div>\t\n\t\t\t\t\t\t<\/div>\t\t\t\t\n\t\t\t\t\t<\/div>\n\n\t\t\t\t\t\t\t\t\t\n\t\t\t\t\t<div class=\"col-md-4 col-sm-6\">\n\t\t\t\t\t\t<div class=\"post-item\">\t\t\t\n\t\t\t\t\t\t\t<div class=\"post-content\" style=\"background-image:url(https:\/\/ff-woergl.at\/wp-content\/uploads\/2026\/02\/IMG_4762-scaled.jpeg)\">\n\t\t\t\t\t\t\t\n\t\t\t\t\t\t\t<div class=\"posted-on\">\n\t\t\t\t\t\t\t<span>7<\/span><span>Feb.<\/span>\n\t\t\t\t\t\t\t<\/div>\n\n\t\t\t\t\t\t\t<div class=\"post-info\">\n\t\t\t\t\t\t\t\t<a class=\"first-cat post-cat\" href=\"https:\/\/ff-woergl.at\/index.php\/category\/news-2\/news-2026\/\">News 2026<\/a>\t\n\t\t\t\t\t\t\t\t<h3 class=\"entry-title\"><a href=\"https:\/\/ff-woergl.at\/index.php\/2026\/02\/07\/oefast-2026\/\" rel=\"bookmark\">\u00d6FAST 2026<\/a><\/h3>\t\t\t\t\t\t\t<\/div>\n\t\t\t\t\t\t<\/div>\t\n\t\t\t\t\t\t<\/div>\t\t\t\t\n\t\t\t\t\t<\/div>\n\n\t\t\t\t\t\t\t\t\t\n\t\t\t\t\t<div class=\"col-md-4 col-sm-6\">\n\t\t\t\t\t\t<div class=\"post-item\">\t\t\t\n\t\t\t\t\t\t\t<div class=\"post-content\" style=\"background-image:url(https:\/\/ff-woergl.at\/wp-content\/uploads\/2026\/02\/IMG_4749-scaled.jpeg)\">\n\t\t\t\t\t\t\t\n\t\t\t\t\t\t\t<div class=\"posted-on\">\n\t\t\t\t\t\t\t<span>3<\/span><span>Feb.<\/span>\n\t\t\t\t\t\t\t<\/div>\n\n\t\t\t\t\t\t\t<div class=\"post-info\">\n\t\t\t\t\t\t\t\t<a class=\"first-cat post-cat\" href=\"https:\/\/ff-woergl.at\/index.php\/category\/hoehenrettung\/\">HOERG<\/a>\t\n\t\t\t\t\t\t\t\t<h3 class=\"entry-title\"><a href=\"https:\/\/ff-woergl.at\/index.php\/2026\/02\/03\/hoerg-uebung-kameradenrettung\/\" rel=\"bookmark\">H\u00d6RG-\u00dcbung | Kameradenrettung<\/a><\/h3>\t\t\t\t\t\t\t<\/div>\n\t\t\t\t\t\t<\/div>\t\n\t\t\t\t\t\t<\/div>\t\t\t\t\n\t\t\t\t\t<\/div>\n\n\t\t\t\t\t\t\t\t\t\n\t\t\t\t\t<div class=\"col-md-4 col-sm-6\">\n\t\t\t\t\t\t<div class=\"post-item\">\t\t\t\n\t\t\t\t\t\t\t<div class=\"post-content\" style=\"background-image:url(https:\/\/ff-woergl.at\/wp-content\/uploads\/2025\/12\/P_FF8452-scaled.jpg)\">\n\t\t\t\t\t\t\t\n\t\t\t\t\t\t\t<div class=\"posted-on\">\n\t\t\t\t\t\t\t<span>9<\/span><span>Dez.<\/span>\n\t\t\t\t\t\t\t<\/div>\n\n\t\t\t\t\t\t\t<div class=\"post-info\">\n\t\t\t\t\t\t\t\t<a class=\"first-cat post-cat\" href=\"https:\/\/ff-woergl.at\/index.php\/category\/uebungen-2\/uebungsberichte-2025\/\">\u00dcbungsberichte 2025<\/a>\t\n\t\t\t\t\t\t\t\t<h3 class=\"entry-title\"><a href=\"https:\/\/ff-woergl.at\/index.php\/2025\/12\/09\/ssg-uebung-tunnel-radfeld\/\" rel=\"bookmark\">SSG-\u00dcbung | Tunnel | Radfeld<\/a><\/h3>\t\t\t\t\t\t\t<\/div>\n\t\t\t\t\t\t<\/div>\t\n\t\t\t\t\t\t<\/div>\t\t\t\t\n\t\t\t\t\t<\/div>\n\n\t\t\t\t\t\t\t\t\t\n\t\t\t\t\t<div class=\"col-md-4 col-sm-6\">\n\t\t\t\t\t\t<div class=\"post-item\">\t\t\t\n\t\t\t\t\t\t\t<div class=\"post-content\" style=\"background-image:url(https:\/\/ff-woergl.at\/wp-content\/uploads\/2025\/11\/6eb4b000-e9a5-47c4-aae5-18aca1060973-scaled.jpg)\">\n\t\t\t\t\t\t\t\n\t\t\t\t\t\t\t<div class=\"posted-on\">\n\t\t\t\t\t\t\t<span>8<\/span><span>Nov.<\/span>\n\t\t\t\t\t\t\t<\/div>\n\n\t\t\t\t\t\t\t<div class=\"post-info\">\n\t\t\t\t\t\t\t\t<a class=\"first-cat post-cat\" href=\"https:\/\/ff-woergl.at\/index.php\/category\/uebungen-2\/uebungsberichte-2025\/\">\u00dcbungsberichte 2025<\/a>\t\n\t\t\t\t\t\t\t\t<h3 class=\"entry-title\"><a href=\"https:\/\/ff-woergl.at\/index.php\/2025\/11\/08\/uebung-evakuierung-ah-oberau\/\" rel=\"bookmark\">\u00dcbung | Evakuierung AH Oberau<\/a><\/h3>\t\t\t\t\t\t\t<\/div>\n\t\t\t\t\t\t<\/div>\t\n\t\t\t\t\t\t<\/div>\t\t\t\t\n\t\t\t\t\t<\/div>\n\n\t\t\t\t\t\t\t\t\t\n\t\t\t\t\t<div class=\"col-md-4 col-sm-6\">\n\t\t\t\t\t\t<div class=\"post-item\">\t\t\t\n\t\t\t\t\t\t\t<div class=\"post-content\" style=\"background-image:url(https:\/\/ff-woergl.at\/wp-content\/uploads\/2025\/11\/2efd074e-68d1-4bd8-88b6-0fa14e845c7e-scaled.jpg)\">\n\t\t\t\t\t\t\t\n\t\t\t\t\t\t\t<div class=\"posted-on\">\n\t\t\t\t\t\t\t<span>6<\/span><span>Nov.<\/span>\n\t\t\t\t\t\t\t<\/div>\n\n\t\t\t\t\t\t\t<div class=\"post-info\">\n\t\t\t\t\t\t\t\t<a class=\"first-cat post-cat\" href=\"https:\/\/ff-woergl.at\/index.php\/category\/hoehenrettung\/\">HOERG<\/a>\t\n\t\t\t\t\t\t\t\t<h3 class=\"entry-title\"><a href=\"https:\/\/ff-woergl.at\/index.php\/2025\/11\/06\/hoerg-uebung-egger-werk\/\" rel=\"bookmark\">H\u00d6RG-\u00dcbung | Egger Werk<\/a><\/h3>\t\t\t\t\t\t\t<\/div>\n\t\t\t\t\t\t<\/div>\t\n\t\t\t\t\t\t<\/div>\t\t\t\t\n\t\t\t\t\t<\/div>\n\n\t\t\t\t\t\t\t\t\t\n\t\t\t\t\t<div class=\"col-md-4 col-sm-6\">\n\t\t\t\t\t\t<div class=\"post-item\">\t\t\t\n\t\t\t\t\t\t\t<div class=\"post-content\" style=\"background-image:url(https:\/\/ff-woergl.at\/wp-content\/uploads\/2025\/11\/IMG_2443-scaled.jpeg)\">\n\t\t\t\t\t\t\t\n\t\t\t\t\t\t\t<div class=\"posted-on\">\n\t\t\t\t\t\t\t<span>26<\/span><span>Okt.<\/span>\n\t\t\t\t\t\t\t<\/div>\n\n\t\t\t\t\t\t\t<div class=\"post-info\">\n\t\t\t\t\t\t\t\t<a class=\"first-cat post-cat\" href=\"https:\/\/ff-woergl.at\/index.php\/category\/uebungen-2\/uebungsberichte-2025\/\">\u00dcbungsberichte 2025<\/a>\t\n\t\t\t\t\t\t\t\t<h3 class=\"entry-title\"><a href=\"https:\/\/ff-woergl.at\/index.php\/2025\/10\/26\/hauptuebung-ff-breitenbach\/\" rel=\"bookmark\">Haupt\u00fcbung | FF Breitenbach<\/a><\/h3>\t\t\t\t\t\t\t<\/div>\n\t\t\t\t\t\t<\/div>\t\n\t\t\t\t\t\t<\/div>\t\t\t\t\n\t\t\t\t\t<\/div>\n\n\t\t\t\t\t\t\t\t\t\n\t\t\t\t\t<div class=\"col-md-4 col-sm-6\">\n\t\t\t\t\t\t<div class=\"post-item\">\t\t\t\n\t\t\t\t\t\t\t<div class=\"post-content\" style=\"background-image:url(https:\/\/ff-woergl.at\/wp-content\/uploads\/2025\/10\/DJI_0315-scaled.jpg)\">\n\t\t\t\t\t\t\t\n\t\t\t\t\t\t\t<div class=\"posted-on\">\n\t\t\t\t\t\t\t<span>25<\/span><span>Okt.<\/span>\n\t\t\t\t\t\t\t<\/div>\n\n\t\t\t\t\t\t\t<div class=\"post-info\">\n\t\t\t\t\t\t\t\t<a class=\"first-cat post-cat\" href=\"https:\/\/ff-woergl.at\/index.php\/category\/uebungen-2\/uebungsberichte-2025\/\">\u00dcbungsberichte 2025<\/a>\t\n\t\t\t\t\t\t\t\t<h3 class=\"entry-title\"><a href=\"https:\/\/ff-woergl.at\/index.php\/2025\/10\/25\/jahreshauptuebung-2025\/\" rel=\"bookmark\">Jahreshaupt\u00fcbung 2025<\/a><\/h3>\t\t\t\t\t\t\t<\/div>\n\t\t\t\t\t\t<\/div>\t\n\t\t\t\t\t\t<\/div>\t\t\t\t\n\t\t\t\t\t<\/div>\n\n\t\t\t\t\t\t\t\t\t\n\t\t\t\t\t<div class=\"col-md-4 col-sm-6\">\n\t\t\t\t\t\t<div class=\"post-item\">\t\t\t\n\t\t\t\t\t\t\t<div class=\"post-content\" style=\"background-image:url(https:\/\/ff-woergl.at\/wp-content\/uploads\/2025\/10\/IMG_2206-scaled.jpeg)\">\n\t\t\t\t\t\t\t\n\t\t\t\t\t\t\t<div class=\"posted-on\">\n\t\t\t\t\t\t\t<span>16<\/span><span>Okt.<\/span>\n\t\t\t\t\t\t\t<\/div>\n\n\t\t\t\t\t\t\t<div class=\"post-info\">\n\t\t\t\t\t\t\t\t<a class=\"first-cat post-cat\" href=\"https:\/\/ff-woergl.at\/index.php\/category\/allgemein\/\">Allgemein<\/a>\t\n\t\t\t\t\t\t\t\t<h3 class=\"entry-title\"><a href=\"https:\/\/ff-woergl.at\/index.php\/2025\/10\/16\/uebung-gesamtuebung-brandgeschehen-technik\/\" rel=\"bookmark\">\u00dcbung: Brandgeschehen &#038; Technik<\/a><\/h3>\t\t\t\t\t\t\t<\/div>\n\t\t\t\t\t\t<\/div>\t\n\t\t\t\t\t\t<\/div>\t\t\t\t\n\t\t\t\t\t<\/div>\n\n\t\t\t\t\t\t\t\t\t\n\t\t\t\t\t<div class=\"col-md-4 col-sm-6\">\n\t\t\t\t\t\t<div class=\"post-item\">\t\t\t\n\t\t\t\t\t\t\t<div class=\"post-content\" style=\"background-image:url(https:\/\/ff-woergl.at\/wp-content\/uploads\/2025\/10\/P_FF6464-scaled.jpg)\">\n\t\t\t\t\t\t\t\n\t\t\t\t\t\t\t<div class=\"posted-on\">\n\t\t\t\t\t\t\t<span>2<\/span><span>Okt.<\/span>\n\t\t\t\t\t\t\t<\/div>\n\n\t\t\t\t\t\t\t<div class=\"post-info\">\n\t\t\t\t\t\t\t\t<a class=\"first-cat post-cat\" href=\"https:\/\/ff-woergl.at\/index.php\/category\/uebungen-2\/uebungsberichte-2025\/\">\u00dcbungsberichte 2025<\/a>\t\n\t\t\t\t\t\t\t\t<h3 class=\"entry-title\"><a href=\"https:\/\/ff-woergl.at\/index.php\/2025\/10\/02\/uebung-vegetationsbrand-bekaempfung\/\" rel=\"bookmark\">\u00dcbung | Vegetationsbrand &#8211; Bek\u00e4mpfung<\/a><\/h3>\t\t\t\t\t\t\t<\/div>\n\t\t\t\t\t\t<\/div>\t\n\t\t\t\t\t\t<\/div>\t\t\t\t\n\t\t\t\t\t<\/div>\n\n\t\t\t\t\t\t\t\t\t\n\t\t\t\t\t<div class=\"col-md-4 col-sm-6\">\n\t\t\t\t\t\t<div class=\"post-item\">\t\t\t\n\t\t\t\t\t\t\t<div class=\"post-content\" style=\"background-image:url(https:\/\/ff-woergl.at\/wp-content\/uploads\/2025\/09\/IMG_1432-scaled.jpg)\">\n\t\t\t\t\t\t\t\n\t\t\t\t\t\t\t<div class=\"posted-on\">\n\t\t\t\t\t\t\t<span>25<\/span><span>Sep.<\/span>\n\t\t\t\t\t\t\t<\/div>\n\n\t\t\t\t\t\t\t<div class=\"post-info\">\n\t\t\t\t\t\t\t\t<a class=\"first-cat post-cat\" href=\"https:\/\/ff-woergl.at\/index.php\/category\/uebungen-2\/uebungsberichte-2025\/\">\u00dcbungsberichte 2025<\/a>\t\n\t\t\t\t\t\t\t\t<h3 class=\"entry-title\"><a href=\"https:\/\/ff-woergl.at\/index.php\/2025\/09\/25\/uebung-gebaeudebrand-personenrettung\/\" rel=\"bookmark\">\u00dcbung | Geb\u00e4udebrand | Personenrettung<\/a><\/h3>\t\t\t\t\t\t\t<\/div>\n\t\t\t\t\t\t<\/div>\t\n\t\t\t\t\t\t<\/div>\t\t\t\t\n\t\t\t\t\t<\/div>\n\n\t\t\t\t\t\t\t\t\t\n\t\t\t\t\t<div class=\"col-md-4 col-sm-6\">\n\t\t\t\t\t\t<div class=\"post-item\">\t\t\t\n\t\t\t\t\t\t\t<div class=\"post-content\" style=\"background-image:url(https:\/\/ff-woergl.at\/wp-content\/uploads\/2025\/09\/d930488c-6aa8-45d0-ab33-97be6ee10d88-scaled.jpg)\">\n\t\t\t\t\t\t\t\n\t\t\t\t\t\t\t<div class=\"posted-on\">\n\t\t\t\t\t\t\t<span>20<\/span><span>Sep.<\/span>\n\t\t\t\t\t\t\t<\/div>\n\n\t\t\t\t\t\t\t<div class=\"post-info\">\n\t\t\t\t\t\t\t\t<a class=\"first-cat post-cat\" href=\"https:\/\/ff-woergl.at\/index.php\/category\/uebungen-2\/uebungsberichte-2025\/\">\u00dcbungsberichte 2025<\/a>\t\n\t\t\t\t\t\t\t\t<h3 class=\"entry-title\"><a href=\"https:\/\/ff-woergl.at\/index.php\/2025\/09\/20\/bewerbstraining-asla-2025\/\" rel=\"bookmark\">Bewerbstraining | ASLA 2025<\/a><\/h3>\t\t\t\t\t\t\t<\/div>\n\t\t\t\t\t\t<\/div>\t\n\t\t\t\t\t\t<\/div>\t\t\t\t\n\t\t\t\t\t<\/div>\n\n\t\t\t\t\t\t\t\t\t\n\t\t\t\t\t<div class=\"col-md-4 col-sm-6\">\n\t\t\t\t\t\t<div class=\"post-item\">\t\t\t\n\t\t\t\t\t\t\t<div class=\"post-content\" style=\"background-image:url(https:\/\/ff-woergl.at\/wp-content\/uploads\/2025\/09\/IMG_1332-scaled.jpg)\">\n\t\t\t\t\t\t\t\n\t\t\t\t\t\t\t<div class=\"posted-on\">\n\t\t\t\t\t\t\t<span>18<\/span><span>Sep.<\/span>\n\t\t\t\t\t\t\t<\/div>\n\n\t\t\t\t\t\t\t<div class=\"post-info\">\n\t\t\t\t\t\t\t\t<a class=\"first-cat post-cat\" href=\"https:\/\/ff-woergl.at\/index.php\/category\/uebungen-2\/uebungsberichte-2025\/\">\u00dcbungsberichte 2025<\/a>\t\n\t\t\t\t\t\t\t\t<h3 class=\"entry-title\"><a href=\"https:\/\/ff-woergl.at\/index.php\/2025\/09\/18\/uebung-technische-hilfeleistung-vu\/\" rel=\"bookmark\">\u00dcbung | Technische Hilfeleistung | VU<\/a><\/h3>\t\t\t\t\t\t\t<\/div>\n\t\t\t\t\t\t<\/div>\t\n\t\t\t\t\t\t<\/div>\t\t\t\t\n\t\t\t\t\t<\/div>\n\n\t\t\t\t\t\t\t\t\t\n\t\t\t\t\t<div class=\"col-md-4 col-sm-6\">\n\t\t\t\t\t\t<div class=\"post-item\">\t\t\t\n\t\t\t\t\t\t\t<div class=\"post-content\" style=\"background-image:url(https:\/\/ff-woergl.at\/wp-content\/uploads\/2025\/09\/IMG_1106-scaled.jpg)\">\n\t\t\t\t\t\t\t\n\t\t\t\t\t\t\t<div class=\"posted-on\">\n\t\t\t\t\t\t\t<span>11<\/span><span>Sep.<\/span>\n\t\t\t\t\t\t\t<\/div>\n\n\t\t\t\t\t\t\t<div class=\"post-info\">\n\t\t\t\t\t\t\t\t<a class=\"first-cat post-cat\" href=\"https:\/\/ff-woergl.at\/index.php\/category\/uebungen-2\/uebungsberichte-2025\/\">\u00dcbungsberichte 2025<\/a>\t\n\t\t\t\t\t\t\t\t<h3 class=\"entry-title\"><a href=\"https:\/\/ff-woergl.at\/index.php\/2025\/09\/11\/start-der-herbstuebungen\/\" rel=\"bookmark\">Start der Herbst\u00fcbungen<\/a><\/h3>\t\t\t\t\t\t\t<\/div>\n\t\t\t\t\t\t<\/div>\t\n\t\t\t\t\t\t<\/div>\t\t\t\t\n\t\t\t\t\t<\/div>\n\n\t\t\t\t\t\t\t\t\t\n\t\t\t\t\t<div class=\"col-md-4 col-sm-6\">\n\t\t\t\t\t\t<div class=\"post-item\">\t\t\t\n\t\t\t\t\t\t\t<div class=\"post-content\" style=\"background-image:url(https:\/\/ff-woergl.at\/wp-content\/uploads\/2025\/08\/IMG_0177-scaled.jpg)\">\n\t\t\t\t\t\t\t\n\t\t\t\t\t\t\t<div class=\"posted-on\">\n\t\t\t\t\t\t\t<span>2<\/span><span>Aug.<\/span>\n\t\t\t\t\t\t\t<\/div>\n\n\t\t\t\t\t\t\t<div class=\"post-info\">\n\t\t\t\t\t\t\t\t<a class=\"first-cat post-cat\" href=\"https:\/\/ff-woergl.at\/index.php\/category\/allgemein\/\">Allgemein<\/a>\t\n\t\t\t\t\t\t\t\t<h3 class=\"entry-title\"><a href=\"https:\/\/ff-woergl.at\/index.php\/2025\/08\/02\/einschulung-rlfa-2000-200\/\" rel=\"bookmark\">Einschulung | RLFA 2000\/200<\/a><\/h3>\t\t\t\t\t\t\t<\/div>\n\t\t\t\t\t\t<\/div>\t\n\t\t\t\t\t\t<\/div>\t\t\t\t\n\t\t\t\t\t<\/div>\n\n\t\t\t\t\t\t\t\t\t\n\t\t\t\t\t<div class=\"col-md-4 col-sm-6\">\n\t\t\t\t\t\t<div class=\"post-item\">\t\t\t\n\t\t\t\t\t\t\t<div class=\"post-content\" style=\"background-image:url(https:\/\/ff-woergl.at\/wp-content\/uploads\/2025\/06\/WhatsApp_Image_2025-06-29_at_17.05.41_3-ae7533b4.webp)\">\n\t\t\t\t\t\t\t\n\t\t\t\t\t\t\t<div class=\"posted-on\">\n\t\t\t\t\t\t\t<span>28<\/span><span>Juni<\/span>\n\t\t\t\t\t\t\t<\/div>\n\n\t\t\t\t\t\t\t<div class=\"post-info\">\n\t\t\t\t\t\t\t\t<a class=\"first-cat post-cat\" href=\"https:\/\/ff-woergl.at\/index.php\/category\/uebungen-2\/uebungsberichte-2025\/\">\u00dcbungsberichte 2025<\/a>\t\n\t\t\t\t\t\t\t\t<h3 class=\"entry-title\"><a href=\"https:\/\/ff-woergl.at\/index.php\/2025\/06\/28\/bezirksuebung-bad-haering\/\" rel=\"bookmark\">Bezirks\u00fcbung | Bad H\u00e4ring<\/a><\/h3>\t\t\t\t\t\t\t<\/div>\n\t\t\t\t\t\t<\/div>\t\n\t\t\t\t\t\t<\/div>\t\t\t\t\n\t\t\t\t\t<\/div>\n\n\t\t\t\t\t\t\t\t\t\n\t\t\t\t\t<div class=\"col-md-4 col-sm-6\">\n\t\t\t\t\t\t<div class=\"post-item\">\t\t\t\n\t\t\t\t\t\t\t<div class=\"post-content\" style=\"background-image:url(https:\/\/ff-woergl.at\/wp-content\/uploads\/2025\/06\/P_FF4781-scaled.jpg)\">\n\t\t\t\t\t\t\t\n\t\t\t\t\t\t\t<div class=\"posted-on\">\n\t\t\t\t\t\t\t<span>26<\/span><span>Juni<\/span>\n\t\t\t\t\t\t\t<\/div>\n\n\t\t\t\t\t\t\t<div class=\"post-info\">\n\t\t\t\t\t\t\t\t<a class=\"first-cat post-cat\" href=\"https:\/\/ff-woergl.at\/index.php\/category\/uebungen-2\/uebungsberichte-2025\/\">\u00dcbungsberichte 2025<\/a>\t\n\t\t\t\t\t\t\t\t<h3 class=\"entry-title\"><a href=\"https:\/\/ff-woergl.at\/index.php\/2025\/06\/26\/explosion-firmengelaende-abschlussuebung\/\" rel=\"bookmark\">Explosion Firmengel\u00e4nde | Abschluss\u00fcbung<\/a><\/h3>\t\t\t\t\t\t\t<\/div>\n\t\t\t\t\t\t<\/div>\t\n\t\t\t\t\t\t<\/div>\t\t\t\t\n\t\t\t\t\t<\/div>\n\n\t\t\t\t\t\t\t\t\t\n\t\t\t\t\t<div class=\"col-md-4 col-sm-6\">\n\t\t\t\t\t\t<div class=\"post-item\">\t\t\t\n\t\t\t\t\t\t\t<div class=\"post-content\" style=\"background-image:url(https:\/\/ff-woergl.at\/wp-content\/uploads\/2025\/06\/IMG_9124-scaled.jpg)\">\n\t\t\t\t\t\t\t\n\t\t\t\t\t\t\t<div class=\"posted-on\">\n\t\t\t\t\t\t\t<span>12<\/span><span>Juni<\/span>\n\t\t\t\t\t\t\t<\/div>\n\n\t\t\t\t\t\t\t<div class=\"post-info\">\n\t\t\t\t\t\t\t\t<a class=\"first-cat post-cat\" href=\"https:\/\/ff-woergl.at\/index.php\/category\/uebungen-2\/uebungsberichte-2025\/\">\u00dcbungsberichte 2025<\/a>\t\n\t\t\t\t\t\t\t\t<h3 class=\"entry-title\"><a href=\"https:\/\/ff-woergl.at\/index.php\/2025\/06\/12\/uebung-kellerbrand-personenrettungen\/\" rel=\"bookmark\">\u00dcbung | Kellerbrand | Personenrettungen<\/a><\/h3>\t\t\t\t\t\t\t<\/div>\n\t\t\t\t\t\t<\/div>\t\n\t\t\t\t\t\t<\/div>\t\t\t\t\n\t\t\t\t\t<\/div>\n\n\t\t\t\t\t\t\t\t\t\n\t\t\t\t\t<div class=\"col-md-4 col-sm-6\">\n\t\t\t\t\t\t<div class=\"post-item\">\t\t\t\n\t\t\t\t\t\t\t<div class=\"post-content\" style=\"background-image:url(https:\/\/ff-woergl.at\/wp-content\/uploads\/2025\/06\/8e229af9-641e-4d6e-9098-f1fa4ae76a7e.jpg)\">\n\t\t\t\t\t\t\t\n\t\t\t\t\t\t\t<div class=\"posted-on\">\n\t\t\t\t\t\t\t<span>5<\/span><span>Juni<\/span>\n\t\t\t\t\t\t\t<\/div>\n\n\t\t\t\t\t\t\t<div class=\"post-info\">\n\t\t\t\t\t\t\t\t<a class=\"first-cat post-cat\" href=\"https:\/\/ff-woergl.at\/index.php\/category\/uebungen-2\/uebungsberichte-2025\/\">\u00dcbungsberichte 2025<\/a>\t\n\t\t\t\t\t\t\t\t<h3 class=\"entry-title\"><a href=\"https:\/\/ff-woergl.at\/index.php\/2025\/06\/05\/uebung-vu-und-personenrettung\/\" rel=\"bookmark\">\u00dcbung | VU und Personenrettung<\/a><\/h3>\t\t\t\t\t\t\t<\/div>\n\t\t\t\t\t\t<\/div>\t\n\t\t\t\t\t\t<\/div>\t\t\t\t\n\t\t\t\t\t<\/div>\n\n\t\t\t\t\t\t\t\t\t\n\t\t\t\t\t<div class=\"col-md-4 col-sm-6\">\n\t\t\t\t\t\t<div class=\"post-item\">\t\t\t\n\t\t\t\t\t\t\t<div class=\"post-content\" style=\"background-image:url(https:\/\/ff-woergl.at\/wp-content\/uploads\/2025\/06\/P_FF2004-scaled.jpg)\">\n\t\t\t\t\t\t\t\n\t\t\t\t\t\t\t<div class=\"posted-on\">\n\t\t\t\t\t\t\t<span>27<\/span><span>Mai<\/span>\n\t\t\t\t\t\t\t<\/div>\n\n\t\t\t\t\t\t\t<div class=\"post-info\">\n\t\t\t\t\t\t\t\t<a class=\"first-cat post-cat\" href=\"https:\/\/ff-woergl.at\/index.php\/category\/uebungen-2\/uebungsberichte-2025\/\">\u00dcbungsberichte 2025<\/a>\t\n\t\t\t\t\t\t\t\t<h3 class=\"entry-title\"><a href=\"https:\/\/ff-woergl.at\/index.php\/2025\/05\/27\/tunneluebung-unterinntaltrasse\/\" rel=\"bookmark\">Tunnel\u00fcbung | Unterinntaltrasse<\/a><\/h3>\t\t\t\t\t\t\t<\/div>\n\t\t\t\t\t\t<\/div>\t\n\t\t\t\t\t\t<\/div>\t\t\t\t\n\t\t\t\t\t<\/div>\n\n\t\t\t\t\t\t\t<\/div>\n\t\t<\/div>\t\n\t\t\t\t<\/div>\n\t\t\t\t<\/div>\n\t\t\t\t\t<\/div>\n\t\t<\/div>\n\t\t\t\t\t<\/div>\n\t\t<\/section>\n\t\t\t\t<\/div>\n\t\t","protected":false},"excerpt":{"rendered":"<p>\u00dcBUNGEN 7Feb. News 2026 \u00d6FAST 2026 3Feb. HOERG H\u00d6RG-\u00dcbung | Kameradenrettung 9Dez. \u00dcbungsberichte 2025 SSG-\u00dcbung | Tunnel | Radfeld 8Nov. [&hellip;]<\/p>\n","protected":false},"author":9,"featured_media":0,"parent":0,"menu_order":0,"comment_status":"closed","ping_status":"closed","template":"page-templates\/template_page-builder.php","meta":{"footnotes":""},"class_list":["post-1063","page","type-page","status-publish","hentry","col-lg-4 col-md-6"],"_links":{"self":[{"href":"https:\/\/ff-woergl.at\/index.php\/wp-json\/wp\/v2\/pages\/1063","targetHints":{"allow":["GET"]}}],"collection":[{"href":"https:\/\/ff-woergl.at\/index.php\/wp-json\/wp\/v2\/pages"}],"about":[{"href":"https:\/\/ff-woergl.at\/index.php\/wp-json\/wp\/v2\/types\/page"}],"author":[{"embeddable":true,"href":"https:\/\/ff-woergl.at\/index.php\/wp-json\/wp\/v2\/users\/9"}],"replies":[{"embeddable":true,"href":"https:\/\/ff-woergl.at\/index.php\/wp-json\/wp\/v2\/comments?post=1063"}],"version-history":[{"count":42,"href":"https:\/\/ff-woergl.at\/index.php\/wp-json\/wp\/v2\/pages\/1063\/revisions"}],"predecessor-version":[{"id":13378,"href":"https:\/\/ff-woergl.at\/index.php\/wp-json\/wp\/v2\/pages\/1063\/revisions\/13378"}],"wp:attachment":[{"href":"https:\/\/ff-woergl.at\/index.php\/wp-json\/wp\/v2\/media?parent=1063"}],"curies":[{"name":"wp","href":"https:\/\/api.w.org\/{rel}","templated":true}]}}