{"id":1022,"date":"2023-01-10T14:50:02","date_gmt":"2023-01-10T13:50:02","guid":{"rendered":"https:\/\/neu.feuerwehr-zirl.at\/?page_id=1022"},"modified":"2026-03-08T23:25:08","modified_gmt":"2026-03-08T22:25:08","slug":"news","status":"publish","type":"page","link":"https:\/\/ff-woergl.at\/index.php\/news\/","title":{"rendered":"News"},"content":{"rendered":"\t\t<div data-elementor-type=\"wp-page\" data-elementor-id=\"1022\" class=\"elementor elementor-1022\" data-elementor-post-type=\"page\">\n\t\t\t\t\t\t<section class=\"elementor-section elementor-top-section elementor-element elementor-element-753c2676 elementor-section-boxed elementor-section-height-default elementor-section-height-default\" data-id=\"753c2676\" data-element_type=\"section\">\n\t\t\t\t\t\t<div class=\"elementor-container elementor-column-gap-default\">\n\t\t\t\t\t<div class=\"elementor-column elementor-col-100 elementor-top-column elementor-element elementor-element-14d268cb\" data-id=\"14d268cb\" data-element_type=\"column\">\n\t\t\t<div class=\"elementor-widget-wrap elementor-element-populated\">\n\t\t\t\t\t\t<div class=\"elementor-element elementor-element-4d08b289 elementor-widget elementor-widget-heading\" data-id=\"4d08b289\" data-element_type=\"widget\" data-widget_type=\"heading.default\">\n\t\t\t\t<div class=\"elementor-widget-container\">\n\t\t\t<h1 class=\"elementor-heading-title elementor-size-default\">News<\/h1>\t\t<\/div>\n\t\t\t\t<\/div>\n\t\t\t\t<div class=\"elementor-element elementor-element-1d5b0ef elementor-widget-divider--view-line elementor-widget elementor-widget-divider\" data-id=\"1d5b0ef\" data-element_type=\"widget\" data-widget_type=\"divider.default\">\n\t\t\t\t<div class=\"elementor-widget-container\">\n\t\t\t\t\t<div class=\"elementor-divider\">\n\t\t\t<span class=\"elementor-divider-separator\">\n\t\t\t\t\t\t<\/span>\n\t\t<\/div>\n\t\t\t\t<\/div>\n\t\t\t\t<\/div>\n\t\t\t\t\t<\/div>\n\t\t<\/div>\n\t\t\t\t\t<\/div>\n\t\t<\/section>\n\t\t\t\t<section class=\"elementor-section elementor-top-section elementor-element elementor-element-1db4fc3 elementor-section-boxed elementor-section-height-default elementor-section-height-default\" data-id=\"1db4fc3\" data-element_type=\"section\">\n\t\t\t\t\t\t<div class=\"elementor-container elementor-column-gap-default\">\n\t\t\t\t\t<div class=\"elementor-column elementor-col-100 elementor-top-column elementor-element elementor-element-55ae7db\" data-id=\"55ae7db\" data-element_type=\"column\">\n\t\t\t<div class=\"elementor-widget-wrap elementor-element-populated\">\n\t\t\t\t\t\t<div class=\"elementor-element elementor-element-7bc6f47 elementor-widget elementor-widget-athemes-blog\" data-id=\"7bc6f47\" data-element_type=\"widget\" data-widget_type=\"athemes-blog.airi_athemes_blog_skin_4\">\n\t\t\t\t<div class=\"elementor-widget-container\">\n\t\t\t\n\t\t<div class=\"athemes-blog airi_athemes_blog_skin_4\">\n\t\t\t<div class=\"row\">\t\n\t\t\t\t\t\t\t\t\t\t\t\t\n\t\t\t\t\t<div class=\"col-md-4 col-sm-6\">\n\t\t\t\t\t\t<div class=\"post-item\">\t\t\t\n\t\t\t\t\t\t\t<div class=\"post-content\" style=\"background-image:url(https:\/\/ff-woergl.at\/wp-content\/uploads\/2026\/03\/P_FF1696-scaled.jpg)\">\n\t\t\t\t\t\t\t\n\t\t\t\t\t\t\t<div class=\"posted-on\">\n\t\t\t\t\t\t\t<span>27<\/span><span>M\u00e4rz<\/span>\n\t\t\t\t\t\t\t<\/div>\n\n\t\t\t\t\t\t\t<div class=\"post-info\">\n\t\t\t\t\t\t\t\t<a class=\"first-cat post-cat\" href=\"https:\/\/ff-woergl.at\/index.php\/category\/allgemein\/\">Allgemein<\/a>\t\n\t\t\t\t\t\t\t\t<h3 class=\"entry-title\"><a href=\"https:\/\/ff-woergl.at\/index.php\/2026\/03\/27\/150-jahreshauptversammlung\/\" rel=\"bookmark\">150. Jahreshaupt-versammlung<\/a><\/h3>\t\t\t\t\t\t\t<\/div>\n\t\t\t\t\t\t<\/div>\t\n\t\t\t\t\t\t<\/div>\t\t\t\t\n\t\t\t\t\t<\/div>\n\n\t\t\t\t\t\t\t\t\t\n\t\t\t\t\t<div class=\"col-md-4 col-sm-6\">\n\t\t\t\t\t\t<div class=\"post-item\">\t\t\t\n\t\t\t\t\t\t\t<div class=\"post-content\" style=\"background-image:url(https:\/\/ff-woergl.at\/wp-content\/uploads\/2026\/03\/IMG_5521-scaled.jpeg)\">\n\t\t\t\t\t\t\t\n\t\t\t\t\t\t\t<div class=\"posted-on\">\n\t\t\t\t\t\t\t<span>20<\/span><span>M\u00e4rz<\/span>\n\t\t\t\t\t\t\t<\/div>\n\n\t\t\t\t\t\t\t<div class=\"post-info\">\n\t\t\t\t\t\t\t\t<a class=\"first-cat post-cat\" href=\"https:\/\/ff-woergl.at\/index.php\/category\/allgemein\/\">Allgemein<\/a>\t\n\t\t\t\t\t\t\t\t<h3 class=\"entry-title\"><a href=\"https:\/\/ff-woergl.at\/index.php\/2026\/03\/20\/ostereierschiessen-2026\/\" rel=\"bookmark\">Ostereierschie\u00dfen 2026<\/a><\/h3>\t\t\t\t\t\t\t<\/div>\n\t\t\t\t\t\t<\/div>\t\n\t\t\t\t\t\t<\/div>\t\t\t\t\n\t\t\t\t\t<\/div>\n\n\t\t\t\t\t\t\t\t\t\n\t\t\t\t\t<div class=\"col-md-4 col-sm-6\">\n\t\t\t\t\t\t<div class=\"post-item\">\t\t\t\n\t\t\t\t\t\t\t<div class=\"post-content\" style=\"background-image:url(https:\/\/ff-woergl.at\/wp-content\/uploads\/2026\/03\/IMG_5231-scaled.jpg)\">\n\t\t\t\t\t\t\t\n\t\t\t\t\t\t\t<div class=\"posted-on\">\n\t\t\t\t\t\t\t<span>10<\/span><span>M\u00e4rz<\/span>\n\t\t\t\t\t\t\t<\/div>\n\n\t\t\t\t\t\t\t<div class=\"post-info\">\n\t\t\t\t\t\t\t\t<a class=\"first-cat post-cat\" href=\"https:\/\/ff-woergl.at\/index.php\/category\/allgemein\/\">Allgemein<\/a>\t\n\t\t\t\t\t\t\t\t<h3 class=\"entry-title\"><a href=\"https:\/\/ff-woergl.at\/index.php\/2026\/03\/10\/neue-hochwassercontainer\/\" rel=\"bookmark\">Neue Hochwassercontainer<\/a><\/h3>\t\t\t\t\t\t\t<\/div>\n\t\t\t\t\t\t<\/div>\t\n\t\t\t\t\t\t<\/div>\t\t\t\t\n\t\t\t\t\t<\/div>\n\n\t\t\t\t\t\t\t\t\t\n\t\t\t\t\t<div class=\"col-md-4 col-sm-6\">\n\t\t\t\t\t\t<div class=\"post-item\">\t\t\t\n\t\t\t\t\t\t\t<div class=\"post-content\" style=\"background-image:url(https:\/\/ff-woergl.at\/wp-content\/uploads\/2026\/03\/P_FF0876-scaled.jpg)\">\n\t\t\t\t\t\t\t\n\t\t\t\t\t\t\t<div class=\"posted-on\">\n\t\t\t\t\t\t\t<span>7<\/span><span>M\u00e4rz<\/span>\n\t\t\t\t\t\t\t<\/div>\n\n\t\t\t\t\t\t\t<div class=\"post-info\">\n\t\t\t\t\t\t\t\t<a class=\"first-cat post-cat\" href=\"https:\/\/ff-woergl.at\/index.php\/category\/allgemein\/\">Allgemein<\/a>\t\n\t\t\t\t\t\t\t\t<h3 class=\"entry-title\"><a href=\"https:\/\/ff-woergl.at\/index.php\/2026\/03\/07\/eishocky-match-btf-sandoz-vs-ff-woergl\/\" rel=\"bookmark\">Eishocky Match | BTF Kundl vs FF W\u00f6rgl<\/a><\/h3>\t\t\t\t\t\t\t<\/div>\n\t\t\t\t\t\t<\/div>\t\n\t\t\t\t\t\t<\/div>\t\t\t\t\n\t\t\t\t\t<\/div>\n\n\t\t\t\t\t\t\t\t\t\n\t\t\t\t\t<div class=\"col-md-4 col-sm-6\">\n\t\t\t\t\t\t<div class=\"post-item\">\t\t\t\n\t\t\t\t\t\t\t<div class=\"post-content\" style=\"background-image:url(https:\/\/ff-woergl.at\/wp-content\/uploads\/2026\/02\/IMG_4280-scaled.jpeg)\">\n\t\t\t\t\t\t\t\n\t\t\t\t\t\t\t<div class=\"posted-on\">\n\t\t\t\t\t\t\t<span>13<\/span><span>Feb.<\/span>\n\t\t\t\t\t\t\t<\/div>\n\n\t\t\t\t\t\t\t<div class=\"post-info\">\n\t\t\t\t\t\t\t\t<a class=\"first-cat post-cat\" href=\"https:\/\/ff-woergl.at\/index.php\/category\/news-2\/news-2026\/\">News 2026<\/a>\t\n\t\t\t\t\t\t\t\t<h3 class=\"entry-title\"><a href=\"https:\/\/ff-woergl.at\/index.php\/2026\/02\/13\/kameradschaft-stockschiessen\/\" rel=\"bookmark\">Kameradschaft | Stockschie\u00dfen<\/a><\/h3>\t\t\t\t\t\t\t<\/div>\n\t\t\t\t\t\t<\/div>\t\n\t\t\t\t\t\t<\/div>\t\t\t\t\n\t\t\t\t\t<\/div>\n\n\t\t\t\t\t\t\t\t\t\n\t\t\t\t\t<div class=\"col-md-4 col-sm-6\">\n\t\t\t\t\t\t<div class=\"post-item\">\t\t\t\n\t\t\t\t\t\t\t<div class=\"post-content\" style=\"background-image:url(https:\/\/ff-woergl.at\/wp-content\/uploads\/2026\/02\/IMG_4762-scaled.jpeg)\">\n\t\t\t\t\t\t\t\n\t\t\t\t\t\t\t<div class=\"posted-on\">\n\t\t\t\t\t\t\t<span>7<\/span><span>Feb.<\/span>\n\t\t\t\t\t\t\t<\/div>\n\n\t\t\t\t\t\t\t<div class=\"post-info\">\n\t\t\t\t\t\t\t\t<a class=\"first-cat post-cat\" href=\"https:\/\/ff-woergl.at\/index.php\/category\/news-2\/news-2026\/\">News 2026<\/a>\t\n\t\t\t\t\t\t\t\t<h3 class=\"entry-title\"><a href=\"https:\/\/ff-woergl.at\/index.php\/2026\/02\/07\/oefast-2026\/\" rel=\"bookmark\">\u00d6FAST 2026<\/a><\/h3>\t\t\t\t\t\t\t<\/div>\n\t\t\t\t\t\t<\/div>\t\n\t\t\t\t\t\t<\/div>\t\t\t\t\n\t\t\t\t\t<\/div>\n\n\t\t\t\t\t\t\t\t\t\n\t\t\t\t\t<div class=\"col-md-4 col-sm-6\">\n\t\t\t\t\t\t<div class=\"post-item\">\t\t\t\n\t\t\t\t\t\t\t<div class=\"post-content\" style=\"background-image:url(https:\/\/ff-woergl.at\/wp-content\/uploads\/2026\/02\/1656cece-f12c-48e7-b7ed-150274cdec3b-scaled.jpg)\">\n\t\t\t\t\t\t\t\n\t\t\t\t\t\t\t<div class=\"posted-on\">\n\t\t\t\t\t\t\t<span>4<\/span><span>Feb.<\/span>\n\t\t\t\t\t\t\t<\/div>\n\n\t\t\t\t\t\t\t<div class=\"post-info\">\n\t\t\t\t\t\t\t\t<a class=\"first-cat post-cat\" href=\"https:\/\/ff-woergl.at\/index.php\/category\/news-2\/news-2026\/\">News 2026<\/a>\t\n\t\t\t\t\t\t\t\t<h3 class=\"entry-title\"><a href=\"https:\/\/ff-woergl.at\/index.php\/2026\/02\/04\/kameradschaft-fussball-mittwoch\/\" rel=\"bookmark\">Kameradschaft | Fu\u00dfball-Mittwoch<\/a><\/h3>\t\t\t\t\t\t\t<\/div>\n\t\t\t\t\t\t<\/div>\t\n\t\t\t\t\t\t<\/div>\t\t\t\t\n\t\t\t\t\t<\/div>\n\n\t\t\t\t\t\t\t\t\t\n\t\t\t\t\t<div class=\"col-md-4 col-sm-6\">\n\t\t\t\t\t\t<div class=\"post-item\">\t\t\t\n\t\t\t\t\t\t\t<div class=\"post-content\" style=\"background-image:url(https:\/\/ff-woergl.at\/wp-content\/uploads\/2026\/01\/Platz-1-scaled.jpg)\">\n\t\t\t\t\t\t\t\n\t\t\t\t\t\t\t<div class=\"posted-on\">\n\t\t\t\t\t\t\t<span>18<\/span><span>Jan.<\/span>\n\t\t\t\t\t\t\t<\/div>\n\n\t\t\t\t\t\t\t<div class=\"post-info\">\n\t\t\t\t\t\t\t\t<a class=\"first-cat post-cat\" href=\"https:\/\/ff-woergl.at\/index.php\/category\/allgemein\/\">Allgemein<\/a>\t\n\t\t\t\t\t\t\t\t<h3 class=\"entry-title\"><a href=\"https:\/\/ff-woergl.at\/index.php\/2026\/01\/18\/eisstock-meisterschaft-2026\/\" rel=\"bookmark\">Eisstock &#8211; Meisterschaft 2026<\/a><\/h3>\t\t\t\t\t\t\t<\/div>\n\t\t\t\t\t\t<\/div>\t\n\t\t\t\t\t\t<\/div>\t\t\t\t\n\t\t\t\t\t<\/div>\n\n\t\t\t\t\t\t\t\t\t\n\t\t\t\t\t<div class=\"col-md-4 col-sm-6\">\n\t\t\t\t\t\t<div class=\"post-item\">\t\t\t\n\t\t\t\t\t\t\t<div class=\"post-content\" style=\"background-image:url(https:\/\/ff-woergl.at\/wp-content\/uploads\/2026\/01\/P_FF8587-scaled.jpg)\">\n\t\t\t\t\t\t\t\n\t\t\t\t\t\t\t<div class=\"posted-on\">\n\t\t\t\t\t\t\t<span>1<\/span><span>Jan.<\/span>\n\t\t\t\t\t\t\t<\/div>\n\n\t\t\t\t\t\t\t<div class=\"post-info\">\n\t\t\t\t\t\t\t\t<a class=\"first-cat post-cat\" href=\"https:\/\/ff-woergl.at\/index.php\/category\/news-2\/news-2026\/\">News 2026<\/a>\t\n\t\t\t\t\t\t\t\t<h3 class=\"entry-title\"><a href=\"https:\/\/ff-woergl.at\/index.php\/2026\/01\/01\/kameradschaft-eishockey\/\" rel=\"bookmark\">Kameradschaft | Eishockey<\/a><\/h3>\t\t\t\t\t\t\t<\/div>\n\t\t\t\t\t\t<\/div>\t\n\t\t\t\t\t\t<\/div>\t\t\t\t\n\t\t\t\t\t<\/div>\n\n\t\t\t\t\t\t\t\t\t\n\t\t\t\t\t<div class=\"col-md-4 col-sm-6\">\n\t\t\t\t\t\t<div class=\"post-item\">\t\t\t\n\t\t\t\t\t\t\t<div class=\"post-content\" style=\"background-image:url(https:\/\/ff-woergl.at\/wp-content\/uploads\/2025\/12\/P_FF8512-scaled.jpg)\">\n\t\t\t\t\t\t\t\n\t\t\t\t\t\t\t<div class=\"posted-on\">\n\t\t\t\t\t\t\t<span>24<\/span><span>Dez.<\/span>\n\t\t\t\t\t\t\t<\/div>\n\n\t\t\t\t\t\t\t<div class=\"post-info\">\n\t\t\t\t\t\t\t\t<a class=\"first-cat post-cat\" href=\"https:\/\/ff-woergl.at\/index.php\/category\/allgemein\/\">Allgemein<\/a>\t\n\t\t\t\t\t\t\t\t<h3 class=\"entry-title\"><a href=\"https:\/\/ff-woergl.at\/index.php\/2025\/12\/24\/aktion-friedenslicht\/\" rel=\"bookmark\">Aktion Friedenslicht 2025<\/a><\/h3>\t\t\t\t\t\t\t<\/div>\n\t\t\t\t\t\t<\/div>\t\n\t\t\t\t\t\t<\/div>\t\t\t\t\n\t\t\t\t\t<\/div>\n\n\t\t\t\t\t\t\t\t\t\n\t\t\t\t\t<div class=\"col-md-4 col-sm-6\">\n\t\t\t\t\t\t<div class=\"post-item\">\t\t\t\n\t\t\t\t\t\t\t<div class=\"post-content\" style=\"background-image:url(https:\/\/ff-woergl.at\/wp-content\/uploads\/2025\/12\/P_FF8184-scaled.jpg)\">\n\t\t\t\t\t\t\t\n\t\t\t\t\t\t\t<div class=\"posted-on\">\n\t\t\t\t\t\t\t<span>6<\/span><span>Dez.<\/span>\n\t\t\t\t\t\t\t<\/div>\n\n\t\t\t\t\t\t\t<div class=\"post-info\">\n\t\t\t\t\t\t\t\t<a class=\"first-cat post-cat\" href=\"https:\/\/ff-woergl.at\/index.php\/category\/news-2\/news-2025\/\">News 2025<\/a>\t\n\t\t\t\t\t\t\t\t<h3 class=\"entry-title\"><a href=\"https:\/\/ff-woergl.at\/index.php\/2025\/12\/06\/der-nikolaus-war-unterwegs-2\/\" rel=\"bookmark\">Der Nikolaus war unterwegs<\/a><\/h3>\t\t\t\t\t\t\t<\/div>\n\t\t\t\t\t\t<\/div>\t\n\t\t\t\t\t\t<\/div>\t\t\t\t\n\t\t\t\t\t<\/div>\n\n\t\t\t\t\t\t\t\t\t\n\t\t\t\t\t<div class=\"col-md-4 col-sm-6\">\n\t\t\t\t\t\t<div class=\"post-item\">\t\t\t\n\t\t\t\t\t\t\t<div class=\"post-content\" style=\"background-image:url(https:\/\/ff-woergl.at\/wp-content\/uploads\/2025\/12\/76cfbd8a-344e-4b90-8482-2e380656b461.jpg)\">\n\t\t\t\t\t\t\t\n\t\t\t\t\t\t\t<div class=\"posted-on\">\n\t\t\t\t\t\t\t<span>15<\/span><span>Nov.<\/span>\n\t\t\t\t\t\t\t<\/div>\n\n\t\t\t\t\t\t\t<div class=\"post-info\">\n\t\t\t\t\t\t\t\t<a class=\"first-cat post-cat\" href=\"https:\/\/ff-woergl.at\/index.php\/category\/news-2\/news-2025\/\">News 2025<\/a>\t\n\t\t\t\t\t\t\t\t<h3 class=\"entry-title\"><a href=\"https:\/\/ff-woergl.at\/index.php\/2025\/11\/15\/neue-lackierung-wlf\/\" rel=\"bookmark\">Neue Lackierung | WLF<\/a><\/h3>\t\t\t\t\t\t\t<\/div>\n\t\t\t\t\t\t<\/div>\t\n\t\t\t\t\t\t<\/div>\t\t\t\t\n\t\t\t\t\t<\/div>\n\n\t\t\t\t\t\t\t\t\t\n\t\t\t\t\t<div class=\"col-md-4 col-sm-6\">\n\t\t\t\t\t\t<div class=\"post-item\">\t\t\t\n\t\t\t\t\t\t\t<div class=\"post-content\" style=\"background-image:url(https:\/\/ff-woergl.at\/wp-content\/uploads\/2025\/11\/3e420d26-2d56-4cbc-aae7-4279c23902c1.jpg)\">\n\t\t\t\t\t\t\t\n\t\t\t\t\t\t\t<div class=\"posted-on\">\n\t\t\t\t\t\t\t<span>8<\/span><span>Nov.<\/span>\n\t\t\t\t\t\t\t<\/div>\n\n\t\t\t\t\t\t\t<div class=\"post-info\">\n\t\t\t\t\t\t\t\t<a class=\"first-cat post-cat\" href=\"https:\/\/ff-woergl.at\/index.php\/category\/news-2\/news-2025\/\">News 2025<\/a>\t\n\t\t\t\t\t\t\t\t<h3 class=\"entry-title\"><a href=\"https:\/\/ff-woergl.at\/index.php\/2025\/11\/08\/bezirksgrundlehrgang-niederndorf\/\" rel=\"bookmark\">Bezirksgrundlehrgang | Niederndorf<\/a><\/h3>\t\t\t\t\t\t\t<\/div>\n\t\t\t\t\t\t<\/div>\t\n\t\t\t\t\t\t<\/div>\t\t\t\t\n\t\t\t\t\t<\/div>\n\n\t\t\t\t\t\t\t\t\t\n\t\t\t\t\t<div class=\"col-md-4 col-sm-6\">\n\t\t\t\t\t\t<div class=\"post-item\">\t\t\t\n\t\t\t\t\t\t\t<div class=\"post-content\" style=\"background-image:url(https:\/\/ff-woergl.at\/wp-content\/uploads\/2025\/10\/P_FF6632-scaled.jpg)\">\n\t\t\t\t\t\t\t\n\t\t\t\t\t\t\t<div class=\"posted-on\">\n\t\t\t\t\t\t\t<span>21<\/span><span>Okt.<\/span>\n\t\t\t\t\t\t\t<\/div>\n\n\t\t\t\t\t\t\t<div class=\"post-info\">\n\t\t\t\t\t\t\t\t<a class=\"first-cat post-cat\" href=\"https:\/\/ff-woergl.at\/index.php\/category\/allgemein\/\">Allgemein<\/a>\t\n\t\t\t\t\t\t\t\t<h3 class=\"entry-title\"><a href=\"https:\/\/ff-woergl.at\/index.php\/2025\/10\/21\/der-storch-ist-gelandet-6\/\" rel=\"bookmark\">Der Storch ist gelandet!<\/a><\/h3>\t\t\t\t\t\t\t<\/div>\n\t\t\t\t\t\t<\/div>\t\n\t\t\t\t\t\t<\/div>\t\t\t\t\n\t\t\t\t\t<\/div>\n\n\t\t\t\t\t\t\t\t\t\n\t\t\t\t\t<div class=\"col-md-4 col-sm-6\">\n\t\t\t\t\t\t<div class=\"post-item\">\t\t\t\n\t\t\t\t\t\t\t<div class=\"post-content\" style=\"background-image:url(https:\/\/ff-woergl.at\/wp-content\/uploads\/2025\/10\/IMG_2254-scaled.jpeg)\">\n\t\t\t\t\t\t\t\n\t\t\t\t\t\t\t<div class=\"posted-on\">\n\t\t\t\t\t\t\t<span>18<\/span><span>Okt.<\/span>\n\t\t\t\t\t\t\t<\/div>\n\n\t\t\t\t\t\t\t<div class=\"post-info\">\n\t\t\t\t\t\t\t\t<a class=\"first-cat post-cat\" href=\"https:\/\/ff-woergl.at\/index.php\/category\/allgemein\/\">Allgemein<\/a>\t\n\t\t\t\t\t\t\t\t<h3 class=\"entry-title\"><a href=\"https:\/\/ff-woergl.at\/index.php\/2025\/10\/18\/feuerwehrausflug-suedtirol\/\" rel=\"bookmark\">Feuerwehrausflug | S\u00fcdtirol<\/a><\/h3>\t\t\t\t\t\t\t<\/div>\n\t\t\t\t\t\t<\/div>\t\n\t\t\t\t\t\t<\/div>\t\t\t\t\n\t\t\t\t\t<\/div>\n\n\t\t\t\t\t\t\t\t\t\n\t\t\t\t\t<div class=\"col-md-4 col-sm-6\">\n\t\t\t\t\t\t<div class=\"post-item\">\t\t\t\n\t\t\t\t\t\t\t<div class=\"post-content\" style=\"background-image:url(https:\/\/ff-woergl.at\/wp-content\/uploads\/2025\/10\/P_FF6514-scaled.jpg)\">\n\t\t\t\t\t\t\t\n\t\t\t\t\t\t\t<div class=\"posted-on\">\n\t\t\t\t\t\t\t<span>4<\/span><span>Okt.<\/span>\n\t\t\t\t\t\t\t<\/div>\n\n\t\t\t\t\t\t\t<div class=\"post-info\">\n\t\t\t\t\t\t\t\t<a class=\"first-cat post-cat\" href=\"https:\/\/ff-woergl.at\/index.php\/category\/allgemein\/\">Allgemein<\/a>\t\n\t\t\t\t\t\t\t\t<h3 class=\"entry-title\"><a href=\"https:\/\/ff-woergl.at\/index.php\/2025\/10\/04\/atemschutzbewerb-2025-scheffau\/\" rel=\"bookmark\">Atemschutzbewerb 2025 | Scheffau<\/a><\/h3>\t\t\t\t\t\t\t<\/div>\n\t\t\t\t\t\t<\/div>\t\n\t\t\t\t\t\t<\/div>\t\t\t\t\n\t\t\t\t\t<\/div>\n\n\t\t\t\t\t\t\t\t\t\n\t\t\t\t\t<div class=\"col-md-4 col-sm-6\">\n\t\t\t\t\t\t<div class=\"post-item\">\t\t\t\n\t\t\t\t\t\t\t<div class=\"post-content\" style=\"background-image:url(https:\/\/ff-woergl.at\/wp-content\/uploads\/2025\/09\/IMG-20250921-WA0003.jpg)\">\n\t\t\t\t\t\t\t\n\t\t\t\t\t\t\t<div class=\"posted-on\">\n\t\t\t\t\t\t\t<span>21<\/span><span>Sep.<\/span>\n\t\t\t\t\t\t\t<\/div>\n\n\t\t\t\t\t\t\t<div class=\"post-info\">\n\t\t\t\t\t\t\t\t<a class=\"first-cat post-cat\" href=\"https:\/\/ff-woergl.at\/index.php\/category\/news-2\/news-2025\/\">News 2025<\/a>\t\n\t\t\t\t\t\t\t\t<h3 class=\"entry-title\"><a href=\"https:\/\/ff-woergl.at\/index.php\/2025\/09\/21\/oldtimer-treffen-bad-haering\/\" rel=\"bookmark\">Oldtimer-Treffen | Bad H\u00e4ring<\/a><\/h3>\t\t\t\t\t\t\t<\/div>\n\t\t\t\t\t\t<\/div>\t\n\t\t\t\t\t\t<\/div>\t\t\t\t\n\t\t\t\t\t<\/div>\n\n\t\t\t\t\t\t\t\t\t\n\t\t\t\t\t<div class=\"col-md-4 col-sm-6\">\n\t\t\t\t\t\t<div class=\"post-item\">\t\t\t\n\t\t\t\t\t\t\t<div class=\"post-content\" style=\"background-image:url(https:\/\/ff-woergl.at\/wp-content\/uploads\/2025\/09\/bca06ea4-9183-479e-a3a9-8e29490f7e6e.jpg)\">\n\t\t\t\t\t\t\t\n\t\t\t\t\t\t\t<div class=\"posted-on\">\n\t\t\t\t\t\t\t<span>12<\/span><span>Sep.<\/span>\n\t\t\t\t\t\t\t<\/div>\n\n\t\t\t\t\t\t\t<div class=\"post-info\">\n\t\t\t\t\t\t\t\t<a class=\"first-cat post-cat\" href=\"https:\/\/ff-woergl.at\/index.php\/category\/news-2\/news-2025\/\">News 2025<\/a>\t\n\t\t\t\t\t\t\t\t<h3 class=\"entry-title\"><a href=\"https:\/\/ff-woergl.at\/index.php\/2025\/09\/12\/ausflug-albrechtice\/\" rel=\"bookmark\">Ausflug | Albrechtice &#8211; Tschechien<\/a><\/h3>\t\t\t\t\t\t\t<\/div>\n\t\t\t\t\t\t<\/div>\t\n\t\t\t\t\t\t<\/div>\t\t\t\t\n\t\t\t\t\t<\/div>\n\n\t\t\t\t\t\t\t\t\t\n\t\t\t\t\t<div class=\"col-md-4 col-sm-6\">\n\t\t\t\t\t\t<div class=\"post-item\">\t\t\t\n\t\t\t\t\t\t\t<div class=\"post-content\" style=\"background-image:url(https:\/\/ff-woergl.at\/wp-content\/uploads\/2025\/08\/IMG_0488-scaled.jpg)\">\n\t\t\t\t\t\t\t\n\t\t\t\t\t\t\t<div class=\"posted-on\">\n\t\t\t\t\t\t\t<span>24<\/span><span>Aug.<\/span>\n\t\t\t\t\t\t\t<\/div>\n\n\t\t\t\t\t\t\t<div class=\"post-info\">\n\t\t\t\t\t\t\t\t<a class=\"first-cat post-cat\" href=\"https:\/\/ff-woergl.at\/index.php\/category\/news-2\/news-2025\/\">News 2025<\/a>\t\n\t\t\t\t\t\t\t\t<h3 class=\"entry-title\"><a href=\"https:\/\/ff-woergl.at\/index.php\/2025\/08\/24\/neuzugang-rlfa-2000-200\/\" rel=\"bookmark\">Vorstellung | RLFA 2000\/200<\/a><\/h3>\t\t\t\t\t\t\t<\/div>\n\t\t\t\t\t\t<\/div>\t\n\t\t\t\t\t\t<\/div>\t\t\t\t\n\t\t\t\t\t<\/div>\n\n\t\t\t\t\t\t\t\t\t\n\t\t\t\t\t<div class=\"col-md-4 col-sm-6\">\n\t\t\t\t\t\t<div class=\"post-item\">\t\t\t\n\t\t\t\t\t\t\t<div class=\"post-content\" style=\"background-image:url(https:\/\/ff-woergl.at\/wp-content\/uploads\/2025\/08\/442bfa84-ed85-4b79-8716-13b4f77bcaa2.jpg)\">\n\t\t\t\t\t\t\t\n\t\t\t\t\t\t\t<div class=\"posted-on\">\n\t\t\t\t\t\t\t<span>15<\/span><span>Aug.<\/span>\n\t\t\t\t\t\t\t<\/div>\n\n\t\t\t\t\t\t\t<div class=\"post-info\">\n\t\t\t\t\t\t\t\t<a class=\"first-cat post-cat\" href=\"https:\/\/ff-woergl.at\/index.php\/category\/news-2\/news-2025\/\">News 2025<\/a>\t\n\t\t\t\t\t\t\t\t<h3 class=\"entry-title\"><a href=\"https:\/\/ff-woergl.at\/index.php\/2025\/08\/15\/verleihung-lebensrettungsmedaille\/\" rel=\"bookmark\">Verleihung | Lebensrettungs &#8211; Medaille<\/a><\/h3>\t\t\t\t\t\t\t<\/div>\n\t\t\t\t\t\t<\/div>\t\n\t\t\t\t\t\t<\/div>\t\t\t\t\n\t\t\t\t\t<\/div>\n\n\t\t\t\t\t\t\t\t\t\n\t\t\t\t\t<div class=\"col-md-4 col-sm-6\">\n\t\t\t\t\t\t<div class=\"post-item\">\t\t\t\n\t\t\t\t\t\t\t<div class=\"post-content\" style=\"background-image:url(https:\/\/ff-woergl.at\/wp-content\/uploads\/2025\/08\/3cc52ea3-9c43-4193-9fd5-a6580eb7b3ff-scaled.jpg)\">\n\t\t\t\t\t\t\t\n\t\t\t\t\t\t\t<div class=\"posted-on\">\n\t\t\t\t\t\t\t<span>9<\/span><span>Aug.<\/span>\n\t\t\t\t\t\t\t<\/div>\n\n\t\t\t\t\t\t\t<div class=\"post-info\">\n\t\t\t\t\t\t\t\t<a class=\"first-cat post-cat\" href=\"https:\/\/ff-woergl.at\/index.php\/category\/news-2\/news-2025\/\">News 2025<\/a>\t\n\t\t\t\t\t\t\t\t<h3 class=\"entry-title\"><a href=\"https:\/\/ff-woergl.at\/index.php\/2025\/08\/09\/der-storch-ist-gelandet-5\/\" rel=\"bookmark\">Der Storch ist gelandet!<\/a><\/h3>\t\t\t\t\t\t\t<\/div>\n\t\t\t\t\t\t<\/div>\t\n\t\t\t\t\t\t<\/div>\t\t\t\t\n\t\t\t\t\t<\/div>\n\n\t\t\t\t\t\t\t\t\t\n\t\t\t\t\t<div class=\"col-md-4 col-sm-6\">\n\t\t\t\t\t\t<div class=\"post-item\">\t\t\t\n\t\t\t\t\t\t\t<div class=\"post-content\" style=\"background-image:url(https:\/\/ff-woergl.at\/wp-content\/uploads\/2025\/07\/P_FF5340-scaled.jpg)\">\n\t\t\t\t\t\t\t\n\t\t\t\t\t\t\t<div class=\"posted-on\">\n\t\t\t\t\t\t\t<span>26<\/span><span>Juli<\/span>\n\t\t\t\t\t\t\t<\/div>\n\n\t\t\t\t\t\t\t<div class=\"post-info\">\n\t\t\t\t\t\t\t\t<a class=\"first-cat post-cat\" href=\"https:\/\/ff-woergl.at\/index.php\/category\/news-2\/news-2025\/\">News 2025<\/a>\t\n\t\t\t\t\t\t\t\t<h3 class=\"entry-title\"><a href=\"https:\/\/ff-woergl.at\/index.php\/2025\/07\/26\/bezirksnassbewerb-muenster\/\" rel=\"bookmark\">Bezirksnassbewerb | M\u00fcnster<\/a><\/h3>\t\t\t\t\t\t\t<\/div>\n\t\t\t\t\t\t<\/div>\t\n\t\t\t\t\t\t<\/div>\t\t\t\t\n\t\t\t\t\t<\/div>\n\n\t\t\t\t\t\t\t\t\t\n\t\t\t\t\t<div class=\"col-md-4 col-sm-6\">\n\t\t\t\t\t\t<div class=\"post-item\">\t\t\t\n\t\t\t\t\t\t\t<div class=\"post-content\" style=\"background-image:url(https:\/\/ff-woergl.at\/wp-content\/uploads\/2025\/07\/P_FF5220-scaled.jpg)\">\n\t\t\t\t\t\t\t\n\t\t\t\t\t\t\t<div class=\"posted-on\">\n\t\t\t\t\t\t\t<span>25<\/span><span>Juli<\/span>\n\t\t\t\t\t\t\t<\/div>\n\n\t\t\t\t\t\t\t<div class=\"post-info\">\n\t\t\t\t\t\t\t\t<a class=\"first-cat post-cat\" href=\"https:\/\/ff-woergl.at\/index.php\/category\/allgemein\/\">Allgemein<\/a>\t\n\t\t\t\t\t\t\t\t<h3 class=\"entry-title\"><a href=\"https:\/\/ff-woergl.at\/index.php\/2025\/07\/25\/empfang-rlfa-2000-200\/\" rel=\"bookmark\">Empfang RLFA 2000\/200<\/a><\/h3>\t\t\t\t\t\t\t<\/div>\n\t\t\t\t\t\t<\/div>\t\n\t\t\t\t\t\t<\/div>\t\t\t\t\n\t\t\t\t\t<\/div>\n\n\t\t\t\t\t\t\t\t\t\n\t\t\t\t\t<div class=\"col-md-4 col-sm-6\">\n\t\t\t\t\t\t<div class=\"post-item\">\t\t\t\n\t\t\t\t\t\t\t<div class=\"post-content\" style=\"background-image:url(https:\/\/ff-woergl.at\/wp-content\/uploads\/2025\/07\/P_FF5132-scaled.jpg)\">\n\t\t\t\t\t\t\t\n\t\t\t\t\t\t\t<div class=\"posted-on\">\n\t\t\t\t\t\t\t<span>21<\/span><span>Juli<\/span>\n\t\t\t\t\t\t\t<\/div>\n\n\t\t\t\t\t\t\t<div class=\"post-info\">\n\t\t\t\t\t\t\t\t<a class=\"first-cat post-cat\" href=\"https:\/\/ff-woergl.at\/index.php\/category\/news-2\/news-2025\/\">News 2025<\/a>\t\n\t\t\t\t\t\t\t\t<h3 class=\"entry-title\"><a href=\"https:\/\/ff-woergl.at\/index.php\/2025\/07\/21\/uebergabe-rlfa-kroatien\/\" rel=\"bookmark\">\u00dcbergabe RLFA | Kroatien<\/a><\/h3>\t\t\t\t\t\t\t<\/div>\n\t\t\t\t\t\t<\/div>\t\n\t\t\t\t\t\t<\/div>\t\t\t\t\n\t\t\t\t\t<\/div>\n\n\t\t\t\t\t\t\t<\/div>\n\t\t<\/div>\t\n\t\t\t\t<\/div>\n\t\t\t\t<\/div>\n\t\t\t\t\t<\/div>\n\t\t<\/div>\n\t\t\t\t\t<\/div>\n\t\t<\/section>\n\t\t\t\t<\/div>\n\t\t","protected":false},"excerpt":{"rendered":"<p>News 10M\u00e4rz Allgemein Neue Hochwassercontainer 7M\u00e4rz Allgemein Eishocky Match | BTF Sandoz vs FF W\u00f6rgl 13Feb. News 2026 Kameradschaft | [&hellip;]<\/p>\n","protected":false},"author":8,"featured_media":0,"parent":0,"menu_order":0,"comment_status":"closed","ping_status":"closed","template":"page-templates\/template_fullwidth.php","meta":{"footnotes":""},"class_list":["post-1022","page","type-page","status-publish","hentry","col-lg-4 col-md-6"],"_links":{"self":[{"href":"https:\/\/ff-woergl.at\/index.php\/wp-json\/wp\/v2\/pages\/1022","targetHints":{"allow":["GET"]}}],"collection":[{"href":"https:\/\/ff-woergl.at\/index.php\/wp-json\/wp\/v2\/pages"}],"about":[{"href":"https:\/\/ff-woergl.at\/index.php\/wp-json\/wp\/v2\/types\/page"}],"author":[{"embeddable":true,"href":"https:\/\/ff-woergl.at\/index.php\/wp-json\/wp\/v2\/users\/8"}],"replies":[{"embeddable":true,"href":"https:\/\/ff-woergl.at\/index.php\/wp-json\/wp\/v2\/comments?post=1022"}],"version-history":[{"count":41,"href":"https:\/\/ff-woergl.at\/index.php\/wp-json\/wp\/v2\/pages\/1022\/revisions"}],"predecessor-version":[{"id":13375,"href":"https:\/\/ff-woergl.at\/index.php\/wp-json\/wp\/v2\/pages\/1022\/revisions\/13375"}],"wp:attachment":[{"href":"https:\/\/ff-woergl.at\/index.php\/wp-json\/wp\/v2\/media?parent=1022"}],"curies":[{"name":"wp","href":"https:\/\/api.w.org\/{rel}","templated":true}]}}