{"id":1013,"date":"2023-01-10T14:47:37","date_gmt":"2023-01-10T13:47:37","guid":{"rendered":"https:\/\/neu.feuerwehr-zirl.at\/?page_id=1013"},"modified":"2024-03-14T17:47:20","modified_gmt":"2024-03-14T16:47:20","slug":"einsatzberichte","status":"publish","type":"page","link":"https:\/\/ff-woergl.at\/index.php\/einsatzberichte\/","title":{"rendered":"Einsatzberichte"},"content":{"rendered":"\t\t<div data-elementor-type=\"wp-page\" data-elementor-id=\"1013\" class=\"elementor elementor-1013\" data-elementor-post-type=\"page\">\n\t\t\t\t\t\t<section class=\"elementor-section elementor-top-section elementor-element elementor-element-7b8f850c elementor-section-boxed elementor-section-height-default elementor-section-height-default\" data-id=\"7b8f850c\" data-element_type=\"section\">\n\t\t\t\t\t\t<div class=\"elementor-container elementor-column-gap-default\">\n\t\t\t\t\t<div class=\"elementor-column elementor-col-100 elementor-top-column elementor-element elementor-element-491da312\" data-id=\"491da312\" data-element_type=\"column\">\n\t\t\t<div class=\"elementor-widget-wrap elementor-element-populated\">\n\t\t\t\t\t\t<div class=\"elementor-element elementor-element-15dd3cf8 elementor-widget elementor-widget-heading\" data-id=\"15dd3cf8\" data-element_type=\"widget\" data-widget_type=\"heading.default\">\n\t\t\t\t<div class=\"elementor-widget-container\">\n\t\t\t<h2 class=\"elementor-heading-title elementor-size-default\">Einsatzberichte<\/h2>\t\t<\/div>\n\t\t\t\t<\/div>\n\t\t\t\t<div class=\"elementor-element elementor-element-e34e26f elementor-widget-divider--view-line elementor-widget elementor-widget-divider\" data-id=\"e34e26f\" data-element_type=\"widget\" data-widget_type=\"divider.default\">\n\t\t\t\t<div class=\"elementor-widget-container\">\n\t\t\t\t\t<div class=\"elementor-divider\">\n\t\t\t<span class=\"elementor-divider-separator\">\n\t\t\t\t\t\t<\/span>\n\t\t<\/div>\n\t\t\t\t<\/div>\n\t\t\t\t<\/div>\n\t\t\t\t\t<\/div>\n\t\t<\/div>\n\t\t\t\t\t<\/div>\n\t\t<\/section>\n\t\t\t\t<section class=\"elementor-section elementor-top-section elementor-element elementor-element-493a44c elementor-section-boxed elementor-section-height-default elementor-section-height-default\" data-id=\"493a44c\" data-element_type=\"section\">\n\t\t\t\t\t\t<div class=\"elementor-container elementor-column-gap-default\">\n\t\t\t\t\t<div class=\"elementor-column elementor-col-100 elementor-top-column elementor-element elementor-element-2735534\" data-id=\"2735534\" data-element_type=\"column\">\n\t\t\t<div class=\"elementor-widget-wrap elementor-element-populated\">\n\t\t\t\t\t\t<div class=\"elementor-element elementor-element-cb11509 elementor-widget elementor-widget-athemes-blog\" data-id=\"cb11509\" data-element_type=\"widget\" data-widget_type=\"athemes-blog.airi_athemes_blog_skin_4\">\n\t\t\t\t<div class=\"elementor-widget-container\">\n\t\t\t\n\t\t<div class=\"athemes-blog airi_athemes_blog_skin_4\">\n\t\t\t<div class=\"row\">\t\n\t\t\t\t\t\t\t\t\t\t\t\t\n\t\t\t\t\t<div class=\"col-md-4 col-sm-6\">\n\t\t\t\t\t\t<div class=\"post-item\">\t\t\t\n\t\t\t\t\t\t\t<div class=\"post-content\" style=\"background-image:url(https:\/\/ff-woergl.at\/wp-content\/uploads\/2025\/11\/4a3fff49-9072-456b-b1c8-0334b7335db9.jpg)\">\n\t\t\t\t\t\t\t\n\t\t\t\t\t\t\t<div class=\"posted-on\">\n\t\t\t\t\t\t\t<span>3<\/span><span>Nov.<\/span>\n\t\t\t\t\t\t\t<\/div>\n\n\t\t\t\t\t\t\t<div class=\"post-info\">\n\t\t\t\t\t\t\t\t<a class=\"first-cat post-cat\" href=\"https:\/\/ff-woergl.at\/index.php\/category\/allgemein\/\">Allgemein<\/a>\t\n\t\t\t\t\t\t\t\t<h3 class=\"entry-title\"><a href=\"https:\/\/ff-woergl.at\/index.php\/2025\/11\/03\/brandwache-halloweenparty-wave\/\" rel=\"bookmark\">Brandwache | Halloweenparty Wave<\/a><\/h3>\t\t\t\t\t\t\t<\/div>\n\t\t\t\t\t\t<\/div>\t\n\t\t\t\t\t\t<\/div>\t\t\t\t\n\t\t\t\t\t<\/div>\n\n\t\t\t\t\t\t\t\t\t\n\t\t\t\t\t<div class=\"col-md-4 col-sm-6\">\n\t\t\t\t\t\t<div class=\"post-item\">\t\t\t\n\t\t\t\t\t\t\t<div class=\"post-content\" style=\"background-image:url(https:\/\/ff-woergl.at\/wp-content\/uploads\/2024\/12\/PKW-Brand-verpixelt.jpg)\">\n\t\t\t\t\t\t\t\n\t\t\t\t\t\t\t<div class=\"posted-on\">\n\t\t\t\t\t\t\t<span>23<\/span><span>Dez.<\/span>\n\t\t\t\t\t\t\t<\/div>\n\n\t\t\t\t\t\t\t<div class=\"post-info\">\n\t\t\t\t\t\t\t\t<a class=\"first-cat post-cat\" href=\"https:\/\/ff-woergl.at\/index.php\/category\/einsaetze\/einsatzberichte2024\/\">Einsatzberichte 2024<\/a>\t\n\t\t\t\t\t\t\t\t<h3 class=\"entry-title\"><a href=\"https:\/\/ff-woergl.at\/index.php\/2024\/12\/23\/brand-fahrzeug-kleinbrand\/\" rel=\"bookmark\">Brand Fahrzeug | Kleinbrand<\/a><\/h3>\t\t\t\t\t\t\t<\/div>\n\t\t\t\t\t\t<\/div>\t\n\t\t\t\t\t\t<\/div>\t\t\t\t\n\t\t\t\t\t<\/div>\n\n\t\t\t\t\t\t\t\t\t\n\t\t\t\t\t<div class=\"col-md-4 col-sm-6\">\n\t\t\t\t\t\t<div class=\"post-item\">\t\t\t\n\t\t\t\t\t\t\t<div class=\"post-content\" style=\"background-image:url(https:\/\/ff-woergl.at\/wp-content\/uploads\/2024\/12\/5fe96c5a-5a74-4ec8-a1c4-a043e242d502.jpg)\">\n\t\t\t\t\t\t\t\n\t\t\t\t\t\t\t<div class=\"posted-on\">\n\t\t\t\t\t\t\t<span>18<\/span><span>Dez.<\/span>\n\t\t\t\t\t\t\t<\/div>\n\n\t\t\t\t\t\t\t<div class=\"post-info\">\n\t\t\t\t\t\t\t\t<a class=\"first-cat post-cat\" href=\"https:\/\/ff-woergl.at\/index.php\/category\/einsaetze\/einsatzberichte2024\/\">Einsatzberichte 2024<\/a>\t\n\t\t\t\t\t\t\t\t<h3 class=\"entry-title\"><a href=\"https:\/\/ff-woergl.at\/index.php\/2024\/12\/18\/thl-oelspur-m4-tiefgarage\/\" rel=\"bookmark\">THL \u00d6lspur | M4 Tiefgarage<\/a><\/h3>\t\t\t\t\t\t\t<\/div>\n\t\t\t\t\t\t<\/div>\t\n\t\t\t\t\t\t<\/div>\t\t\t\t\n\t\t\t\t\t<\/div>\n\n\t\t\t\t\t\t\t\t\t\n\t\t\t\t\t<div class=\"col-md-4 col-sm-6\">\n\t\t\t\t\t\t<div class=\"post-item\">\t\t\t\n\t\t\t\t\t\t\t<div class=\"post-content\" style=\"background-image:url(https:\/\/ff-woergl.at\/wp-content\/uploads\/2024\/12\/7fd05857-638a-42af-9902-cfdb20e8caf2.jpg)\">\n\t\t\t\t\t\t\t\n\t\t\t\t\t\t\t<div class=\"posted-on\">\n\t\t\t\t\t\t\t<span>4<\/span><span>Dez.<\/span>\n\t\t\t\t\t\t\t<\/div>\n\n\t\t\t\t\t\t\t<div class=\"post-info\">\n\t\t\t\t\t\t\t\t<a class=\"first-cat post-cat\" href=\"https:\/\/ff-woergl.at\/index.php\/category\/einsaetze\/einsatzberichte2024\/\">Einsatzberichte 2024<\/a>\t\n\t\t\t\t\t\t\t\t<h3 class=\"entry-title\"><a href=\"https:\/\/ff-woergl.at\/index.php\/2024\/12\/04\/brand-kueche-kontrolle-haus-der-musik\/\" rel=\"bookmark\">Brand K\u00fcche | Kontrolle | Haus der Musik<\/a><\/h3>\t\t\t\t\t\t\t<\/div>\n\t\t\t\t\t\t<\/div>\t\n\t\t\t\t\t\t<\/div>\t\t\t\t\n\t\t\t\t\t<\/div>\n\n\t\t\t\t\t\t\t\t\t\n\t\t\t\t\t<div class=\"col-md-4 col-sm-6\">\n\t\t\t\t\t\t<div class=\"post-item\">\t\t\t\n\t\t\t\t\t\t\t<div class=\"post-content\" style=\"background-image:url(https:\/\/ff-woergl.at\/wp-content\/uploads\/2024\/11\/0aa517dd-d856-417d-8b41-b390f69202ba.jpg)\">\n\t\t\t\t\t\t\t\n\t\t\t\t\t\t\t<div class=\"posted-on\">\n\t\t\t\t\t\t\t<span>15<\/span><span>Nov.<\/span>\n\t\t\t\t\t\t\t<\/div>\n\n\t\t\t\t\t\t\t<div class=\"post-info\">\n\t\t\t\t\t\t\t\t<a class=\"first-cat post-cat\" href=\"https:\/\/ff-woergl.at\/index.php\/category\/einsaetze\/einsatzberichte2024\/\">Einsatzberichte 2024<\/a>\t\n\t\t\t\t\t\t\t\t<h3 class=\"entry-title\"><a href=\"https:\/\/ff-woergl.at\/index.php\/2024\/11\/15\/vu-mit-lkw-treibstoffaustritt-a12\/\" rel=\"bookmark\">VU mit LKW | Treibstoffaustritt | A12<\/a><\/h3>\t\t\t\t\t\t\t<\/div>\n\t\t\t\t\t\t<\/div>\t\n\t\t\t\t\t\t<\/div>\t\t\t\t\n\t\t\t\t\t<\/div>\n\n\t\t\t\t\t\t\t\t\t\n\t\t\t\t\t<div class=\"col-md-4 col-sm-6\">\n\t\t\t\t\t\t<div class=\"post-item\">\t\t\t\n\t\t\t\t\t\t\t<div class=\"post-content\" style=\"background-image:url(https:\/\/ff-woergl.at\/wp-content\/uploads\/2024\/10\/3d149434-38f0-4465-b048-83e3a3001c34-scaled.jpg)\">\n\t\t\t\t\t\t\t\n\t\t\t\t\t\t\t<div class=\"posted-on\">\n\t\t\t\t\t\t\t<span>21<\/span><span>Okt.<\/span>\n\t\t\t\t\t\t\t<\/div>\n\n\t\t\t\t\t\t\t<div class=\"post-info\">\n\t\t\t\t\t\t\t\t<a class=\"first-cat post-cat\" href=\"https:\/\/ff-woergl.at\/index.php\/category\/einsaetze\/einsatzberichte2024\/\">Einsatzberichte 2024<\/a>\t\n\t\t\t\t\t\t\t\t<h3 class=\"entry-title\"><a href=\"https:\/\/ff-woergl.at\/index.php\/2024\/10\/21\/vu-lkw-umgekippt\/\" rel=\"bookmark\">VU | LKW umgekippt<\/a><\/h3>\t\t\t\t\t\t\t<\/div>\n\t\t\t\t\t\t<\/div>\t\n\t\t\t\t\t\t<\/div>\t\t\t\t\n\t\t\t\t\t<\/div>\n\n\t\t\t\t\t\t\t\t\t\n\t\t\t\t\t<div class=\"col-md-4 col-sm-6\">\n\t\t\t\t\t\t<div class=\"post-item\">\t\t\t\n\t\t\t\t\t\t\t<div class=\"post-content\" style=\"background-image:url(https:\/\/ff-woergl.at\/wp-content\/uploads\/2024\/10\/5932015d-98d3-439f-8b9b-9697a9658369.jpg)\">\n\t\t\t\t\t\t\t\n\t\t\t\t\t\t\t<div class=\"posted-on\">\n\t\t\t\t\t\t\t<span>8<\/span><span>Okt.<\/span>\n\t\t\t\t\t\t\t<\/div>\n\n\t\t\t\t\t\t\t<div class=\"post-info\">\n\t\t\t\t\t\t\t\t<a class=\"first-cat post-cat\" href=\"https:\/\/ff-woergl.at\/index.php\/category\/einsaetze\/einsatzberichte2024\/\">Einsatzberichte 2024<\/a>\t\n\t\t\t\t\t\t\t\t<h3 class=\"entry-title\"><a href=\"https:\/\/ff-woergl.at\/index.php\/2024\/10\/08\/gefahrgut-lkw-grattenbruecke\/\" rel=\"bookmark\">Gefahrgut LKW | Grattenbr\u00fccke<\/a><\/h3>\t\t\t\t\t\t\t<\/div>\n\t\t\t\t\t\t<\/div>\t\n\t\t\t\t\t\t<\/div>\t\t\t\t\n\t\t\t\t\t<\/div>\n\n\t\t\t\t\t\t\t\t\t\n\t\t\t\t\t<div class=\"col-md-4 col-sm-6\">\n\t\t\t\t\t\t<div class=\"post-item\">\t\t\t\n\t\t\t\t\t\t\t<div class=\"post-content\" style=\"background-image:url(https:\/\/ff-woergl.at\/wp-content\/uploads\/2024\/09\/2081bc22-5f61-4ae1-abfb-88dacc10594e.jpg)\">\n\t\t\t\t\t\t\t\n\t\t\t\t\t\t\t<div class=\"posted-on\">\n\t\t\t\t\t\t\t<span>16<\/span><span>Sep.<\/span>\n\t\t\t\t\t\t\t<\/div>\n\n\t\t\t\t\t\t\t<div class=\"post-info\">\n\t\t\t\t\t\t\t\t<a class=\"first-cat post-cat\" href=\"https:\/\/ff-woergl.at\/index.php\/category\/einsaetze\/einsatzberichte2024\/\">Einsatzberichte 2024<\/a>\t\n\t\t\t\t\t\t\t\t<h3 class=\"entry-title\"><a href=\"https:\/\/ff-woergl.at\/index.php\/2024\/09\/16\/hochwasser-niederoesterreich-khd-zug\/\" rel=\"bookmark\">Hochwasser Nieder\u00f6sterreich | KHD-Zug<\/a><\/h3>\t\t\t\t\t\t\t<\/div>\n\t\t\t\t\t\t<\/div>\t\n\t\t\t\t\t\t<\/div>\t\t\t\t\n\t\t\t\t\t<\/div>\n\n\t\t\t\t\t\t\t\t\t\n\t\t\t\t\t<div class=\"col-md-4 col-sm-6\">\n\t\t\t\t\t\t<div class=\"post-item\">\t\t\t\n\t\t\t\t\t\t\t<div class=\"post-content\" style=\"background-image:url(https:\/\/ff-woergl.at\/wp-content\/uploads\/2024\/08\/21f40a60-f425-45ce-abd5-ab51b894fe77.jpg)\">\n\t\t\t\t\t\t\t\n\t\t\t\t\t\t\t<div class=\"posted-on\">\n\t\t\t\t\t\t\t<span>31<\/span><span>Aug.<\/span>\n\t\t\t\t\t\t\t<\/div>\n\n\t\t\t\t\t\t\t<div class=\"post-info\">\n\t\t\t\t\t\t\t\t<a class=\"first-cat post-cat\" href=\"https:\/\/ff-woergl.at\/index.php\/category\/einsaetze\/einsatzberichte2024\/\">Einsatzberichte 2024<\/a>\t\n\t\t\t\t\t\t\t\t<h3 class=\"entry-title\"><a href=\"https:\/\/ff-woergl.at\/index.php\/2024\/08\/31\/brand-fassade-efh-niederau\/\" rel=\"bookmark\">Brand Fassade | EFH | Niederau<\/a><\/h3>\t\t\t\t\t\t\t<\/div>\n\t\t\t\t\t\t<\/div>\t\n\t\t\t\t\t\t<\/div>\t\t\t\t\n\t\t\t\t\t<\/div>\n\n\t\t\t\t\t\t\t\t\t\n\t\t\t\t\t<div class=\"col-md-4 col-sm-6\">\n\t\t\t\t\t\t<div class=\"post-item\">\t\t\t\n\t\t\t\t\t\t\t<div class=\"post-content\" style=\"background-image:url(https:\/\/ff-woergl.at\/wp-content\/uploads\/2024\/08\/Titel.jpg)\">\n\t\t\t\t\t\t\t\n\t\t\t\t\t\t\t<div class=\"posted-on\">\n\t\t\t\t\t\t\t<span>23<\/span><span>Aug.<\/span>\n\t\t\t\t\t\t\t<\/div>\n\n\t\t\t\t\t\t\t<div class=\"post-info\">\n\t\t\t\t\t\t\t\t<a class=\"first-cat post-cat\" href=\"https:\/\/ff-woergl.at\/index.php\/category\/einsaetze\/einsatzberichte2024\/\">Einsatzberichte 2024<\/a>\t\n\t\t\t\t\t\t\t\t<h3 class=\"entry-title\"><a href=\"https:\/\/ff-woergl.at\/index.php\/2024\/08\/23\/thl-milchtank-umgestuerzt\/\" rel=\"bookmark\">THL | Milchtank umgest\u00fcrzt<\/a><\/h3>\t\t\t\t\t\t\t<\/div>\n\t\t\t\t\t\t<\/div>\t\n\t\t\t\t\t\t<\/div>\t\t\t\t\n\t\t\t\t\t<\/div>\n\n\t\t\t\t\t\t\t\t\t\n\t\t\t\t\t<div class=\"col-md-4 col-sm-6\">\n\t\t\t\t\t\t<div class=\"post-item\">\t\t\t\n\t\t\t\t\t\t\t<div class=\"post-content\" style=\"background-image:url(https:\/\/ff-woergl.at\/wp-content\/uploads\/2024\/08\/IMG_2854-scaled.jpg)\">\n\t\t\t\t\t\t\t\n\t\t\t\t\t\t\t<div class=\"posted-on\">\n\t\t\t\t\t\t\t<span>17<\/span><span>Aug.<\/span>\n\t\t\t\t\t\t\t<\/div>\n\n\t\t\t\t\t\t\t<div class=\"post-info\">\n\t\t\t\t\t\t\t\t<a class=\"first-cat post-cat\" href=\"https:\/\/ff-woergl.at\/index.php\/category\/einsaetze\/einsatzberichte2024\/\">Einsatzberichte 2024<\/a>\t\n\t\t\t\t\t\t\t\t<h3 class=\"entry-title\"><a href=\"https:\/\/ff-woergl.at\/index.php\/2024\/08\/17\/unwetterereignis-stadtgebiet\/\" rel=\"bookmark\">Unwetterereignis | Stadtgebiet<\/a><\/h3>\t\t\t\t\t\t\t<\/div>\n\t\t\t\t\t\t<\/div>\t\n\t\t\t\t\t\t<\/div>\t\t\t\t\n\t\t\t\t\t<\/div>\n\n\t\t\t\t\t\t\t\t\t\n\t\t\t\t\t<div class=\"col-md-4 col-sm-6\">\n\t\t\t\t\t\t<div class=\"post-item\">\t\t\t\n\t\t\t\t\t\t\t<div class=\"post-content\" style=\"background-image:url(https:\/\/ff-woergl.at\/wp-content\/uploads\/2024\/08\/bild3.jpg)\">\n\t\t\t\t\t\t\t\n\t\t\t\t\t\t\t<div class=\"posted-on\">\n\t\t\t\t\t\t\t<span>13<\/span><span>Aug.<\/span>\n\t\t\t\t\t\t\t<\/div>\n\n\t\t\t\t\t\t\t<div class=\"post-info\">\n\t\t\t\t\t\t\t\t<a class=\"first-cat post-cat\" href=\"https:\/\/ff-woergl.at\/index.php\/category\/einsaetze\/einsatzberichte2024\/\">Einsatzberichte 2024<\/a>\t\n\t\t\t\t\t\t\t\t<h3 class=\"entry-title\"><a href=\"https:\/\/ff-woergl.at\/index.php\/2024\/08\/13\/brand-mfh-brennende-couch\/\" rel=\"bookmark\">Brand MFH | brennende Couch<\/a><\/h3>\t\t\t\t\t\t\t<\/div>\n\t\t\t\t\t\t<\/div>\t\n\t\t\t\t\t\t<\/div>\t\t\t\t\n\t\t\t\t\t<\/div>\n\n\t\t\t\t\t\t\t\t\t\n\t\t\t\t\t<div class=\"col-md-4 col-sm-6\">\n\t\t\t\t\t\t<div class=\"post-item\">\t\t\t\n\t\t\t\t\t\t\t<div class=\"post-content\" style=\"background-image:url(https:\/\/ff-woergl.at\/wp-content\/uploads\/2024\/08\/IMG_8345-scaled.jpg)\">\n\t\t\t\t\t\t\t\n\t\t\t\t\t\t\t<div class=\"posted-on\">\n\t\t\t\t\t\t\t<span>7<\/span><span>Aug.<\/span>\n\t\t\t\t\t\t\t<\/div>\n\n\t\t\t\t\t\t\t<div class=\"post-info\">\n\t\t\t\t\t\t\t\t<a class=\"first-cat post-cat\" href=\"https:\/\/ff-woergl.at\/index.php\/category\/einsaetze\/einsatzberichte2024\/\">Einsatzberichte 2024<\/a>\t\n\t\t\t\t\t\t\t\t<h3 class=\"entry-title\"><a href=\"https:\/\/ff-woergl.at\/index.php\/2024\/08\/07\/unwettereinsaetze-stadtgebiet\/\" rel=\"bookmark\">Unwettereins\u00e4tze | Stadtgebiet<\/a><\/h3>\t\t\t\t\t\t\t<\/div>\n\t\t\t\t\t\t<\/div>\t\n\t\t\t\t\t\t<\/div>\t\t\t\t\n\t\t\t\t\t<\/div>\n\n\t\t\t\t\t\t\t\t\t\n\t\t\t\t\t<div class=\"col-md-4 col-sm-6\">\n\t\t\t\t\t\t<div class=\"post-item\">\t\t\t\n\t\t\t\t\t\t\t<div class=\"post-content\" style=\"background-image:url(https:\/\/ff-woergl.at\/wp-content\/uploads\/2024\/08\/bild1-1.jpg)\">\n\t\t\t\t\t\t\t\n\t\t\t\t\t\t\t<div class=\"posted-on\">\n\t\t\t\t\t\t\t<span>1<\/span><span>Aug.<\/span>\n\t\t\t\t\t\t\t<\/div>\n\n\t\t\t\t\t\t\t<div class=\"post-info\">\n\t\t\t\t\t\t\t\t<a class=\"first-cat post-cat\" href=\"https:\/\/ff-woergl.at\/index.php\/category\/einsaetze\/einsatzberichte2024\/\">Einsatzberichte 2024<\/a>\t\n\t\t\t\t\t\t\t\t<h3 class=\"entry-title\"><a href=\"https:\/\/ff-woergl.at\/index.php\/2024\/08\/01\/brand-mfh-balkonbrand-2\/\" rel=\"bookmark\">Brand MFH | Balkonbrand<\/a><\/h3>\t\t\t\t\t\t\t<\/div>\n\t\t\t\t\t\t<\/div>\t\n\t\t\t\t\t\t<\/div>\t\t\t\t\n\t\t\t\t\t<\/div>\n\n\t\t\t\t\t\t\t\t\t\n\t\t\t\t\t<div class=\"col-md-4 col-sm-6\">\n\t\t\t\t\t\t<div class=\"post-item\">\t\t\t\n\t\t\t\t\t\t\t<div class=\"post-content\" style=\"background-image:url(https:\/\/ff-woergl.at\/wp-content\/uploads\/2024\/07\/IMG_20240722_143352-scaled.jpg)\">\n\t\t\t\t\t\t\t\n\t\t\t\t\t\t\t<div class=\"posted-on\">\n\t\t\t\t\t\t\t<span>22<\/span><span>Juli<\/span>\n\t\t\t\t\t\t\t<\/div>\n\n\t\t\t\t\t\t\t<div class=\"post-info\">\n\t\t\t\t\t\t\t\t<a class=\"first-cat post-cat\" href=\"https:\/\/ff-woergl.at\/index.php\/category\/einsaetze\/einsatzberichte2024\/\">Einsatzberichte 2024<\/a>\t\n\t\t\t\t\t\t\t\t<h3 class=\"entry-title\"><a href=\"https:\/\/ff-woergl.at\/index.php\/2024\/07\/22\/lkw-unfall-a12\/\" rel=\"bookmark\">LKW-Unfall | A12<\/a><\/h3>\t\t\t\t\t\t\t<\/div>\n\t\t\t\t\t\t<\/div>\t\n\t\t\t\t\t\t<\/div>\t\t\t\t\n\t\t\t\t\t<\/div>\n\n\t\t\t\t\t\t\t\t\t\n\t\t\t\t\t<div class=\"col-md-4 col-sm-6\">\n\t\t\t\t\t\t<div class=\"post-item\">\t\t\t\n\t\t\t\t\t\t\t<div class=\"post-content\" style=\"background-image:url(https:\/\/ff-woergl.at\/wp-content\/uploads\/2024\/07\/P_FF7271-scaled.jpg)\">\n\t\t\t\t\t\t\t\n\t\t\t\t\t\t\t<div class=\"posted-on\">\n\t\t\t\t\t\t\t<span>15<\/span><span>Juli<\/span>\n\t\t\t\t\t\t\t<\/div>\n\n\t\t\t\t\t\t\t<div class=\"post-info\">\n\t\t\t\t\t\t\t\t<a class=\"first-cat post-cat\" href=\"https:\/\/ff-woergl.at\/index.php\/category\/einsaetze\/einsatzberichte2024\/\">Einsatzberichte 2024<\/a>\t\n\t\t\t\t\t\t\t\t<h3 class=\"entry-title\"><a href=\"https:\/\/ff-woergl.at\/index.php\/2024\/07\/15\/fahrzeugabsturz-wildschoenau\/\" rel=\"bookmark\">Fahrzeugabsturz | Wildsch\u00f6nau<\/a><\/h3>\t\t\t\t\t\t\t<\/div>\n\t\t\t\t\t\t<\/div>\t\n\t\t\t\t\t\t<\/div>\t\t\t\t\n\t\t\t\t\t<\/div>\n\n\t\t\t\t\t\t\t\t\t\n\t\t\t\t\t<div class=\"col-md-4 col-sm-6\">\n\t\t\t\t\t\t<div class=\"post-item\">\t\t\t\n\t\t\t\t\t\t\t<div class=\"post-content\" style=\"background-image:url(https:\/\/ff-woergl.at\/wp-content\/uploads\/2024\/07\/IMG_0467-scaled.jpg)\">\n\t\t\t\t\t\t\t\n\t\t\t\t\t\t\t<div class=\"posted-on\">\n\t\t\t\t\t\t\t<span>6<\/span><span>Juli<\/span>\n\t\t\t\t\t\t\t<\/div>\n\n\t\t\t\t\t\t\t<div class=\"post-info\">\n\t\t\t\t\t\t\t\t<a class=\"first-cat post-cat\" href=\"https:\/\/ff-woergl.at\/index.php\/category\/einsaetze\/einsatzberichte2024\/\">Einsatzberichte 2024<\/a>\t\n\t\t\t\t\t\t\t\t<h3 class=\"entry-title\"><a href=\"https:\/\/ff-woergl.at\/index.php\/2024\/07\/06\/brandsicherheitswache-stadtfest\/\" rel=\"bookmark\">Brandwache | Stadtfest 2024<\/a><\/h3>\t\t\t\t\t\t\t<\/div>\n\t\t\t\t\t\t<\/div>\t\n\t\t\t\t\t\t<\/div>\t\t\t\t\n\t\t\t\t\t<\/div>\n\n\t\t\t\t\t\t\t\t\t\n\t\t\t\t\t<div class=\"col-md-4 col-sm-6\">\n\t\t\t\t\t\t<div class=\"post-item\">\t\t\t\n\t\t\t\t\t\t\t<div class=\"post-content\" style=\"background-image:url(https:\/\/ff-woergl.at\/wp-content\/uploads\/2024\/06\/01056504-scaled.jpeg)\">\n\t\t\t\t\t\t\t\n\t\t\t\t\t\t\t<div class=\"posted-on\">\n\t\t\t\t\t\t\t<span>25<\/span><span>Juni<\/span>\n\t\t\t\t\t\t\t<\/div>\n\n\t\t\t\t\t\t\t<div class=\"post-info\">\n\t\t\t\t\t\t\t\t<a class=\"first-cat post-cat\" href=\"https:\/\/ff-woergl.at\/index.php\/category\/einsaetze\/einsatzberichte2024\/\">Einsatzberichte 2024<\/a>\t\n\t\t\t\t\t\t\t\t<h3 class=\"entry-title\"><a href=\"https:\/\/ff-woergl.at\/index.php\/2024\/06\/25\/tierrettung-wasserversorgung\/\" rel=\"bookmark\">Tierrettung | Wasserversorgung<\/a><\/h3>\t\t\t\t\t\t\t<\/div>\n\t\t\t\t\t\t<\/div>\t\n\t\t\t\t\t\t<\/div>\t\t\t\t\n\t\t\t\t\t<\/div>\n\n\t\t\t\t\t\t\t\t\t\n\t\t\t\t\t<div class=\"col-md-4 col-sm-6\">\n\t\t\t\t\t\t<div class=\"post-item\">\t\t\t\n\t\t\t\t\t\t\t<div class=\"post-content\" style=\"background-image:url(https:\/\/ff-woergl.at\/wp-content\/uploads\/2024\/06\/P_FF6465-scaled.jpg)\">\n\t\t\t\t\t\t\t\n\t\t\t\t\t\t\t<div class=\"posted-on\">\n\t\t\t\t\t\t\t<span>25<\/span><span>Juni<\/span>\n\t\t\t\t\t\t\t<\/div>\n\n\t\t\t\t\t\t\t<div class=\"post-info\">\n\t\t\t\t\t\t\t\t<a class=\"first-cat post-cat\" href=\"https:\/\/ff-woergl.at\/index.php\/category\/einsaetze\/einsatzberichte2024\/\">Einsatzberichte 2024<\/a>\t\n\t\t\t\t\t\t\t\t<h3 class=\"entry-title\"><a href=\"https:\/\/ff-woergl.at\/index.php\/2024\/06\/25\/kellerbrand-kirchbichl\/\" rel=\"bookmark\">Kellerbrand | Kirchbichl<\/a><\/h3>\t\t\t\t\t\t\t<\/div>\n\t\t\t\t\t\t<\/div>\t\n\t\t\t\t\t\t<\/div>\t\t\t\t\n\t\t\t\t\t<\/div>\n\n\t\t\t\t\t\t\t\t\t\n\t\t\t\t\t<div class=\"col-md-4 col-sm-6\">\n\t\t\t\t\t\t<div class=\"post-item\">\t\t\t\n\t\t\t\t\t\t\t<div class=\"post-content\" style=\"background-image:url(https:\/\/ff-woergl.at\/wp-content\/uploads\/2024\/06\/bb1d9589-d03f-4260-9170-172238bed508.jpg)\">\n\t\t\t\t\t\t\t\n\t\t\t\t\t\t\t<div class=\"posted-on\">\n\t\t\t\t\t\t\t<span>21<\/span><span>Juni<\/span>\n\t\t\t\t\t\t\t<\/div>\n\n\t\t\t\t\t\t\t<div class=\"post-info\">\n\t\t\t\t\t\t\t\t<a class=\"first-cat post-cat\" href=\"https:\/\/ff-woergl.at\/index.php\/category\/einsaetze\/einsatzberichte2024\/\">Einsatzberichte 2024<\/a>\t\n\t\t\t\t\t\t\t\t<h3 class=\"entry-title\"><a href=\"https:\/\/ff-woergl.at\/index.php\/2024\/06\/21\/verkehrsunfall-a12-kastenwagen\/\" rel=\"bookmark\">Verkehrsunfall A12 | Kastenwagen<\/a><\/h3>\t\t\t\t\t\t\t<\/div>\n\t\t\t\t\t\t<\/div>\t\n\t\t\t\t\t\t<\/div>\t\t\t\t\n\t\t\t\t\t<\/div>\n\n\t\t\t\t\t\t\t\t\t\n\t\t\t\t\t<div class=\"col-md-4 col-sm-6\">\n\t\t\t\t\t\t<div class=\"post-item\">\t\t\t\n\t\t\t\t\t\t\t<div class=\"post-content\" style=\"background-image:url(https:\/\/ff-woergl.at\/wp-content\/uploads\/2024\/06\/1845d1b2-c421-485f-875f-0111c23b1b58.jpg)\">\n\t\t\t\t\t\t\t\n\t\t\t\t\t\t\t<div class=\"posted-on\">\n\t\t\t\t\t\t\t<span>21<\/span><span>Juni<\/span>\n\t\t\t\t\t\t\t<\/div>\n\n\t\t\t\t\t\t\t<div class=\"post-info\">\n\t\t\t\t\t\t\t\t<a class=\"first-cat post-cat\" href=\"https:\/\/ff-woergl.at\/index.php\/category\/einsaetze\/einsatzberichte2024\/\">Einsatzberichte 2024<\/a>\t\n\t\t\t\t\t\t\t\t<h3 class=\"entry-title\"><a href=\"https:\/\/ff-woergl.at\/index.php\/2024\/06\/21\/verkehrsunfall-lkw-gewerbepark\/\" rel=\"bookmark\">Verkehrsunfall LKW | Gewerbepark<\/a><\/h3>\t\t\t\t\t\t\t<\/div>\n\t\t\t\t\t\t<\/div>\t\n\t\t\t\t\t\t<\/div>\t\t\t\t\n\t\t\t\t\t<\/div>\n\n\t\t\t\t\t\t\t\t\t\n\t\t\t\t\t<div class=\"col-md-4 col-sm-6\">\n\t\t\t\t\t\t<div class=\"post-item\">\t\t\t\n\t\t\t\t\t\t\t<div class=\"post-content\" style=\"background-image:url(https:\/\/ff-woergl.at\/wp-content\/uploads\/2024\/06\/fdf82c9e-d0c4-4d29-8e4f-64610bbab1ab.jpg)\">\n\t\t\t\t\t\t\t\n\t\t\t\t\t\t\t<div class=\"posted-on\">\n\t\t\t\t\t\t\t<span>9<\/span><span>Juni<\/span>\n\t\t\t\t\t\t\t<\/div>\n\n\t\t\t\t\t\t\t<div class=\"post-info\">\n\t\t\t\t\t\t\t\t<a class=\"first-cat post-cat\" href=\"https:\/\/ff-woergl.at\/index.php\/category\/allgemein\/\">Allgemein<\/a>\t\n\t\t\t\t\t\t\t\t<h3 class=\"entry-title\"><a href=\"https:\/\/ff-woergl.at\/index.php\/2024\/06\/09\/unwettereinsaetze-schwoich\/\" rel=\"bookmark\">Unwettereins\u00e4tze | Schwoich<\/a><\/h3>\t\t\t\t\t\t\t<\/div>\n\t\t\t\t\t\t<\/div>\t\n\t\t\t\t\t\t<\/div>\t\t\t\t\n\t\t\t\t\t<\/div>\n\n\t\t\t\t\t\t\t\t\t\n\t\t\t\t\t<div class=\"col-md-4 col-sm-6\">\n\t\t\t\t\t\t<div class=\"post-item\">\t\t\t\n\t\t\t\t\t\t\t<div class=\"post-content\" style=\"background-image:url(https:\/\/ff-woergl.at\/wp-content\/uploads\/2024\/06\/31ac260b-167d-4755-ab3b-21793b639c46.jpg)\">\n\t\t\t\t\t\t\t\n\t\t\t\t\t\t\t<div class=\"posted-on\">\n\t\t\t\t\t\t\t<span>8<\/span><span>Juni<\/span>\n\t\t\t\t\t\t\t<\/div>\n\n\t\t\t\t\t\t\t<div class=\"post-info\">\n\t\t\t\t\t\t\t\t<a class=\"first-cat post-cat\" href=\"https:\/\/ff-woergl.at\/index.php\/category\/einsaetze\/einsatzberichte2024\/\">Einsatzberichte 2024<\/a>\t\n\t\t\t\t\t\t\t\t<h3 class=\"entry-title\"><a href=\"https:\/\/ff-woergl.at\/index.php\/2024\/06\/08\/wasserschaeden-stadtgebiet-woergl\/\" rel=\"bookmark\">Wassersch\u00e4den | Stadtgebiet W\u00f6rgl<\/a><\/h3>\t\t\t\t\t\t\t<\/div>\n\t\t\t\t\t\t<\/div>\t\n\t\t\t\t\t\t<\/div>\t\t\t\t\n\t\t\t\t\t<\/div>\n\n\t\t\t\t\t\t\t\t\t\n\t\t\t\t\t<div class=\"col-md-4 col-sm-6\">\n\t\t\t\t\t\t<div class=\"post-item\">\t\t\t\n\t\t\t\t\t\t\t<div class=\"post-content\" style=\"background-image:url(https:\/\/ff-woergl.at\/wp-content\/uploads\/2024\/06\/IMG_20240608_093107-scaled.jpg)\">\n\t\t\t\t\t\t\t\n\t\t\t\t\t\t\t<div class=\"posted-on\">\n\t\t\t\t\t\t\t<span>8<\/span><span>Juni<\/span>\n\t\t\t\t\t\t\t<\/div>\n\n\t\t\t\t\t\t\t<div class=\"post-info\">\n\t\t\t\t\t\t\t\t<a class=\"first-cat post-cat\" href=\"https:\/\/ff-woergl.at\/index.php\/category\/einsaetze\/einsatzberichte2024\/\">Einsatzberichte 2024<\/a>\t\n\t\t\t\t\t\t\t\t<h3 class=\"entry-title\"><a href=\"https:\/\/ff-woergl.at\/index.php\/2024\/06\/08\/dach-abgedeckt-sicherungsarbeiten\/\" rel=\"bookmark\">Dach abgedeckt | Sicherungsarbeiten<\/a><\/h3>\t\t\t\t\t\t\t<\/div>\n\t\t\t\t\t\t<\/div>\t\n\t\t\t\t\t\t<\/div>\t\t\t\t\n\t\t\t\t\t<\/div>\n\n\t\t\t\t\t\t\t<\/div>\n\t\t<\/div>\t\n\t\t\t\t<\/div>\n\t\t\t\t<\/div>\n\t\t\t\t\t<\/div>\n\t\t<\/div>\n\t\t\t\t\t<\/div>\n\t\t<\/section>\n\t\t\t\t<\/div>\n\t\t","protected":false},"excerpt":{"rendered":"<p>Einsatzberichte 3Mrz Einsatzberichte 2024 Unterst\u00fctzung Rettungsdienst 23Feb Einsatzberichte 2024 Unterst\u00fctzung Rettungsdienst 18Feb Einsatzberichte 2024 Wohnungsbrand | F. Schubert-Stra\u00dfe 25Jan Einsatzberichte [&hellip;]<\/p>\n","protected":false},"author":8,"featured_media":0,"parent":0,"menu_order":0,"comment_status":"closed","ping_status":"closed","template":"page-templates\/template_fullwidth.php","meta":{"footnotes":""},"class_list":["post-1013","page","type-page","status-publish","hentry","col-lg-4 col-md-6"],"_links":{"self":[{"href":"https:\/\/ff-woergl.at\/index.php\/wp-json\/wp\/v2\/pages\/1013","targetHints":{"allow":["GET"]}}],"collection":[{"href":"https:\/\/ff-woergl.at\/index.php\/wp-json\/wp\/v2\/pages"}],"about":[{"href":"https:\/\/ff-woergl.at\/index.php\/wp-json\/wp\/v2\/types\/page"}],"author":[{"embeddable":true,"href":"https:\/\/ff-woergl.at\/index.php\/wp-json\/wp\/v2\/users\/8"}],"replies":[{"embeddable":true,"href":"https:\/\/ff-woergl.at\/index.php\/wp-json\/wp\/v2\/comments?post=1013"}],"version-history":[{"count":15,"href":"https:\/\/ff-woergl.at\/index.php\/wp-json\/wp\/v2\/pages\/1013\/revisions"}],"predecessor-version":[{"id":7866,"href":"https:\/\/ff-woergl.at\/index.php\/wp-json\/wp\/v2\/pages\/1013\/revisions\/7866"}],"wp:attachment":[{"href":"https:\/\/ff-woergl.at\/index.php\/wp-json\/wp\/v2\/media?parent=1013"}],"curies":[{"name":"wp","href":"https:\/\/api.w.org\/{rel}","templated":true}]}}